{"id":567,"date":"2024-02-29T08:43:55","date_gmt":"2024-02-29T07:43:55","guid":{"rendered":"https:\/\/34.88.231.180\/?post_type=product&#038;p=567"},"modified":"2026-05-01T00:23:46","modified_gmt":"2026-04-30T22:23:46","slug":"egg-white-isolate","status":"publish","type":"product","link":"https:\/\/www.selfprotein.com\/de\/produkt\/egg-white-isolate\/","title":{"rendered":"Egg White Isolate"},"content":{"rendered":"<p style=\"text-align: left;\" align=\"center\"><strong><span lang=\"en-US\">Egg White Isolate<\/span><\/strong><\/p>\n<p><span lang=\"en-US\">Eiklarprotein dient als vollst\u00e4ndige und nat\u00fcrliche Proteinquelle. Diese Proteinquelle ist reich an essentiellen Aminos\u00e4uren, die f\u00fcr biologische Prozesse und den Muskelaufbau wichtig sind, und wird h\u00e4ufig als Nahrungserg\u00e4nzungsmittel verwendet. Eiklarprotein stellt eine wertvolle Option f\u00fcr diejenigen dar, die Vorteile f\u00fcr Muskelwachstum, Gewichtsmanagement und S\u00e4ttigung suchen, und ist au\u00dferdem eine laktosefreie L\u00f6sung f\u00fcr Menschen mit Milchallergien oder -unvertr\u00e4glichkeiten.<\/span><\/p>\n<p><span lang=\"en-US\">Vorteile von Eiwei\u00dfisolat:<\/span><\/p>\n<ul>\n<li><strong><span lang=\"en-US\">Vollst\u00e4ndige Proteinquelle:<\/span><\/strong><span lang=\"en-US\"> Eiklarprotein liefert alle essentiellen Aminos\u00e4uren, die f\u00fcr den Aufbau und die Erhaltung der Muskelmasse notwendig sind, und unterst\u00fctzt verschiedene lebenswichtige biologische Prozesse im K\u00f6rper.<\/span><\/li>\n<li><strong><span lang=\"en-US\">Unterst\u00fctzung des Muskelwachstums und der Muskelreparatur:<\/span><\/strong><span lang=\"en-US\"> Mit seinem Reichtum an Aminos\u00e4uren ist das Eiwei\u00df ein wertvoller Verb\u00fcndeter f\u00fcr Sportler und Fitnessbegeisterte, die das Muskelwachstum f\u00f6rdern und den Reparaturprozess nach dem Training beschleunigen wollen.<\/span><\/li>\n<li><strong><span lang=\"en-US\">Gewichtsmanagement: <\/span><\/strong><span lang=\"en-US\">Als Teil einer ausgewogenen Ern\u00e4hrung kann diese Proteinquelle zur Gewichtskontrolle beitragen, da sie eine N\u00e4hrstoffquelle darstellt, die hilft, die magere Masse w\u00e4hrend des Fettabbaus zu erhalten.<\/span><\/li>\n<li><strong><span lang=\"en-US\">Lang anhaltende S\u00e4ttigung:<\/span><\/strong><span lang=\"en-US\"> Eiwei\u00df kann dazu beitragen, das S\u00e4ttigungsgef\u00fchl zu verl\u00e4ngern, den Appetit zu kontrollieren und das Risiko unn\u00f6tiger Naschereien zu verringern.<\/span><\/li>\n<li><strong><span lang=\"en-US\">Laktosefreie Alternative:<\/span><\/strong><span lang=\"en-US\"> Da Eiklarprotein laktosefrei ist, stellt es eine ideale Alternative f\u00fcr diejenigen dar, die aufgrund von Allergien oder Unvertr\u00e4glichkeiten auf Milchprodukte verzichten m\u00fcssen.<\/span><\/li>\n<\/ul>\n<p>&nbsp;<\/p>\n<p><strong><span lang=\"en-US\">Empfohlene Verwendung<\/span><\/strong><\/p>\n<p><span lang=\"en-US\">1 bis 3 Portionen pro Tag je nach Bedarf, unter Ber\u00fccksichtigung anderer Proteinquellen in der Ern\u00e4hrung.<\/span><\/p>\n<p>&nbsp;<\/p>\n<p><strong>Hinweis:<\/strong><\/p>\n<ul>\n<li>Nur f\u00fcr Erwachsene und ersetzt nicht eine abwechslungsreiche, ausgewogene Ern\u00e4hrung und eine gesunde Lebensweise.<\/li>\n<li>\u00dcberschreiten Sie nicht die empfohlene Dosis.<\/li>\n<li>Empfohlene Tagesdosis: 1 Messl\u00f6ffel (ca. 30 g) mit 200 ml Wasser in einem Shaker mischen.<\/li>\n<li>Verwenden Sie es nicht w\u00e4hrend der Stillzeit, Schwangerschaft Perioden ohne R\u00fccksprache mit dem Arzt.<\/li>\n<li>Lagern Sie das Produkt an einem k\u00fchlen, trockenen Ort in einer gut verschlossenen Verpackung au\u00dferhalb der Reichweite von Kindern unter 3 Jahren.<\/li>\n<li>Kann Spuren von Milch, Hafer, Ei und Soja enthalten.<\/li>\n<li>Laktosefrei und Glutenfrei.<\/li>\n<\/ul>","protected":false},"excerpt":{"rendered":"<p>Eiklarisolat Eiklarprotein dient als vollst\u00e4ndige und nat\u00fcrliche Proteinquelle. Es ist reich an essentiellen Aminos\u00e4uren, die f\u00fcr biologische Prozesse und den Muskelaufbau wichtig sind, und wird h\u00e4ufig als Nahrungserg\u00e4nzungsmittel verwendet. Eiklarprotein stellt eine wertvolle Option f\u00fcr diejenigen dar, die Vorteile f\u00fcr das Muskelwachstum, die Gewichtskontrolle und die S\u00e4ttigung suchen, [...]<\/p>","protected":false},"featured_media":15166,"template":"","meta":[],"product_cat":[158,308],"product_tag":[18,318],"class_list":{"0":"post-567","1":"product","2":"type-product","3":"status-publish","4":"has-post-thumbnail","6":"product_cat-proteins","7":"product_cat-strength-and-muscle-mass","8":"product_tag-proteins","9":"product_tag-strength-and-muscle-mass","11":"first","12":"instock","13":"taxable","14":"shipping-taxable","15":"purchasable","16":"product-type-variable"},"aioseo_notices":[],"_links":{"self":[{"href":"https:\/\/www.selfprotein.com\/de\/wp-json\/wp\/v2\/product\/567"}],"collection":[{"href":"https:\/\/www.selfprotein.com\/de\/wp-json\/wp\/v2\/product"}],"about":[{"href":"https:\/\/www.selfprotein.com\/de\/wp-json\/wp\/v2\/types\/product"}],"wp:featuredmedia":[{"embeddable":true,"href":"https:\/\/www.selfprotein.com\/de\/wp-json\/wp\/v2\/media\/15166"}],"wp:attachment":[{"href":"https:\/\/www.selfprotein.com\/de\/wp-json\/wp\/v2\/media?parent=567"}],"wp:term":[{"taxonomy":"product_cat","embeddable":true,"href":"https:\/\/www.selfprotein.com\/de\/wp-json\/wp\/v2\/product_cat?post=567"},{"taxonomy":"product_tag","embeddable":true,"href":"https:\/\/www.selfprotein.com\/de\/wp-json\/wp\/v2\/product_tag?post=567"}],"curies":[{"name":"wp","href":"https:\/\/api.w.org\/{rel}","templated":true}]}}