{"id":576,"date":"2023-11-27T13:18:58","date_gmt":"2023-11-27T12:18:58","guid":{"rendered":"https:\/\/34.88.231.180\/product\/essential-amino\/"},"modified":"2026-04-01T00:00:15","modified_gmt":"2026-03-31T22:00:15","slug":"essential-amino-acids","status":"publish","type":"product","link":"https:\/\/www.selfprotein.com\/de\/produkt\/essential-amino-acids\/","title":{"rendered":"Essential Amino Acids"},"content":{"rendered":"<p style=\"text-align: left;\" align=\"center\"><strong><span lang=\"en-US\">Essential Amino Acids<\/span><\/strong><\/p>\n<p><span lang=\"en-US\">Essentielle Aminos\u00e4uren (EAAs) sind Aminos\u00e4uren, die der K\u00f6rper nicht selbst herstellen kann und die \u00fcber die Nahrung aufgenommen werden m\u00fcssen. Diese Aminos\u00e4uren spielen eine entscheidende Rolle bei der Proteinsynthese und sind daher wichtig f\u00fcr den Muskelaufbau und die Muskelreparatur, was f\u00fcr Sportler von Vorteil sein kann.<\/span><\/p>\n<p><span lang=\"en-US\">Vorteile der essentiellen Aminos\u00e4uren:<\/span><\/p>\n<ul>\n<li><strong><span lang=\"en-US\">Unterst\u00fctzung f\u00fcr das Muskelwachstum<\/span><\/strong><span lang=\"en-US\"><strong>:<\/strong> EAAs sind f\u00fcr die Muskelproteinsynthese unerl\u00e4sslich und k\u00f6nnen das Wachstum und die Reparatur der Muskeln nach dem Training unterst\u00fctzen.<\/span><\/li>\n<li><strong><span lang=\"en-US\">Verbesserte Erholung:<\/span><\/strong><span lang=\"en-US\"> EAAs k\u00f6nnen zu einer besseren Erholung nach k\u00f6rperlicher Anstrengung beitragen, indem sie Muskelsch\u00e4den und Entz\u00fcndungen verringern.<\/span><\/li>\n<li><strong><span lang=\"en-US\">Erh\u00f6hte Ausdauer:<\/span><\/strong><span lang=\"en-US\"> EAAs k\u00f6nnen zur Steigerung der Ausdauer beitragen, indem sie den Abbau von Muskelgewebe w\u00e4hrend des Trainings reduzieren und die Energieproduktion unterst\u00fctzen.<\/span><\/li>\n<li><strong><span lang=\"en-US\">Unterst\u00fctzung der Immunfunktion: <\/span><\/strong><span lang=\"en-US\">EAAs sind wichtig f\u00fcr die Immunfunktion, was f\u00fcr Sportler, die aufgrund hoher k\u00f6rperlicher Aktivit\u00e4t infektionsgef\u00e4hrdet sind, von Vorteil sein kann.<\/span><\/li>\n<\/ul>\n<p><\/p>\n<p><strong><span lang=\"en-US\">Empfohlene Verwendung<\/span><\/strong><\/p>\n<p><span lang=\"en-US\">1 Portion pro Tag, die vor, w\u00e4hrend oder nach der k\u00f6rperlichen Aktivit\u00e4t oder \u00fcber den Tag verteilt eingenommen wird.<\/span>\n<\/p>\n<p><strong>Hinweis:<\/strong><\/p>\n<ul>\n<li>Nur f\u00fcr Erwachsene und ersetzt nicht eine abwechslungsreiche, ausgewogene Ern\u00e4hrung und eine gesunde Lebensweise.<\/li>\n<li>\u00dcberschreiten Sie nicht die empfohlene Dosis.<\/li>\n<li>Verwenden Sie es nicht w\u00e4hrend der Stillzeit, Schwangerschaft Perioden ohne R\u00fccksprache mit dem Arzt.<\/li>\n<li>Lagern Sie das Produkt an einem k\u00fchlen, trockenen Ort in einer gut verschlossenen Verpackung au\u00dferhalb der Reichweite von Kindern unter 3 Jahren.<\/li>\n<li>Kann Spuren von Milch, Hafer, Ei und Soja enthalten.<\/li>\n<li>Laktosefrei und Glutenfrei.<\/li>\n<\/ul>","protected":false},"excerpt":{"rendered":"<p>Essentielle Aminos\u00e4uren Essentielle Aminos\u00e4uren (EAAs) sind Aminos\u00e4uren, die der K\u00f6rper nicht selbst herstellen kann und die \u00fcber die Nahrung aufgenommen werden m\u00fcssen. Diese Aminos\u00e4uren spielen eine entscheidende Rolle bei der Proteinsynthese und sind daher wichtig f\u00fcr den Muskelaufbau und die Muskelreparatur, was f\u00fcr Sportler von Vorteil sein kann. Vorteile von essentiellen Aminos\u00e4uren: Unterst\u00fctzung [...]<\/p>","protected":false},"featured_media":5641,"template":"","meta":[],"product_cat":[151,311],"product_tag":[161,317],"class_list":{"0":"post-576","1":"product","2":"type-product","3":"status-publish","4":"has-post-thumbnail","6":"product_cat-amino-acids-creatine","7":"product_cat-recovery-and-regeneration","8":"product_tag-amino-acids-creatine","9":"product_tag-recovery-and-regeneration","11":"first","12":"instock","13":"sale","14":"taxable","15":"shipping-taxable","16":"purchasable","17":"product-type-variable"},"aioseo_notices":[],"_links":{"self":[{"href":"https:\/\/www.selfprotein.com\/de\/wp-json\/wp\/v2\/product\/576"}],"collection":[{"href":"https:\/\/www.selfprotein.com\/de\/wp-json\/wp\/v2\/product"}],"about":[{"href":"https:\/\/www.selfprotein.com\/de\/wp-json\/wp\/v2\/types\/product"}],"wp:featuredmedia":[{"embeddable":true,"href":"https:\/\/www.selfprotein.com\/de\/wp-json\/wp\/v2\/media\/5641"}],"wp:attachment":[{"href":"https:\/\/www.selfprotein.com\/de\/wp-json\/wp\/v2\/media?parent=576"}],"wp:term":[{"taxonomy":"product_cat","embeddable":true,"href":"https:\/\/www.selfprotein.com\/de\/wp-json\/wp\/v2\/product_cat?post=576"},{"taxonomy":"product_tag","embeddable":true,"href":"https:\/\/www.selfprotein.com\/de\/wp-json\/wp\/v2\/product_tag?post=576"}],"curies":[{"name":"wp","href":"https:\/\/api.w.org\/{rel}","templated":true}]}}