{"id":586,"date":"2023-11-27T13:19:20","date_gmt":"2023-11-27T12:19:20","guid":{"rendered":"https:\/\/34.88.231.180\/product\/essential-amino-tab\/"},"modified":"2026-04-01T00:00:18","modified_gmt":"2026-03-31T22:00:18","slug":"essential-amino-tabs","status":"publish","type":"product","link":"https:\/\/www.selfprotein.com\/de\/produkt\/essential-amino-tabs\/","title":{"rendered":"Essential Amino Tabs"},"content":{"rendered":"<p style=\"text-align: left;\" align=\"center\"><strong><span lang=\"en-US\">Essential Amino Tabs<\/span><\/strong><\/p>\n<p><span lang=\"en-US\">Essentielle Aminos\u00e4uren (EAA) sind Aminos\u00e4uren, die der menschliche K\u00f6rper nicht selbst synthetisieren kann und die \u00fcber die Nahrung aufgenommen werden m\u00fcssen. Diese Komponenten spielen eine entscheidende Rolle bei der Proteinsynthese und sind f\u00fcr den Aufbau und die Reparatur von Muskelgewebe unerl\u00e4sslich, was sie besonders f\u00fcr Sportler und Sportbegeisterte interessant macht.<\/span><\/p>\n<p><span lang=\"en-US\">Vorteile von essentiellen Aminos\u00e4uren in Tablettenform:<\/span><\/p>\n<ul>\n<li><strong><span lang=\"en-US\">Unterst\u00fctzung f\u00fcr das Muskelwachstum:<\/span><\/strong><span lang=\"en-US\"> EAAs sind entscheidend f\u00fcr die Muskelproteinsynthese und k\u00f6nnen das Muskelwachstum und die Reparatur nach dem Training unterst\u00fctzen.<\/span><\/li>\n<li><strong><span lang=\"en-US\">Verbesserte Wiederherstellung:<\/span><\/strong><span lang=\"en-US\"> EAAs k\u00f6nnen zu einer besseren Erholung nach k\u00f6rperlicher Aktivit\u00e4t beitragen, indem sie Muskelsch\u00e4den und Entz\u00fcndungen verringern.<\/span><\/li>\n<li><strong><span lang=\"en-US\">Verbesserte Ausdauer<\/span><\/strong><span lang=\"en-US\"><strong>:<\/strong> EAAs k\u00f6nnen zur Verbesserung der Ausdauer beitragen, indem sie den Abbau von Muskelgewebe w\u00e4hrend des Trainings reduzieren und die Energieproduktion unterst\u00fctzen.<\/span><\/li>\n<li><strong><span lang=\"en-US\">Unterst\u00fctzung der Immunfunktion:<\/span><\/strong><span lang=\"en-US\"> EAAs sind wichtig f\u00fcr die Immunfunktion, was f\u00fcr Sportler, die aufgrund hoher k\u00f6rperlicher Aktivit\u00e4t infektionsgef\u00e4hrdet sind, von Vorteil sein kann.<\/span><\/li>\n<\/ul>\n<p>&nbsp;<\/p>\n<p><strong><span lang=\"en-US\">Empfohlene Verwendung<\/span><\/strong><\/p>\n<p><span lang=\"en-US\">Eine Portion pro Tag, die vor, w\u00e4hrend oder nach der k\u00f6rperlichen Aktivit\u00e4t oder \u00fcber den Tag verteilt eingenommen wird.<\/span><\/p>\n<p><strong>Hinweis<\/strong><\/p>\n<ul>\n<li>Nur f\u00fcr Erwachsene und ersetzt nicht eine abwechslungsreiche, ausgewogene Ern\u00e4hrung und eine gesunde Lebensweise.<\/li>\n<li>\u00dcberschreiten Sie nicht die empfohlene Dosis.<\/li>\n<li>Verwenden Sie es nicht w\u00e4hrend der Stillzeit, Schwangerschaft Perioden ohne R\u00fccksprache mit dem Arzt.<\/li>\n<li>Lagern Sie das Produkt an einem k\u00fchlen, trockenen Ort in einer gut verschlossenen Verpackung au\u00dferhalb der Reichweite von Kindern unter 3 Jahren.<\/li>\n<li>Kann Spuren von Milch, Hafer, Ei und Soja enthalten.<\/li>\n<li>Laktosefrei und Glutenfrei.<\/li>\n<\/ul>","protected":false},"excerpt":{"rendered":"<p>Essential Amino Tabs Essential Amino Acid (EAA) Pillen sind so formuliert, dass sie die Aminos\u00e4uren liefern, die der menschliche K\u00f6rper nicht selbst synthetisieren kann und die \u00fcber die Nahrung aufgenommen werden m\u00fcssen. Diese Komponenten spielen eine entscheidende Rolle bei der Proteinsynthese und sind f\u00fcr den Aufbau und die Reparatur von Muskelgewebe unerl\u00e4sslich, wodurch sie besonders f\u00fcr Sportler und [...]<\/p>","protected":false},"featured_media":588,"template":"","meta":[],"product_cat":[151,311],"product_tag":[161,317],"class_list":{"0":"post-586","1":"product","2":"type-product","3":"status-publish","4":"has-post-thumbnail","6":"product_cat-amino-acids-creatine","7":"product_cat-recovery-and-regeneration","8":"product_tag-amino-acids-creatine","9":"product_tag-recovery-and-regeneration","11":"first","12":"instock","13":"taxable","14":"shipping-taxable","15":"purchasable","16":"product-type-variable"},"aioseo_notices":[],"_links":{"self":[{"href":"https:\/\/www.selfprotein.com\/de\/wp-json\/wp\/v2\/product\/586"}],"collection":[{"href":"https:\/\/www.selfprotein.com\/de\/wp-json\/wp\/v2\/product"}],"about":[{"href":"https:\/\/www.selfprotein.com\/de\/wp-json\/wp\/v2\/types\/product"}],"wp:featuredmedia":[{"embeddable":true,"href":"https:\/\/www.selfprotein.com\/de\/wp-json\/wp\/v2\/media\/588"}],"wp:attachment":[{"href":"https:\/\/www.selfprotein.com\/de\/wp-json\/wp\/v2\/media?parent=586"}],"wp:term":[{"taxonomy":"product_cat","embeddable":true,"href":"https:\/\/www.selfprotein.com\/de\/wp-json\/wp\/v2\/product_cat?post=586"},{"taxonomy":"product_tag","embeddable":true,"href":"https:\/\/www.selfprotein.com\/de\/wp-json\/wp\/v2\/product_tag?post=586"}],"curies":[{"name":"wp","href":"https:\/\/api.w.org\/{rel}","templated":true}]}}