{"id":592,"date":"2023-11-27T13:19:35","date_gmt":"2023-11-27T12:19:35","guid":{"rendered":"https:\/\/34.88.231.180\/product\/essential-bcaa-211\/"},"modified":"2026-05-01T00:23:50","modified_gmt":"2026-04-30T22:23:50","slug":"essential-bcaa-211","status":"publish","type":"product","link":"https:\/\/www.selfprotein.com\/de\/produkt\/essential-bcaa-211\/","title":{"rendered":"Essential BCAA 2:1:1"},"content":{"rendered":"<p><strong>Produkt\u00fcbersicht:<\/strong><\/p>\n<p>Diese Aminos\u00e4uren sind f\u00fcr den Aufbau und die Erhaltung der Muskelmasse unerl\u00e4sslich. BCAA machen ein Drittel der Muskelproteine aus und bestehen aus drei essenziellen Aminos\u00e4uren - Leucin, Isoleucin und Valin. Sie sind wichtig, weil unser K\u00f6rper sie nicht selbst herstellt; daher m\u00fcssen sie mit der Nahrung oder als Nahrungserg\u00e4nzungsmittel aufgenommen werden. Von diesen drei Aminos\u00e4uren hat Leucin den gr\u00f6\u00dften physiologischen Vorteil f\u00fcr die Proteinsynthese, w\u00e4hrend Isoleucin die Glukoseaufnahme in den Zellen f\u00f6rdert. Valin wird haupts\u00e4chlich f\u00fcr die Muskelerholung, die Gewebereparatur und den Stickstoffhaushalt verwendet. Dies ist ein sehr interessantes Produkt f\u00fcr alle Athleten, da BCAA die Leber passieren und direkt in den Blutkreislauf gelangen, um sofort von den Muskeln aufgenommen zu werden. Die Einnahme von BCAA kann auch den Laktatspiegel nach intensivem Training senken, die Muskelerm\u00fcdung verringern und die Aufnahme anderer Aminos\u00e4uren regulieren. Sie helfen dem K\u00f6rper auch, Proteine zu sammeln; ein Mangel an einer dieser Aminos\u00e4uren f\u00fchrt zu Muskelschwund.<\/p>\n<p><strong>Wichtigste Vorteile:<\/strong><\/p>\n<ul>\n<li>F\u00f6rdert das Muskelwachstum<\/li>\n<li>Beschleunigt die Erholung der Muskeln<\/li>\n<li>Erh\u00f6ht die Muskelenergie<\/li>\n<li>Verbessert die Proteinaufnahme<\/li>\n<li>Verringert die Muskelerm\u00fcdung<\/li>\n<li>Vitamin B6<\/li>\n<\/ul>\n<p>&nbsp;<\/p>\n<p><strong>Hinweis:<\/strong><\/p>\n<ul>\n<li>Nur f\u00fcr Erwachsene und ersetzt nicht eine abwechslungsreiche, ausgewogene Ern\u00e4hrung und eine gesunde Lebensweise.<\/li>\n<li>\u00dcberschreiten Sie nicht die empfohlene Dosis.<\/li>\n<li>Empfohlene Tagesdosis: 5 Tabletten.<\/li>\n<li>Verwenden Sie es nicht w\u00e4hrend der Stillzeit, Schwangerschaft Perioden ohne R\u00fccksprache mit dem Arzt.<\/li>\n<li>Lagern Sie das Produkt an einem k\u00fchlen, trockenen Ort in einer gut verschlossenen Verpackung au\u00dferhalb der Reichweite von Kindern unter 3 Jahren.<\/li>\n<li>Kann Spuren von Ei, Soja, Hafer und Milch enthalten.<\/li>\n<li>Laktosefrei und Glutenfrei.<\/li>\n<\/ul>","protected":false},"excerpt":{"rendered":"<p>Produkt\u00fcbersicht: Diese Aminos\u00e4uren sind f\u00fcr den Aufbau und die Erhaltung der Muskelmasse unerl\u00e4sslich. BCAA machen ein Drittel der Muskelproteine aus und bestehen aus drei essentiellen Aminos\u00e4uren - Leucin, Isoleucin und Valin. Diese sind wichtig, weil unser K\u00f6rper sie nicht selbst herstellt; daher m\u00fcssen sie mit der Nahrung oder als [...]<\/p>","protected":false},"featured_media":594,"template":"","meta":[],"product_cat":[151,311],"product_tag":[161,317],"class_list":{"0":"post-592","1":"product","2":"type-product","3":"status-publish","4":"has-post-thumbnail","6":"product_cat-amino-acids-creatine","7":"product_cat-recovery-and-regeneration","8":"product_tag-amino-acids-creatine","9":"product_tag-recovery-and-regeneration","11":"first","12":"instock","13":"sale","14":"taxable","15":"shipping-taxable","16":"purchasable","17":"product-type-variable"},"aioseo_notices":[],"_links":{"self":[{"href":"https:\/\/www.selfprotein.com\/de\/wp-json\/wp\/v2\/product\/592"}],"collection":[{"href":"https:\/\/www.selfprotein.com\/de\/wp-json\/wp\/v2\/product"}],"about":[{"href":"https:\/\/www.selfprotein.com\/de\/wp-json\/wp\/v2\/types\/product"}],"wp:featuredmedia":[{"embeddable":true,"href":"https:\/\/www.selfprotein.com\/de\/wp-json\/wp\/v2\/media\/594"}],"wp:attachment":[{"href":"https:\/\/www.selfprotein.com\/de\/wp-json\/wp\/v2\/media?parent=592"}],"wp:term":[{"taxonomy":"product_cat","embeddable":true,"href":"https:\/\/www.selfprotein.com\/de\/wp-json\/wp\/v2\/product_cat?post=592"},{"taxonomy":"product_tag","embeddable":true,"href":"https:\/\/www.selfprotein.com\/de\/wp-json\/wp\/v2\/product_tag?post=592"}],"curies":[{"name":"wp","href":"https:\/\/api.w.org\/{rel}","templated":true}]}}