{"id":598,"date":"2023-11-27T13:19:46","date_gmt":"2023-11-27T12:19:46","guid":{"rendered":"https:\/\/34.88.231.180\/product\/glutamine-peptides\/"},"modified":"2026-04-01T00:00:16","modified_gmt":"2026-03-31T22:00:16","slug":"glutamine-peptide","status":"publish","type":"product","link":"https:\/\/www.selfprotein.com\/de\/produkt\/glutamine-peptide\/","title":{"rendered":"Glutamine Peptide"},"content":{"rendered":"<p style=\"text-align: left;\" align=\"center\"><strong><span lang=\"en-US\">Glutamin-Peptide<\/span><\/strong><\/p>\n<p><span lang=\"en-US\">Glutaminpeptide stellen eine fortgeschrittene Form von Glutamin dar, bei der die Aminos\u00e4ure an andere Molek\u00fcle, in der Regel Peptide oder Aminos\u00e4uren, gebunden ist, um ihre Aufnahme und Bioverf\u00fcgbarkeit im K\u00f6rper zu optimieren. Glutamin, eine nicht-essentielle Aminos\u00e4ure, spielt eine entscheidende Rolle bei zahlreichen K\u00f6rperfunktionen, einschlie\u00dflich der Unterst\u00fctzung des Immunsystems, der Proteinsynthese und der Aufrechterhaltung der Darmgesundheit.<\/span><\/p>\n<p><span lang=\"en-US\">Vorteile von Glutaminpeptiden:<\/span><\/p>\n<ul>\n<li><strong><span lang=\"en-US\">Bessere Absorption und Bioverf\u00fcgbarkeit:<\/span><\/strong><span lang=\"en-US\"> Dank ihrer fortschrittlichen Formulierung erm\u00f6glichen die Glutaminpeptide im Vergleich zu herk\u00f6mmlichem Glutamin eine effektivere Assimilation und gew\u00e4hrleisten eine bessere Verf\u00fcgbarkeit dieser wichtigen Aminos\u00e4ure f\u00fcr den K\u00f6rper.<\/span><\/li>\n<li><strong><span lang=\"en-US\">Unterst\u00fctzung des Muskelwachstums:<\/span><\/strong><span lang=\"en-US\"> Sportler und Bodybuilder verwenden h\u00e4ufig Glutaminpeptidpr\u00e4parate zur F\u00f6rderung des Muskelwachstums und zur Erleichterung der Erholung nach intensiven k\u00f6rperlichen Anstrengungen, da sie die Muskelproteinsynthese optimieren k\u00f6nnen.<\/span><\/li>\n<li><strong><span lang=\"en-US\">Verringerung des Muskelabbaus<\/span><\/strong><span lang=\"en-US\"><strong>:<\/strong> Glutaminpeptide k\u00f6nnen den Muskelabbau verringern, das Muskelgewebe w\u00e4hrend des Trainings sch\u00fctzen und eine bessere Muskelreparatur und -erholung erm\u00f6glichen.<\/span><\/li>\n<li><strong><span lang=\"en-US\">Zus\u00e4tzlicher Nutzen f\u00fcr die Gesundheit des Darms<\/span><\/strong><span lang=\"en-US\"><strong>:<\/strong> Aufgrund ihrer Wirkung auf Glutamin k\u00f6nnen Glutaminpeptide dazu beitragen, die Gesundheit der Darmschleimhaut zu erhalten, und so eine optimale Darmfunktion unterst\u00fctzen und eine bessere allgemeine Gesundheit f\u00f6rdern.<\/span><\/li>\n<\/ul>\n<p>&nbsp;<\/p>\n<p><strong><span lang=\"en-US\">Empfohlene Verwendung<\/span><\/strong><\/p>\n<p><span lang=\"en-US\">Eine Dosis vor, w\u00e4hrend oder nach dem Training.<\/span><\/p>\n<p><strong>Hinweis:<\/strong><\/p>\n<ul>\n<li>Nur f\u00fcr Erwachsene und ersetzt nicht eine abwechslungsreiche, ausgewogene Ern\u00e4hrung und eine gesunde Lebensweise.<\/li>\n<li>\u00dcberschreiten Sie nicht die empfohlene Dosis.<\/li>\n<li>Verwenden Sie es nicht w\u00e4hrend der Stillzeit, Schwangerschaft Perioden ohne R\u00fccksprache mit dem Arzt.<\/li>\n<li>Lagern Sie das Produkt an einem k\u00fchlen, trockenen Ort in einer gut verschlossenen Verpackung au\u00dferhalb der Reichweite von Kindern unter 3 Jahren.<\/li>\n<li>Kann Spuren von Milch, Hafer, Ei und Soja enthalten.<\/li>\n<li>Laktosefrei und Glutenfrei.<\/li>\n<\/ul>","protected":false},"excerpt":{"rendered":"<details>\n<summary>Inhaltsstoffe<\/summary>\n<table style=\"text-align: center;\">\n<tbody>\n<tr>\n<th>Inhaltsstoffe<\/th>\n<th>pro Portion 9g<\/th>\n<\/tr>\n<tr>\n<td>Glutamine Peptide<\/td>\n<td>7,65g<\/td>\n<\/tr>\n<tr>\n<td>davon<\/td>\n<td><\/td>\n<\/tr>\n<tr>\n<td>4,65g L-Glutamin<\/td>\n<td><\/td>\n<\/tr>\n<tr>\n<td>3g L-Alanin<\/td>\n<td><\/td>\n<\/tr>\n<tr>\n<td colspan=\"2\"><strong>Andere Inhaltsstoffe: <\/strong>S\u00e4ureregulator (E296), Antiklumpmittel (E551), Aroma, Antioxidationsmittel (E341), Emulgator (E470b), S\u00fc\u00dfungsmittel (E955), Farbstoff (E160a)<\/td>\n<\/tr>\n<\/tbody>\n<\/table>\n<\/details>\n<p>&nbsp;<\/p>","protected":false},"featured_media":599,"template":"","meta":[],"product_cat":[151,311],"product_tag":[161,317],"class_list":{"0":"post-598","1":"product","2":"type-product","3":"status-publish","4":"has-post-thumbnail","6":"product_cat-amino-acids-creatine","7":"product_cat-recovery-and-regeneration","8":"product_tag-amino-acids-creatine","9":"product_tag-recovery-and-regeneration","11":"first","12":"instock","13":"taxable","14":"shipping-taxable","15":"purchasable","16":"product-type-simple"},"aioseo_notices":[],"_links":{"self":[{"href":"https:\/\/www.selfprotein.com\/de\/wp-json\/wp\/v2\/product\/598"}],"collection":[{"href":"https:\/\/www.selfprotein.com\/de\/wp-json\/wp\/v2\/product"}],"about":[{"href":"https:\/\/www.selfprotein.com\/de\/wp-json\/wp\/v2\/types\/product"}],"wp:featuredmedia":[{"embeddable":true,"href":"https:\/\/www.selfprotein.com\/de\/wp-json\/wp\/v2\/media\/599"}],"wp:attachment":[{"href":"https:\/\/www.selfprotein.com\/de\/wp-json\/wp\/v2\/media?parent=598"}],"wp:term":[{"taxonomy":"product_cat","embeddable":true,"href":"https:\/\/www.selfprotein.com\/de\/wp-json\/wp\/v2\/product_cat?post=598"},{"taxonomy":"product_tag","embeddable":true,"href":"https:\/\/www.selfprotein.com\/de\/wp-json\/wp\/v2\/product_tag?post=598"}],"curies":[{"name":"wp","href":"https:\/\/api.w.org\/{rel}","templated":true}]}}