{"id":651,"date":"2023-11-27T13:29:28","date_gmt":"2023-11-27T12:29:28","guid":{"rendered":"https:\/\/34.88.231.180\/product\/instant-oat\/"},"modified":"2026-05-01T00:24:22","modified_gmt":"2026-04-30T22:24:22","slug":"instant-oat","status":"publish","type":"product","link":"https:\/\/www.selfprotein.com\/de\/produkt\/instant-oat\/","title":{"rendered":"Instant Oat"},"content":{"rendered":"<p style=\"text-align: left;\" align=\"center\"><span lang=\"en-US\"><strong>Instant Oat<\/strong> <\/span><\/p>\n<p><span lang=\"en-US\">Mit seiner einzigartigen Kombination aus komplexen Kohlenhydraten und Ballaststoffen hat sich Hafermehl den Ruf eines vielseitigen und nahrhaften Nahrungserg\u00e4nzungsmittels erworben, das f\u00fcr eine Vielzahl von Di\u00e4t- und Ern\u00e4hrungsbed\u00fcrfnissen geeignet ist, sowohl f\u00fcr Sportler als auch f\u00fcr Menschen, die einen aktiven und gesunden Lebensstil pflegen.<\/span><\/p>\n<p><span lang=\"en-US\">Entdecken Sie die Wirksamkeit von Hafermehl, einem Nahrungserg\u00e4nzungsmittel, das wegen seiner F\u00e4higkeit, eine schnelle Quelle komplexer Kohlenhydrate und Ballaststoffe zu liefern, sehr gesch\u00e4tzt wird. Dieses Produkt ist eine beliebte Wahl f\u00fcr alle, die ein gesundes Fr\u00fchst\u00fcck oder eine Zwischenmahlzeit suchen, die \u00fcber einen l\u00e4ngeren Zeitraum hinweg Energie liefert und durch ihren Ballaststoffreichtum zu einem S\u00e4ttigungsgef\u00fchl beitr\u00e4gt.<\/span><\/p>\n<p><span lang=\"en-US\">Vorteile von Hafermehlpulver:<\/span><\/p>\n<ul>\n<li><strong><span lang=\"en-US\">Quelle f\u00fcr langsam verf\u00fcgbare Kohlenhydrate:<\/span><\/strong><span lang=\"en-US\"> Hafermehlpulver liefert komplexe Kohlenhydrate, die allm\u00e4hlich in den Blutkreislauf gelangen und so f\u00fcr eine gleichm\u00e4\u00dfige Energiezufuhr sorgen - ideal zur Unterst\u00fctzung k\u00f6rperlicher oder geistiger Aktivit\u00e4t.<\/span><\/li>\n<li><strong><span lang=\"en-US\">Reich an Ballaststoffen:<\/span><\/strong><span lang=\"en-US\"> Dank der Ballaststoffe tr\u00e4gt Hafermehl dazu bei, den Blutzuckerspiegel stabil zu halten, f\u00f6rdert das S\u00e4ttigungsgef\u00fchl und hilft so, den Appetit zu kontrollieren und ein gesundes K\u00f6rpergewicht zu halten.<\/span><\/li>\n<li><strong><span lang=\"en-US\">Vielseitigkeit im Einsatz:<\/span><\/strong><span lang=\"en-US\"> Hafermehlpulver kann leicht in eine Vielzahl von Rezepten eingearbeitet werden, darunter Eiwei\u00dfshakes, Energydrinks und selbstgemachte Eiwei\u00dfriegel, die eine nahrhafte und schmackhafte Option zur Deckung des Di\u00e4t- und N\u00e4hrstoffbedarfs darstellen.<\/span><\/li>\n<li><strong><span lang=\"en-US\">Leichte Zubereitung:<\/span><\/strong><span lang=\"en-US\"> Um Hafermehlpulver zu verwenden, mischen Sie es einfach mit Wasser, Milch oder anderen Fl\u00fcssigkeiten, um ein nahrhaftes Getr\u00e4nk herzustellen, das reich an komplexen Kohlenhydraten und Ballaststoffen ist, oder f\u00fcgen Sie es zu Proteinshakes oder Rezepten auf Haferbasis hinzu.<\/span><\/li>\n<li><strong><span lang=\"en-US\">Unterst\u00fctzung w\u00e4hrend und nach der k\u00f6rperlichen Bet\u00e4tigung:<\/span><\/strong><span lang=\"en-US\"> Mit seiner F\u00e4higkeit, anhaltende Energie und Ballaststoffe zu liefern, ist Hafermehlpulver besonders n\u00fctzlich f\u00fcr alle, die w\u00e4hrend oder nach einer k\u00f6rperlichen Bet\u00e4tigung eine Ern\u00e4hrung suchen, die hilft, ein hohes Leistungsniveau aufrechtzuerhalten und die Muskelerholung zu f\u00f6rdern.<\/span><\/li>\n<\/ul>\n<p>&nbsp;<\/p>\n<p><strong><span lang=\"en-US\">Empfohlene Verwendung<\/span><\/strong><\/p>\n<p><span lang=\"en-US\">1 Portion zum Fr\u00fchst\u00fcck, vor oder nach dem Training.<\/span><\/p>\n<p class=\"xmprfx_MsoNormal\"><b>Hinweis:<\/b><\/p>\n<ul>\n<li>Nur f\u00fcr Erwachsene und ersetzt nicht eine abwechslungsreiche, ausgewogene Ern\u00e4hrung und eine gesunde Lebensweise.<\/li>\n<li>\u00dcberschreiten Sie nicht die empfohlene Dosis.<\/li>\n<li>Verwenden Sie es nicht w\u00e4hrend der Stillzeit, Schwangerschaft Perioden ohne R\u00fccksprache mit dem Arzt.<\/li>\n<li>Lagern Sie das Produkt an einem k\u00fchlen, trockenen Ort in einer gut verschlossenen Verpackung au\u00dferhalb der Reichweite von Kindern unter 3 Jahren.<\/li>\n<li>Kann Spuren von Milch, Ei und Soja enthalten.<\/li>\n<li>Laktosefrei und Glutenfrei.<\/li>\n<\/ul>","protected":false},"excerpt":{"rendered":"<p>Instant-Hafermehl Mit seiner einzigartigen Kombination aus komplexen Kohlenhydraten und Ballaststoffen hat sich Hafermehl den Ruf eines vielseitigen und nahrhaften Nahrungserg\u00e4nzungsmittels erworben, das sich f\u00fcr eine Vielzahl von Di\u00e4t- und Ern\u00e4hrungsbed\u00fcrfnissen eignet, sowohl f\u00fcr Sportler als auch f\u00fcr Menschen, die einen aktiven und gesunden Lebensstil pflegen. Entdecken Sie die Wirksamkeit von Hafermehl, einem weit verbreiteten [...]<\/p>","protected":false},"featured_media":6233,"template":"","meta":[],"product_cat":[313,210],"product_tag":[316,223],"class_list":{"0":"post-651","1":"product","2":"type-product","3":"status-publish","4":"has-post-thumbnail","6":"product_cat-protein-snacks-and-fit-food","7":"product_cat-snacks-meal-solutions","8":"product_tag-protein-snacks-fit-food","9":"product_tag-snacks-meal-solutions","11":"first","12":"instock","13":"sale","14":"taxable","15":"shipping-taxable","16":"purchasable","17":"product-type-variable"},"aioseo_notices":[],"_links":{"self":[{"href":"https:\/\/www.selfprotein.com\/de\/wp-json\/wp\/v2\/product\/651"}],"collection":[{"href":"https:\/\/www.selfprotein.com\/de\/wp-json\/wp\/v2\/product"}],"about":[{"href":"https:\/\/www.selfprotein.com\/de\/wp-json\/wp\/v2\/types\/product"}],"wp:featuredmedia":[{"embeddable":true,"href":"https:\/\/www.selfprotein.com\/de\/wp-json\/wp\/v2\/media\/6233"}],"wp:attachment":[{"href":"https:\/\/www.selfprotein.com\/de\/wp-json\/wp\/v2\/media?parent=651"}],"wp:term":[{"taxonomy":"product_cat","embeddable":true,"href":"https:\/\/www.selfprotein.com\/de\/wp-json\/wp\/v2\/product_cat?post=651"},{"taxonomy":"product_tag","embeddable":true,"href":"https:\/\/www.selfprotein.com\/de\/wp-json\/wp\/v2\/product_tag?post=651"}],"curies":[{"name":"wp","href":"https:\/\/api.w.org\/{rel}","templated":true}]}}