{"id":6994,"date":"2024-06-19T17:32:30","date_gmt":"2024-06-19T15:32:30","guid":{"rendered":"https:\/\/www.selfprotein.com\/?post_type=product&#038;p=6994"},"modified":"2026-04-01T00:00:46","modified_gmt":"2026-03-31T22:00:46","slug":"magnesium-ultra-strenght-444mg","status":"publish","type":"product","link":"https:\/\/www.selfprotein.com\/de\/produkt\/magnesium-ultra-strenght-444mg\/","title":{"rendered":"Magnesium Ultra Strenght 444mg"},"content":{"rendered":"<p class=\" translation-block\">Magnesium Ultra Strenght 444mg<\/p>\n<p>Das Nahrungserg\u00e4nzungsmittel \u201eMagnesium Ultra Strength\u201c kann besonders f\u00fcr Sportler n\u00fctzlich sein, da Magnesium eine entscheidende Rolle bei vielen K\u00f6rperfunktionen spielt, die mit sportlicher Leistung, Muskelregeneration und allgemeiner Gesundheit zusammenh\u00e4ngen. Hergestellt aus magnesiumoxid, bisglycinat und carbonat.<\/p>\n<p>Hier erfahren Sie, wie Sportler von einem hochwirksamen Magnesiumpr\u00e4parat profitieren k\u00f6nnen:<\/p>\n<p><strong>Vorteile:<\/strong><\/p>\n<p><strong>Unterst\u00fctzung der Muskeln<\/strong><\/p>\n<ul>\n<li>Magnesium ist f\u00fcr die Muskelkontraktion und -entspannung unerl\u00e4sslich. Eine angemessene Supplementierung kann Muskelkr\u00e4mpfe und -spasmen verhindern, die Leistung verbessern und das Verletzungsrisiko verringern.<\/li>\n<\/ul>\n<p><\/p>\n<p><strong>Erholung der Muskeln<\/strong><\/p>\n<ul>\n<li>Nach einem intensiven Training tr\u00e4gt Magnesium zur Verringerung von Entz\u00fcndungen und zur Erholung der Muskeln bei. Es kann auch dazu beitragen, die Bildung von Milchs\u00e4ure in den Muskeln zu reduzieren und so den Muskelkater nach dem Training zu verringern.<\/li>\n<\/ul>\n<p><\/p>\n<p><strong>Energieerzeugung<\/strong><\/p>\n<ul>\n<li>Magnesium ist an der Produktion von ATP (Adenosintriphosphat), der Hauptenergiequelle der Zellen, beteiligt. Dies unterst\u00fctzt die Ausdauer und Leistung bei sportlicher Bet\u00e4tigung.<\/li>\n<\/ul>\n<p><\/p>\n<p><strong>Gesundheit der Knochen<\/strong><\/p>\n<ul>\n<li>Magnesium tr\u00e4gt in Synergie mit Kalzium und Vitamin D zur Knochen- und Zahngesundheit bei. Dies ist wichtig f\u00fcr Sportler, die ihre Knochenstrukturen durch intensives Training belasten.<\/li>\n<\/ul>\n<p><\/p>\n<p><strong>Elektrolytgleichgewicht<\/strong><\/p>\n<ul>\n<li>Beim Sport verliert der K\u00f6rper durch den Schwei\u00df Elektrolyte. Magnesium tr\u00e4gt zur Aufrechterhaltung des Elektrolytgleichgewichts bei, verhindert Dehydrierung und verbessert die Muskel- und Nervenfunktion.<\/li>\n<\/ul>\n<p><\/p>\n<p><strong>Blutzuckerregulierung<\/strong><\/p>\n<ul>\n<li>Magnesium tr\u00e4gt zur Regulierung des Blutzuckerspiegels und der Insulinempfindlichkeit bei, stellt eine stabile Energiequelle w\u00e4hrend k\u00f6rperlicher Aktivit\u00e4t dar und unterst\u00fctzt die Erholung nach dem Sport.<\/li>\n<\/ul>\n<p><\/p>\n<p><strong>Hinweis:<\/strong><\/p>\n<ul>\n<li>Nur f\u00fcr Erwachsene und sollte im Rahmen einer abwechslungsreichen, ausgewogenen Ern\u00e4hrung und gesunden Lebensweise eingenommen werden.<\/li>\n<li>\u00dcberschreiten Sie nicht die empfohlene Dosis.<\/li>\n<li>Empfohlene Tagesdosis: 2 cps.<\/li>\n<li>Verwenden Sie nicht w\u00e4hrend der Stillzeit, Schwangerschaft, weder f\u00fcr Kinder, und l\u00e4ngere Zeitr\u00e4ume ohne R\u00fccksprache mit dem Arzt.<\/li>\n<li>Bewahren Sie das Produkt an einem k\u00fchlen, trockenen Ort in einer gut verschlossenen Verpackung au\u00dferhalb der Reichweite von Kindern unter 3 Jahren auf.<\/li>\n<li>Kann Spuren von Milch, Hafer, Ei und Soja enthalten.<\/li>\n<li>Laktosefrei und Glutenfrei.<\/li>\n<\/ul>","protected":false},"excerpt":{"rendered":"<details>\n<summary>Inhaltsstoffe<\/summary>\n<table style=\"text-align: center;\">\n<tbody>\n<tr>\n<th>Inhaltsstoffe<\/th>\n<th>pro Portion 2 Kapseln<\/th>\n<th>%NRV<\/th>\n<\/tr>\n<tr>\n<td>Magnesium (Magnesiumoxid\/Magnesiumbisglycinat<br>\/Magnesiumcarbonat)<\/td>\n<td>444mg<\/td>\n<td>118<\/td>\n<\/tr>\n<tr>\n<td colspan=\"3\"><strong> Andere Inhaltsstoffe: <\/strong>Stabilisatoren (E1400, E470b), vegane Kapseln (E1204)<\/td>\n<\/tr>\n<\/tbody>\n<\/table>\n<\/details>\n<p>&nbsp;<\/p>","protected":false},"featured_media":7036,"template":"","meta":[],"product_cat":[311,214],"product_tag":[317,258],"class_list":{"0":"post-6994","1":"product","2":"type-product","3":"status-publish","4":"has-post-thumbnail","6":"product_cat-recovery-and-regeneration","7":"product_cat-vitamins-wellness","8":"product_tag-recovery-and-regeneration","9":"product_tag-vitamins-wellness","11":"first","12":"instock","13":"sale","14":"taxable","15":"shipping-taxable","16":"purchasable","17":"product-type-simple"},"aioseo_notices":[],"_links":{"self":[{"href":"https:\/\/www.selfprotein.com\/de\/wp-json\/wp\/v2\/product\/6994"}],"collection":[{"href":"https:\/\/www.selfprotein.com\/de\/wp-json\/wp\/v2\/product"}],"about":[{"href":"https:\/\/www.selfprotein.com\/de\/wp-json\/wp\/v2\/types\/product"}],"wp:featuredmedia":[{"embeddable":true,"href":"https:\/\/www.selfprotein.com\/de\/wp-json\/wp\/v2\/media\/7036"}],"wp:attachment":[{"href":"https:\/\/www.selfprotein.com\/de\/wp-json\/wp\/v2\/media?parent=6994"}],"wp:term":[{"taxonomy":"product_cat","embeddable":true,"href":"https:\/\/www.selfprotein.com\/de\/wp-json\/wp\/v2\/product_cat?post=6994"},{"taxonomy":"product_tag","embeddable":true,"href":"https:\/\/www.selfprotein.com\/de\/wp-json\/wp\/v2\/product_tag?post=6994"}],"curies":[{"name":"wp","href":"https:\/\/api.w.org\/{rel}","templated":true}]}}