{"id":6995,"date":"2024-06-19T17:32:18","date_gmt":"2024-06-19T15:32:18","guid":{"rendered":"https:\/\/www.selfprotein.com\/?post_type=product&#038;p=6995"},"modified":"2026-05-01T00:24:24","modified_gmt":"2026-04-30T22:24:24","slug":"super-omega-3-forte","status":"publish","type":"product","link":"https:\/\/www.selfprotein.com\/de\/produkt\/super-omega-3-forte\/","title":{"rendered":"Super-Omega 3 Forte"},"content":{"rendered":"<p><strong>Super-Omega 3 Forte<\/strong><\/p>\n<p>Super Omega-3 Forte ist ein Nahrungserg\u00e4nzungsmittel mit einer hohen Konzentration an Omega-3-Fetts\u00e4uren, die in der Regel hohe Dosen von EPA (Eicosapentaens\u00e4ure) und DHA (Docosahexaens\u00e4ure) enthalten. Omega-3-Fetts\u00e4uren sind f\u00fcr den K\u00f6rper essentiell und bieten zahlreiche gesundheitliche Vorteile, die insbesondere f\u00fcr Sportler von Bedeutung sind. Im Folgenden finden Sie einen \u00dcberblick \u00fcber die wichtigsten Vorteile und \u00dcberlegungen zu einem Super Omega-3 Forte Erg\u00e4nzungsmittel:<\/p>\n<p><strong>Vorteile:<\/strong><\/p>\n<p><strong>Kardiovaskul\u00e4re Gesundheit<\/strong><\/p>\n<ul>\n<li>Senkung der Triglyceride: Omega-3-Fetts\u00e4uren tragen zur Senkung des Triglyceridspiegels im Blut bei und verringern so das Risiko von Herz-Kreislauf-Erkrankungen.<\/li>\n<li>Blutdruck: Sie k\u00f6nnen dazu beitragen, den Blutdruck bei Menschen mit Bluthochdruck zu senken.<\/li>\n<li>Endotheliale Funktion: Sie verbessern die Funktion der Zellen, die die Blutgef\u00e4\u00dfe auskleiden, und f\u00f6rdern so eine bessere Durchblutung.<\/li>\n<\/ul>\n<p>&nbsp;<\/p>\n<p><strong>Unterst\u00fctzung und Erholung der Muskeln<\/strong><\/p>\n<ul>\n<li>Geringere Entz\u00fcndung: Omega-3-Fetts\u00e4uren haben entz\u00fcndungshemmende Eigenschaften, die dazu beitragen k\u00f6nnen, Muskelkater und Entz\u00fcndungen nach dem Training zu verringern.<\/li>\n<li>Erholung: Sie k\u00f6nnen die Erholung der Muskeln nach anstrengenden \u00dcbungen beschleunigen.<\/li>\n<\/ul>\n<p>&nbsp;<\/p>\n<p><strong>Gehirnfunktion und geistige Gesundheit<\/strong><\/p>\n<ul>\n<li>Verbesserung der kognitiven F\u00e4higkeiten: DHA ist wichtig f\u00fcr die Gesundheit des Gehirns und tr\u00e4gt zu Ged\u00e4chtnis und kognitiven Funktionen bei.<\/li>\n<li>Psychische Gesundheit: Omega-3-Fetts\u00e4uren k\u00f6nnen dazu beitragen, Symptome von Depressionen und Angstzust\u00e4nden zu verringern.<\/li>\n<\/ul>\n<p>&nbsp;<\/p>\n<p><strong>Gesundheit der Gelenke<\/strong><\/p>\n<ul>\n<li>Schutz der Gelenke: Omega-3-Fetts\u00e4uren k\u00f6nnen zur Gesundheit der Gelenke beitragen, Arthritissymptome lindern und die Beweglichkeit verbessern.<\/li>\n<\/ul>\n<p>&nbsp;<\/p>\n<p><strong>Unterst\u00fctzung des Immunsystems<\/strong><\/p>\n<ul>\n<li>Immunsystem: Omega-3-Fetts\u00e4uren k\u00f6nnen das Immunsystem st\u00e4rken und den K\u00f6rper bei der Bek\u00e4mpfung von Infektionen und Krankheiten unterst\u00fctzen.<\/li>\n<\/ul>\n<p>&nbsp;<\/p>\n<p><strong>Hinweis:<\/strong><\/p>\n<ul>\n<li>Nur f\u00fcr Erwachsene und sollte im Rahmen einer abwechslungsreichen, ausgewogenen Ern\u00e4hrung und gesunden Lebensweise eingenommen werden.<\/li>\n<li>\u00dcberschreiten Sie nicht die empfohlene Dosis.<\/li>\n<li>Empfohlene Tagesdosis: 3 cps.<\/li>\n<li>Nicht w\u00e4hrend der Stillzeit, der Schwangerschaft oder \u00fcber einen l\u00e4ngeren Zeitraum ohne R\u00fccksprache mit dem Arzt verwenden.<\/li>\n<li>Bewahren Sie das Produkt an einem k\u00fchlen, trockenen Ort in einer gut verschlossenen Verpackung au\u00dferhalb der Reichweite von Kindern unter 3 Jahren auf.<\/li>\n<li>Kann Spuren von Milch, Hafer, Ei und Soja enthalten.<\/li>\n<li>Laktosefrei und Glutenfrei.<\/li>\n<\/ul>","protected":false},"excerpt":{"rendered":"<details>\n<summary>Inhaltsstoffe<\/summary>\n<table style=\"text-align: center;\">\n<tbody>\n<tr>\n<th>Inhaltsstoffe<\/th>\n<th>3 Kappen<\/th>\n<\/tr>\n<tr>\n<td>Konzentriertes Fisch\u00f6l<\/td>\n<td>3000mg<\/td>\n<\/tr>\n<tr>\n<td>davon<\/td>\n<td><\/td>\n<\/tr>\n<tr>\n<td>EPA (Eicosapentaens\u00e4ure)<\/td>\n<td>990mg<\/td>\n<\/tr>\n<tr>\n<td>DHA (Docosahexaens\u00e4ure)<\/td>\n<td>660mg<\/td>\n<\/tr>\n<tr>\n<td colspan=\"2\"><strong> Andere Inhaltsstoffe: <\/strong>Kapselgelatine (Rind), Stabilisierungsmittel (Glycerin)<\/td>\n<\/tr>\n<\/tbody>\n<\/table>\n<\/details>\n<p>&nbsp;<\/p>","protected":false},"featured_media":7038,"template":"","meta":[],"product_cat":[312,214],"product_tag":[314,258],"class_list":{"0":"post-6995","1":"product","2":"type-product","3":"status-publish","4":"has-post-thumbnail","6":"product_cat-health-and-wellness","7":"product_cat-vitamins-wellness","8":"product_tag-health-and-wellness","9":"product_tag-vitamins-wellness","11":"first","12":"instock","13":"taxable","14":"shipping-taxable","15":"purchasable","16":"product-type-simple"},"aioseo_notices":[],"_links":{"self":[{"href":"https:\/\/www.selfprotein.com\/de\/wp-json\/wp\/v2\/product\/6995"}],"collection":[{"href":"https:\/\/www.selfprotein.com\/de\/wp-json\/wp\/v2\/product"}],"about":[{"href":"https:\/\/www.selfprotein.com\/de\/wp-json\/wp\/v2\/types\/product"}],"wp:featuredmedia":[{"embeddable":true,"href":"https:\/\/www.selfprotein.com\/de\/wp-json\/wp\/v2\/media\/7038"}],"wp:attachment":[{"href":"https:\/\/www.selfprotein.com\/de\/wp-json\/wp\/v2\/media?parent=6995"}],"wp:term":[{"taxonomy":"product_cat","embeddable":true,"href":"https:\/\/www.selfprotein.com\/de\/wp-json\/wp\/v2\/product_cat?post=6995"},{"taxonomy":"product_tag","embeddable":true,"href":"https:\/\/www.selfprotein.com\/de\/wp-json\/wp\/v2\/product_tag?post=6995"}],"curies":[{"name":"wp","href":"https:\/\/api.w.org\/{rel}","templated":true}]}}