{"id":6997,"date":"2024-06-19T17:54:57","date_gmt":"2024-06-19T15:54:57","guid":{"rendered":"https:\/\/www.selfprotein.com\/?post_type=product&#038;p=6997"},"modified":"2026-04-01T00:00:46","modified_gmt":"2026-03-31T22:00:46","slug":"nac-n-acetyl-l-cysteine","status":"publish","type":"product","link":"https:\/\/www.selfprotein.com\/de\/produkt\/nac-n-acetyl-l-cysteine\/","title":{"rendered":"NAC N-Acetyl-Cystein"},"content":{"rendered":"<p><strong>NAC N-Acetyl-L-Cysteine<\/strong><\/p>\n<p>NAC (N-Acetylcystein) ist ein Nahrungserg\u00e4nzungsmittel, das dank seiner antioxidativen Eigenschaften und seiner Rolle bei der Verbesserung der Atmungsfunktion und der Verringerung von Entz\u00fcndungen verschiedene Vorteile f\u00fcr Sportler bieten kann.<\/p>\n<p>Hier erfahren Sie, wie sie f\u00fcr Sportler n\u00fctzlich sein kann:<\/p>\n<p><strong>Vorteile:<\/strong><\/p>\n<p><strong>Starkes Antioxidans<\/strong><\/p>\n<ul>\n<li>NAC tr\u00e4gt dazu bei, den Glutathionspiegel wieder aufzuf\u00fcllen, eines der st\u00e4rksten Antioxidantien des K\u00f6rpers. Sportler sind aufgrund intensiver k\u00f6rperlicher Bet\u00e4tigung h\u00e4ufig einem hohen oxidativen Stress ausgesetzt, und NAC kann dazu beitragen, durch freie Radikale verursachte Zellsch\u00e4den zu reduzieren.<\/li>\n<\/ul>\n<p>&nbsp;<\/p>\n<p><strong>Erholung der Muskeln<\/strong><\/p>\n<ul>\n<li>Durch die Verringerung von oxidativem Stress und Entz\u00fcndungen kann NAC die Erholung der Muskeln nach dem Training erleichtern. Dies kann zu weniger Muskelkater und schnellerer Erholung zwischen den Trainingseinheiten f\u00fchren.<\/li>\n<\/ul>\n<p>&nbsp;<\/p>\n<p><strong>Gesundheit der Atemwege<\/strong><\/p>\n<ul>\n<li>NAC hat schleiml\u00f6sende Eigenschaften, die dazu beitragen, den Schleim zu l\u00f6sen und die Lungenfunktion zu verbessern. Dies kann besonders f\u00fcr Sportler n\u00fctzlich sein, die Ausdauersportarten wie Laufen, Radfahren oder Schwimmen betreiben, da es die Atmung und die Sauerstoffversorgung verbessert.<\/li>\n<\/ul>\n<p>&nbsp;<\/p>\n<p><strong>Verringerung der M\u00fcdigkeit<\/strong><\/p>\n<ul>\n<li>Einige Studien deuten darauf hin, dass NAC dazu beitragen kann, die Erm\u00fcdung w\u00e4hrend l\u00e4ngerer sportlicher Bet\u00e4tigung zu verringern und dadurch die Ausdauer und die sportliche Leistung zu verbessern.<\/li>\n<\/ul>\n<p>&nbsp;<\/p>\n<p><strong>Schutz vor Verletzungen<\/strong><\/p>\n<ul>\n<li>Die entz\u00fcndungshemmenden Eigenschaften von NAC k\u00f6nnen dazu beitragen, das Risiko von Verletzungen im Zusammenhang mit chronischen Entz\u00fcndungen wie Tendinitis oder anderen Gelenkentz\u00fcndungen zu verringern.<\/li>\n<\/ul>\n<p>&nbsp;<\/p>\n<p><strong>Hinweis:<\/strong><\/p>\n<ul>\n<li>Nur f\u00fcr Erwachsene und sollte im Rahmen einer abwechslungsreichen, ausgewogenen Ern\u00e4hrung und gesunden Lebensweise eingenommen werden.<\/li>\n<li>\u00dcberschreiten Sie nicht die empfohlene Dosis.<\/li>\n<li>Empfohlene Tagesdosis: 1 cps.<\/li>\n<li>Nicht w\u00e4hrend der Stillzeit, der Schwangerschaft und \u00fcber einen l\u00e4ngeren Zeitraum ohne R\u00fccksprache mit dem Arzt verwenden.<\/li>\n<li>Bewahren Sie das Produkt an einem k\u00fchlen, trockenen Ort in einer gut verschlossenen Verpackung au\u00dferhalb der Reichweite von Kindern unter 3 Jahren auf.<\/li>\n<li>Kann Spuren von Milch, Hafer, Ei und Soja enthalten.<\/li>\n<li>Laktosefrei und Glutenfrei.<\/li>\n<\/ul>","protected":false},"excerpt":{"rendered":"<details>\n<summary>Inhaltsstoffe<\/summary>\n<table style=\"text-align: center;\">\n<tbody>\n<tr>\n<th>Inhaltsstoffe<\/th>\n<th>pro Portion 1 Kapsel<\/th>\n<\/tr>\n<tr>\n<td>N-Acetyl-L-Cystein<\/td>\n<td>600mg<\/td>\n<\/tr>\n<tr>\n<td colspan=\"2\"><strong> Andere Inhaltsstoffe: <\/strong>Stabilisierungsmittel (E460, E470b, E551), vegane Kapsel (E1204)<\/td>\n<\/tr>\n<\/tbody>\n<\/table>\n<\/details>\n<p>&nbsp;<\/p>","protected":false},"featured_media":13936,"template":"","meta":[],"product_cat":[312,214],"product_tag":[314,228],"class_list":{"0":"post-6997","1":"product","2":"type-product","3":"status-publish","4":"has-post-thumbnail","6":"product_cat-health-and-wellness","7":"product_cat-vitamins-wellness","8":"product_tag-health-and-wellness","9":"product_tag-natural-extracts-wellness","11":"first","12":"instock","13":"sale","14":"taxable","15":"shipping-taxable","16":"purchasable","17":"product-type-simple"},"aioseo_notices":[],"_links":{"self":[{"href":"https:\/\/www.selfprotein.com\/de\/wp-json\/wp\/v2\/product\/6997"}],"collection":[{"href":"https:\/\/www.selfprotein.com\/de\/wp-json\/wp\/v2\/product"}],"about":[{"href":"https:\/\/www.selfprotein.com\/de\/wp-json\/wp\/v2\/types\/product"}],"wp:featuredmedia":[{"embeddable":true,"href":"https:\/\/www.selfprotein.com\/de\/wp-json\/wp\/v2\/media\/13936"}],"wp:attachment":[{"href":"https:\/\/www.selfprotein.com\/de\/wp-json\/wp\/v2\/media?parent=6997"}],"wp:term":[{"taxonomy":"product_cat","embeddable":true,"href":"https:\/\/www.selfprotein.com\/de\/wp-json\/wp\/v2\/product_cat?post=6997"},{"taxonomy":"product_tag","embeddable":true,"href":"https:\/\/www.selfprotein.com\/de\/wp-json\/wp\/v2\/product_tag?post=6997"}],"curies":[{"name":"wp","href":"https:\/\/api.w.org\/{rel}","templated":true}]}}