{"id":7042,"date":"2024-06-20T11:54:12","date_gmt":"2024-06-20T09:54:12","guid":{"rendered":"https:\/\/www.selfprotein.com\/?post_type=product&#038;p=7042"},"modified":"2026-04-01T00:00:47","modified_gmt":"2026-03-31T22:00:47","slug":"steel-shaker","status":"publish","type":"product","link":"https:\/\/www.selfprotein.com\/de\/produkt\/steel-shaker\/","title":{"rendered":"Steel Shaker"},"content":{"rendered":"<p><strong>Steel Shaker<\/strong><\/p>\n<p>Unser 700-ml-Stahlshaker vereint Haltbarkeit und Stil und ist damit ein unverzichtbares Accessoire f\u00fcr alle, die schnell und einfach nahrhafte Getr\u00e4nke zubereiten m\u00f6chten. Perfekt f\u00fcr Sportler, Studenten und Berufst\u00e4tige, die viel unterwegs sind!<\/p>\n<p><strong>Hauptmerkmale:<\/strong><\/p>\n<ul>\n<li>Fassungsverm\u00f6gen: 700 ml - die ideale Gr\u00f6\u00dfe f\u00fcr alle Ihre Getr\u00e4nke vor und nach dem Training.<\/li>\n<li>Hochwertiges Material: Hergestellt aus robustem Metall, das Sicherheit und Langlebigkeit gew\u00e4hrleistet.<\/li>\n<li>Auslaufsicherer Schraubdeckel mit Hebel: Der Schraubdeckel mit Silikondichtung und Sicherheitshebel sch\u00fctzt vor Auslaufen und Versch\u00fctten.<\/li>\n<li>*Mixing Mesh:*Das mitgelieferte Netz sorgt f\u00fcr glatte, klumpenfreie Getr\u00e4nke.<\/li>\n<li>Interne Messskala: Einfache und pr\u00e4zise Messungen mit der internen Messskala.<\/li>\n<li>Leicht zu reinigen: Handwaschbar f\u00fcr eine einfache und gr\u00fcndliche Reinigung.<\/li>\n<li>Ergonomisches Design: Leicht zu greifen und bequem zu tragen, perfekt f\u00fcr den Einsatz im Fitnessstudio, bei der Arbeit oder unterwegs.<\/li>\n<\/ul>\n<p><\/p>\n<p><strong>Wie zu verwenden:<\/strong><\/p>\n<ol>\n<li>*Zutaten hinzuf\u00fcgen:*Gie\u00dfen Sie Wasser, Milch oder Ihr Lieblingsgetr\u00e4nk bis zur gew\u00fcnschten Messlinie.<\/li>\n<li>F\u00fcgen Sie das Pulver oder die Mischung hinzu: F\u00fcgen Sie Proteinpulver, Nahrungserg\u00e4nzungsmittel oder andere Zutaten hinzu.<\/li>\n<li>*Mixen:*Schrauben Sie den Deckel mit dem Sicherheitshebel sicher auf und sch\u00fctteln Sie ihn etwa 30 Sekunden lang kr\u00e4ftig. Das Mischgitter hilft, Klumpen zu vermeiden.<\/li>\n<li>Genie\u00dfen Sie Ihr Getr\u00e4nk: \u00d6ffnen Sie den Ausguss und genie\u00dfen Sie Ihren perfekt zubereiteten Smoothie oder Ihr Erg\u00e4nzungsgetr\u00e4nk.<\/li>\n<\/ol>\n<p><\/p>\n<p><strong>Pflegehinweise:<\/strong><\/p>\n<ul>\n<li>Vor dem ersten Gebrauch waschen.<\/li>\n<li>Nach jedem Gebrauch von Hand mit warmem Seifenwasser waschen.<\/li>\n<li>Lagern Sie den Sch\u00fcttler trocken und gut bel\u00fcftet.<\/li>\n<\/ul>\n<p><\/p>\n<p><strong>Hinweis:<\/strong><\/p>\n<ul>\n<li>Nicht mit hei\u00dfen Fl\u00fcssigkeiten verwenden.<\/li>\n<li>Nicht f\u00fcr die Mikrowelle oder den Gefrierschrank geeignet.<\/li>\n<li>Au\u00dferhalb der Reichweite von Kindern unter 3 Jahren aufbewahren.<\/li>\n<\/ul>","protected":false},"excerpt":{"rendered":"<p>Shaker aus Stahl Unser 700-ml-Shaker aus Stahl vereint Haltbarkeit und Stil und ist ein unverzichtbares Accessoire f\u00fcr alle, die schnell und einfach nahrhafte Getr\u00e4nke zubereiten m\u00f6chten. Perfekt f\u00fcr Sportler, Studenten und Berufst\u00e4tige, die viel unterwegs sind! Hauptmerkmale: Fassungsverm\u00f6gen: 700 ml - die ideale Gr\u00f6\u00dfe f\u00fcr alle Ihre Getr\u00e4nke vor und nach dem Training. Hochwertiges Material: Hergestellt aus langlebigem [...]<\/p>","protected":false},"featured_media":7106,"template":"","meta":[],"product_cat":[219],"product_tag":[114],"class_list":{"0":"post-7042","1":"product","2":"type-product","3":"status-publish","4":"has-post-thumbnail","6":"product_cat-accessories","7":"product_tag-accessories","9":"first","10":"instock","11":"taxable","12":"shipping-taxable","13":"purchasable","14":"product-type-simple"},"aioseo_notices":[],"_links":{"self":[{"href":"https:\/\/www.selfprotein.com\/de\/wp-json\/wp\/v2\/product\/7042"}],"collection":[{"href":"https:\/\/www.selfprotein.com\/de\/wp-json\/wp\/v2\/product"}],"about":[{"href":"https:\/\/www.selfprotein.com\/de\/wp-json\/wp\/v2\/types\/product"}],"wp:featuredmedia":[{"embeddable":true,"href":"https:\/\/www.selfprotein.com\/de\/wp-json\/wp\/v2\/media\/7106"}],"wp:attachment":[{"href":"https:\/\/www.selfprotein.com\/de\/wp-json\/wp\/v2\/media?parent=7042"}],"wp:term":[{"taxonomy":"product_cat","embeddable":true,"href":"https:\/\/www.selfprotein.com\/de\/wp-json\/wp\/v2\/product_cat?post=7042"},{"taxonomy":"product_tag","embeddable":true,"href":"https:\/\/www.selfprotein.com\/de\/wp-json\/wp\/v2\/product_tag?post=7042"}],"curies":[{"name":"wp","href":"https:\/\/api.w.org\/{rel}","templated":true}]}}