{"id":7043,"date":"2024-07-05T11:54:35","date_gmt":"2024-07-05T09:54:35","guid":{"rendered":"https:\/\/www.selfprotein.com\/?post_type=product&#038;p=7043"},"modified":"2026-05-01T00:24:24","modified_gmt":"2026-04-30T22:24:24","slug":"slimshaker","status":"publish","type":"product","link":"https:\/\/www.selfprotein.com\/de\/produkt\/slimshaker\/","title":{"rendered":"SlimShaker"},"content":{"rendered":"<p><strong>SlimShaker<\/strong><\/p>\n<p>Unser 400-ml-Slimshaker ist praktisch und funktionell und damit das perfekte Accessoire f\u00fcr die Zubereitung nahrhafter Getr\u00e4nke, wo immer Sie sind. Perfekt f\u00fcr Sportler, Studenten und Berufst\u00e4tige, die viel unterwegs sind!<\/p>\n<p><strong>Hauptmerkmale:<\/strong><\/p>\n<ul>\n<li>Fassungsverm\u00f6gen: 400 ml - die ideale Gr\u00f6\u00dfe f\u00fcr kompakte Pre- und Post-Workout-Getr\u00e4nke.<\/li>\n<li>Hochwertiges Material: Hergestellt aus haltbarem, BPA-freiem Kunststoff, der Sicherheit und Haltbarkeit gew\u00e4hrleistet.<\/li>\n<li>Mixer-Sieb: Das mitgelieferte Sieb sorgt f\u00fcr glatte, klumpenfreie Getr\u00e4nke.<\/li>\n<li>Fach f\u00fcr Pulver oder Tabletten: Ausgestattet mit einem praktischen integrierten Fach f\u00fcr Pulver oder Pillen, das die Zubereitung Ihrer Getr\u00e4nke erleichtert.<\/li>\n<li>Mess-Skala: Einfache und pr\u00e4zise Messungen mit der aufgedruckten Skala an der Seite des Sch\u00fcttlers.<\/li>\n<li>Leicht zu reinigen: Sp\u00fclmaschinenfest f\u00fcr eine einfache und gr\u00fcndliche Reinigung.<\/li>\n<li>Kompaktes Design: Leicht zu tragen, perfekt f\u00fcr den Einsatz im Fitnessstudio, bei der Arbeit oder unterwegs.<\/li>\n<\/ul>\n<p>&nbsp;<\/p>\n<p><strong>Wie zu verwenden:<\/strong><\/p>\n<ol>\n<li>F\u00fcgen Sie Ihre Zutaten hinzu: Gie\u00dfen Sie Wasser, Milch oder Ihr Lieblingsgetr\u00e4nk bis zur gew\u00fcnschten Messlinie.<\/li>\n<li>F\u00fcgen Sie das Pulver oder den Mix hinzu: Geben Sie Proteinpulver, Nahrungserg\u00e4nzungsmittel oder andere Zutaten in das daf\u00fcr vorgesehene Fach oder direkt in den Shaker.<\/li>\n<li>Mischen: Den Deckel fest aufschrauben und etwa 30 Sekunden lang kr\u00e4ftig sch\u00fctteln. Das Mischgitter hilft, Klumpen zu vermeiden.<\/li>\n<li>Genie\u00dfen Sie Ihr Getr\u00e4nk: \u00d6ffnen Sie den Ausguss und genie\u00dfen Sie Ihren perfekt zubereiteten Smoothie oder Ihr Erg\u00e4nzungsgetr\u00e4nk.<\/li>\n<\/ol>\n<p>&nbsp;<\/p>\n<p><strong>Pflegehinweise:<\/strong><\/p>\n<ul>\n<li>Vor dem ersten Gebrauch waschen.<\/li>\n<li>Nach jedem Gebrauch mit warmer Seifenlauge oder in der Sp\u00fclmaschine waschen.<\/li>\n<li>Lagern Sie den Sch\u00fcttler trocken und gut bel\u00fcftet.<\/li>\n<\/ul>\n<p>&nbsp;<\/p>\n<p><strong>Hinweis:<\/strong><\/p>\n<ul>\n<li>Nicht mit hei\u00dfen Fl\u00fcssigkeiten verwenden.<\/li>\n<li>Nicht f\u00fcr die Mikrowelle oder den Gefrierschrank geeignet.<\/li>\n<li>Au\u00dferhalb der Reichweite von Kindern unter 3 Jahren aufbewahren.<\/li>\n<\/ul>","protected":false},"excerpt":{"rendered":"<p>SlimShaker Unser 400-ml-Slimshaker ist praktisch und funktionell und damit das perfekte Zubeh\u00f6r f\u00fcr die Zubereitung nahrhafter Getr\u00e4nke, wo immer Sie sind. Perfekt f\u00fcr Sportler, Studenten und Berufst\u00e4tige, die viel unterwegs sind! Hauptmerkmale: Fassungsverm\u00f6gen: 400ml - die ideale Gr\u00f6\u00dfe f\u00fcr kompakte Pre- und Post-Workout-Drinks. Hochwertiges Material: Hergestellt aus haltbarem, BPA-freiem Kunststoff, der die Sicherheit [...]<\/p>","protected":false},"featured_media":7105,"template":"","meta":[],"product_cat":[219],"product_tag":[114],"class_list":{"0":"post-7043","1":"product","2":"type-product","3":"status-publish","4":"has-post-thumbnail","6":"product_cat-accessories","7":"product_tag-accessories","9":"first","10":"outofstock","11":"taxable","12":"shipping-taxable","13":"purchasable","14":"product-type-simple"},"aioseo_notices":[],"_links":{"self":[{"href":"https:\/\/www.selfprotein.com\/de\/wp-json\/wp\/v2\/product\/7043"}],"collection":[{"href":"https:\/\/www.selfprotein.com\/de\/wp-json\/wp\/v2\/product"}],"about":[{"href":"https:\/\/www.selfprotein.com\/de\/wp-json\/wp\/v2\/types\/product"}],"wp:featuredmedia":[{"embeddable":true,"href":"https:\/\/www.selfprotein.com\/de\/wp-json\/wp\/v2\/media\/7105"}],"wp:attachment":[{"href":"https:\/\/www.selfprotein.com\/de\/wp-json\/wp\/v2\/media?parent=7043"}],"wp:term":[{"taxonomy":"product_cat","embeddable":true,"href":"https:\/\/www.selfprotein.com\/de\/wp-json\/wp\/v2\/product_cat?post=7043"},{"taxonomy":"product_tag","embeddable":true,"href":"https:\/\/www.selfprotein.com\/de\/wp-json\/wp\/v2\/product_tag?post=7043"}],"curies":[{"name":"wp","href":"https:\/\/api.w.org\/{rel}","templated":true}]}}