{"id":7069,"date":"2024-10-26T11:18:46","date_gmt":"2024-10-26T09:18:46","guid":{"rendered":"https:\/\/www.selfprotein.com\/?post_type=product&#038;p=7069"},"modified":"2026-04-01T00:00:47","modified_gmt":"2026-03-31T22:00:47","slug":"carbohydrate-multilayer-monodose","status":"publish","type":"product","link":"https:\/\/www.selfprotein.com\/de\/produkt\/carbohydrate-multilayer-monodose\/","title":{"rendered":"Kohlenhydrat-Mehrschicht-Monodose"},"content":{"rendered":"<p><strong>Kohlenhydrat-Mehrschicht-Monodose<\/strong><\/p>\n<p>Steigern Sie Ihr Energieniveau mit der pr\u00e4zisen Kombination aus *D-Ribose* und *Cyclic Dextrin*, die Ihre Leistung von Anfang bis Ende unterst\u00fctzt. Genie\u00dfen Sie den erfrischenden Orangensaftgeschmack und versorgen Sie Ihren K\u00f6rper mit wichtigen N\u00e4hrstoffen.<\/p>\n<p>Erg\u00e4nzung zur Energiezufuhr und -erhaltung<br \/>\nF\u00fcr die Anwendung vor, w\u00e4hrend und nach k\u00f6rperlicher Aktivit\u00e4t.<\/p>\n<p>Hochkonzentrierte Formel<br \/>\nAngereichert mit MyoCell Energizer<br \/>\nKombination von D-Ribose und zyklischem Dextrin<\/p>\n<p><strong>Hinweis:<\/strong><\/p>\n<ul>\n<li>Sollte als Teil einer abwechslungsreichen, ausgewogenen Ern\u00e4hrung und einer gesunden Lebensweise verwendet werden.<\/li>\n<li>\u00dcberschreiten Sie nicht die empfohlene Dosis.<\/li>\n<li>Empfohlene Tagesdosis: 30 g (ca. 1 Messl\u00f6ffel) mit 400 ml Wasser in einem Shaker mischen.<\/li>\n<li>Nicht geeignet w\u00e4hrend der Stillzeit, Schwangerschaft und f\u00fcr Kinder.<\/li>\n<li>Konsultieren Sie vor der Anwendung einen Arzt, wenn Sie Medikamente einnehmen oder an einer Krankheit leiden.<\/li>\n<li>An einem trockenen Ort (2\u00b0C - 22\u00b0C), gut verschlossen und au\u00dferhalb der Reichweite von Kindern unter 3 Jahren aufbewahren.<\/li>\n<li>Kann Spuren von Ei, Soja, Hafer und Milch enthalten.<\/li>\n<li>Laktosefrei und Glutenfrei.<\/li>\n<\/ul>","protected":false},"excerpt":{"rendered":"<details>\n<summary>N\u00e4hrwertangaben<\/summary>\n<table style=\"text-align: center;\">\n<tbody>\n<tr>\n<th>N\u00e4hrwertangaben<\/th>\n<th>pro (100g)<\/th>\n<th>pro Portion (30 g)<\/th>\n<\/tr>\n<tr>\n<td>Energie<\/td>\n<td>376kcal\/1622kj<\/td>\n<td>112kcal\/468kj<\/td>\n<\/tr>\n<tr>\n<td>Fette<\/td>\n<td>0g<\/td>\n<td>0g<\/td>\n<\/tr>\n<tr>\n<td>Davon ges\u00e4ttigt<\/td>\n<td>0g<\/td>\n<td>0g<\/td>\n<\/tr>\n<tr>\n<td>Kohlenhydrate<\/td>\n<td>94g<\/td>\n<td>28g<\/td>\n<\/tr>\n<tr>\n<td>davon Zucker<\/td>\n<td>44g<\/td>\n<td>13g<\/td>\n<\/tr>\n<tr>\n<td>Protein<\/td>\n<td>0g<\/td>\n<td>0g<\/td>\n<\/tr>\n<tr>\n<td>Salz<\/td>\n<td>0g<\/td>\n<td>0g<\/td>\n<\/tr>\n<\/tbody>\n<\/table>\n<\/details>\n<p>&nbsp;<\/p>\n<details>\n<summary>Inhaltsstoffe<\/summary>\n<table style=\"text-align: center;\">\n<tbody>\n<tr>\n<td colspan=\"2\"><strong>Zutaten: <\/strong>Maltodextrin DE19, hochverzweigtes zyklisches Dextrin (15%), Maltodextrin DE15, Isomaltulose (15%), Maltodextrin DE6, D-Ribose (5%), S\u00e4ureregulator (E330), Aroma, Farbstoff (E160a), S\u00fc\u00dfstoff (E955).<\/td>\n<\/tr>\n<\/tbody>\n<\/table>\n<\/details>\n<p>&nbsp;<\/p>","protected":false},"featured_media":14024,"template":"","meta":[],"product_cat":[310,217],"product_tag":[315,230],"class_list":{"0":"post-7069","1":"product","2":"type-product","3":"status-publish","4":"has-post-thumbnail","6":"product_cat-performance-and-endurance","7":"product_cat-pre-workout-energy","8":"product_tag-performance-and-endurance","9":"product_tag-pre-workout-energy","11":"first","12":"instock","13":"taxable","14":"shipping-taxable","15":"purchasable","16":"product-type-simple"},"aioseo_notices":[],"_links":{"self":[{"href":"https:\/\/www.selfprotein.com\/de\/wp-json\/wp\/v2\/product\/7069"}],"collection":[{"href":"https:\/\/www.selfprotein.com\/de\/wp-json\/wp\/v2\/product"}],"about":[{"href":"https:\/\/www.selfprotein.com\/de\/wp-json\/wp\/v2\/types\/product"}],"wp:featuredmedia":[{"embeddable":true,"href":"https:\/\/www.selfprotein.com\/de\/wp-json\/wp\/v2\/media\/14024"}],"wp:attachment":[{"href":"https:\/\/www.selfprotein.com\/de\/wp-json\/wp\/v2\/media?parent=7069"}],"wp:term":[{"taxonomy":"product_cat","embeddable":true,"href":"https:\/\/www.selfprotein.com\/de\/wp-json\/wp\/v2\/product_cat?post=7069"},{"taxonomy":"product_tag","embeddable":true,"href":"https:\/\/www.selfprotein.com\/de\/wp-json\/wp\/v2\/product_tag?post=7069"}],"curies":[{"name":"wp","href":"https:\/\/api.w.org\/{rel}","templated":true}]}}