{"id":717,"date":"2023-11-27T13:32:01","date_gmt":"2023-11-27T12:32:01","guid":{"rendered":"https:\/\/34.88.231.180\/product\/joint-cartilage\/"},"modified":"2026-05-01T00:23:54","modified_gmt":"2026-04-30T22:23:54","slug":"joint-cartilage","status":"publish","type":"product","link":"https:\/\/www.selfprotein.com\/de\/produkt\/joint-cartilage\/","title":{"rendered":"Joint Cartilage"},"content":{"rendered":"<p style=\"text-align: left;\" align=\"center\"><strong><span lang=\"en-US\">Joint Cartilage<\/span><\/strong><\/p>\n<p><span lang=\"en-US\">Der Gelenkknorpel-Erg\u00e4nzungskomplex besteht aus einer Kombination von MSM (Methylsulfonylmethan), Vitamin C, Avocado, Kollagen, Chondroitinsulfat und Boswellia serrata, die alle die Gesundheit der Gelenke verbessern und Entz\u00fcndungen reduzieren sollen.<\/span><\/p>\n<p><span lang=\"en-US\">Gelenkknorpel bietet eine umfassende L\u00f6sung f\u00fcr die Gesundheit der Gelenke und stellt eine synergetische Kombination von N\u00e4hrstoffen und Verbindungen bereit, die zusammenwirken, um Entz\u00fcndungen zu verringern, die Beweglichkeit zu verbessern und Gelenkschmerzen zu lindern.<\/span><\/p>\n<p><span lang=\"en-US\">Hier sind die Vorteile der einzelnen Komponenten:<\/span><\/p>\n<ul>\n<li><strong><span lang=\"en-US\">MSM (Methylsulfonylmethan):<\/span><\/strong><span lang=\"en-US\"> MSM ist eine Schwefelverbindung, die nachweislich entz\u00fcndungshemmend wirkt und Gelenkschmerzen und Steifheit lindert.<\/span><\/li>\n<li><strong><span lang=\"en-US\">Vitamin C:<\/span><\/strong><span lang=\"en-US\"> Dieses Antioxidans unterst\u00fctzt die Kollagensynthese, die f\u00fcr die Gesundheit der Gelenke unerl\u00e4sslich ist, und reduziert Entz\u00fcndungen und oxidativen Stress.<\/span><\/li>\n<li><strong><span lang=\"en-US\">Avocado:<\/span><\/strong><span lang=\"en-US\"> Neben gesunden Fetten, Ballaststoffen, Vitaminen und Mineralien enth\u00e4lt die Avocado auch entz\u00fcndungshemmende Stoffe, die Gelenkschmerzen und Steifheit verringern k\u00f6nnen.<\/span><\/li>\n<li><strong><span lang=\"en-US\">Kollagen:<\/span><\/strong><span lang=\"en-US\"> Dieses Strukturprotein ist von entscheidender Bedeutung f\u00fcr die Gesundheit der Gelenke, da es sie st\u00fctzt und polstert. Kollagenpr\u00e4parate k\u00f6nnen Schmerzen und Steifheit lindern, insbesondere bei Menschen mit Osteoarthritis.<\/span><\/li>\n<li><strong><span lang=\"en-US\">Chondroitin-Sulfat:<\/span><\/strong><span lang=\"en-US\"> Dieses Glykosaminoglykan kommt nat\u00fcrlich im Knorpel vor und unterst\u00fctzt die Reparatur und den Erhalt des Gelenkgewebes, wodurch Schmerzen und Steifheit verringert werden.<\/span><\/li>\n<li><strong><span lang=\"en-US\">Boswellia Serrata:<\/span><\/strong><span lang=\"en-US\"> Dieser Kr\u00e4uterextrakt wirkt stark entz\u00fcndungshemmend und hilft, Gelenkschmerzen und Steifheit zu lindern, und wird in der traditionellen Medizin zur Behandlung von Entz\u00fcndungen eingesetzt.<\/span><\/li>\n<\/ul>\n<p>&nbsp;<\/p>\n<p><strong><span lang=\"en-US\">Empfohlene Verwendung<\/span><\/strong><\/p>\n<p><span lang=\"en-US\">Nehmen Sie 3 Kapseln \u00fcber den Tag verteilt ein.<\/span><\/p>\n<p><b>Hinweis:<\/b><\/p>\n<ul>\n<li>Nur f\u00fcr Erwachsene und ersetzt nicht eine abwechslungsreiche, ausgewogene Ern\u00e4hrung und eine gesunde Lebensweise.<\/li>\n<li>\u00dcberschreiten Sie nicht die empfohlene Dosis.<\/li>\n<li>Verwenden Sie es nicht w\u00e4hrend der Stillzeit, Schwangerschaft Perioden ohne R\u00fccksprache mit dem Arzt.<\/li>\n<li>Lagern Sie das Produkt an einem k\u00fchlen, trockenen Ort in einer gut verschlossenen Verpackung au\u00dferhalb der Reichweite von Kindern unter 3 Jahren.<\/li>\n<li>Kann Spuren von Ei, Soja, Hafer und Milch enthalten.<\/li>\n<li>Laktosefrei und Glutenfrei.<\/li>\n<\/ul>","protected":false},"excerpt":{"rendered":"<details>\n<summary>Inhaltsstoffe<\/summary>\n<table style=\"text-align: center;\">\n<tbody>\n<tr>\n<th>Inhaltsstoffe<\/th>\n<th>pro 3cps (%NRV)<\/th>\n<\/tr>\n<tr>\n<td>MSM (Methylsulfonymethan)<\/td>\n<td>1200mg<\/td>\n<\/tr>\n<tr>\n<td>Vitamin C (Ascorbins\u00e4ure)<\/td>\n<td>240 (300%)<\/td>\n<\/tr>\n<tr>\n<td>Avocado-Extrakt 20:1 (Persea Americana mill. fructus)<\/td>\n<td>195mg<\/td>\n<\/tr>\n<tr>\n<td>Typ-II-Kollagenextrakt (Kollagen und Sternumknorpel)<\/td>\n<td>195mg<\/td>\n<\/tr>\n<tr>\n<td>Chondroitin (Sulfat)<\/td>\n<td>195mg<\/td>\n<\/tr>\n<tr>\n<td>Boswellia serrata extract resina, gummi (35% Boswellias\u00e4uren)<\/td>\n<td>195mg<\/td>\n<\/tr>\n<tr>\n<td>H.A. (Hyalurons\u00e4ure)<\/td>\n<td>100mg<\/td>\n<\/tr>\n<tr>\n<td colspan=\"2\"><strong>Andere Inhaltsstoffe: <\/strong>Gelatinekapsel (Rind), Stabilisierungsmittel (E953, E470b, E551)<\/td>\n<\/tr>\n<tr>\n<td colspan=\"2\"><strong>*%NRV <\/strong>t\u00e4glicher N\u00e4hrstoff-Referenzwert<\/td>\n<\/tr>\n<\/tbody>\n<\/table>\n<\/details>\n<p>&nbsp;<\/p>","protected":false},"featured_media":13888,"template":"","meta":[],"product_cat":[311,214],"product_tag":[317,258],"class_list":{"0":"post-717","1":"product","2":"type-product","3":"status-publish","4":"has-post-thumbnail","6":"product_cat-recovery-and-regeneration","7":"product_cat-vitamins-wellness","8":"product_tag-recovery-and-regeneration","9":"product_tag-vitamins-wellness","11":"first","12":"instock","13":"sale","14":"taxable","15":"shipping-taxable","16":"purchasable","17":"product-type-simple"},"aioseo_notices":[],"_links":{"self":[{"href":"https:\/\/www.selfprotein.com\/de\/wp-json\/wp\/v2\/product\/717"}],"collection":[{"href":"https:\/\/www.selfprotein.com\/de\/wp-json\/wp\/v2\/product"}],"about":[{"href":"https:\/\/www.selfprotein.com\/de\/wp-json\/wp\/v2\/types\/product"}],"wp:featuredmedia":[{"embeddable":true,"href":"https:\/\/www.selfprotein.com\/de\/wp-json\/wp\/v2\/media\/13888"}],"wp:attachment":[{"href":"https:\/\/www.selfprotein.com\/de\/wp-json\/wp\/v2\/media?parent=717"}],"wp:term":[{"taxonomy":"product_cat","embeddable":true,"href":"https:\/\/www.selfprotein.com\/de\/wp-json\/wp\/v2\/product_cat?post=717"},{"taxonomy":"product_tag","embeddable":true,"href":"https:\/\/www.selfprotein.com\/de\/wp-json\/wp\/v2\/product_tag?post=717"}],"curies":[{"name":"wp","href":"https:\/\/api.w.org\/{rel}","templated":true}]}}