{"id":732,"date":"2023-11-27T13:42:29","date_gmt":"2023-11-27T12:42:29","guid":{"rendered":"https:\/\/34.88.231.180\/product\/light-legs\/"},"modified":"2026-04-01T00:00:21","modified_gmt":"2026-03-31T22:00:21","slug":"light-legs","status":"publish","type":"product","link":"https:\/\/www.selfprotein.com\/de\/produkt\/light-legs\/","title":{"rendered":"Light Legs"},"content":{"rendered":"<p style=\"text-align: left;\" align=\"center\"><strong><span lang=\"en-US\">Light Legs<\/span><\/strong><\/p>\n<p><span lang=\"en-US\">Light Legs ist ein Nahrungserg\u00e4nzungsmittel gegen Schwere- und M\u00fcdigkeitsgef\u00fchle in den Beinen, das mit Kalium angereichert ist und eine gezielte L\u00f6sung zur Verbesserung der Durchblutung und zur F\u00f6rderung des Wohlbefindens der Beine darstellt. Die Kombination von gezielten Inhaltsstoffen wirkt synergetisch, um Herausforderungen im Zusammenhang mit der Durchblutung und der Gesundheit der Beine anzugehen und bietet denjenigen, die aufgrund verschiedener Faktoren unter schweren Beinen leiden, Linderung.<\/span><\/p>\n<p><span lang=\"en-US\">Vorteile von Light Legs:<\/span><\/p>\n<ul>\n<li><strong><span lang=\"en-US\">Verbesserung der Blutzirkulation in den Beinen:<\/span><\/strong><span lang=\"en-US\"> Die ausgew\u00e4hlten Inhaltsstoffe verbessern die Blutzirkulation in den Beinen und helfen, das Gef\u00fchl von Schwere und M\u00fcdigkeit zu verringern.<\/span><\/li>\n<li><strong><span lang=\"en-US\">Verringerung des Schweregef\u00fchls und der Schwellungen in den Beinen<\/span><\/strong><span lang=\"en-US\"><strong>:<\/strong> Dank des Vorhandenseins von Flavonoiden wie Diosmin und Hesperidin tr\u00e4gt das Pr\u00e4parat dazu bei, die Durchl\u00e4ssigkeit der Blutgef\u00e4\u00dfe zu verringern und das Gef\u00fchl von Schwellungen und Schweregef\u00fchl in den Beinen zu lindern.<\/span><\/li>\n<li><strong><span lang=\"en-US\">Unterst\u00fctzung der Gesundheit der Blutgef\u00e4\u00dfe:<\/span><\/strong><span lang=\"en-US\"> Inhaltsstoffe wie Centella Asiatica und Extrakte aus Heidelbeeren und Traubenkernen f\u00f6rdern die Gesundheit der Blutgef\u00e4\u00dfe und tragen dazu bei, ihre Integrit\u00e4t und Funktionalit\u00e4t zu erhalten.<\/span><\/li>\n<li><strong><span lang=\"en-US\">Regulierung des Elektrolyt-Wasser-Haushalts durch Kalium:<\/span><\/strong><span lang=\"en-US\"> Kalium ist an der Regulierung des Wasserhaushalts und der Muskelfunktion beteiligt, unterst\u00fctzt die Kontraktion und Entspannung der Muskeln und tr\u00e4gt zum allgemeinen Wohlbefinden der Beine bei.<\/span><\/li>\n<li><strong><span lang=\"en-US\">Zufuhr von Antioxidantien zum Schutz der Blutgef\u00e4\u00dfe vor oxidativen Sch\u00e4den:<\/span><\/strong><span lang=\"en-US\"> Die Vitamine C und E sowie andere antioxidative Verbindungen, die in dem Pr\u00e4parat enthalten sind, tragen dazu bei, die Blutgef\u00e4\u00dfe vor oxidativen Sch\u00e4den zu sch\u00fctzen und ihre Gesundheit und Funktionalit\u00e4t zu erhalten.<\/span><\/li>\n<li><strong><span lang=\"en-US\">Verbesserung der Mikrozirkulation:<\/span><\/strong><span lang=\"en-US\"> Das Vorhandensein von Vitamin B3 tr\u00e4gt zur Verbesserung der Mikrozirkulation bei, indem es den Blutfluss durch kleine Gef\u00e4\u00dfe wie die Kapillaren erleichtert und so eine effizientere Verteilung von Sauerstoff und N\u00e4hrstoffen im Gewebe gew\u00e4hrleistet.<\/span><\/li>\n<\/ul>\n<p>&nbsp;<\/p>\n<p><strong><span lang=\"en-US\">Empfohlene Verwendung<\/span><\/strong><\/p>\n<p><span lang=\"en-US\">Nehmen Sie 3 Kapseln \u00fcber den Tag verteilt ein.<\/span><\/p>\n<p><b>Hinweis:<\/b><\/p>\n<ul>\n<li>Nur f\u00fcr Erwachsene und ersetzt nicht eine abwechslungsreiche, ausgewogene Ern\u00e4hrung und eine gesunde Lebensweise.<\/li>\n<li>\u00dcberschreiten Sie nicht die empfohlene Dosis.<\/li>\n<li>Verwenden Sie es nicht w\u00e4hrend der Stillzeit, Schwangerschaft Perioden ohne R\u00fccksprache mit dem Arzt.<\/li>\n<li>Lagern Sie das Produkt an einem k\u00fchlen, trockenen Ort in einer gut verschlossenen Verpackung au\u00dferhalb der Reichweite von Kindern unter 3 Jahren.<\/li>\n<li>Kann Spuren von Milch, Hafer, Ei und Soja enthalten.<\/li>\n<li>Laktosefrei und Glutenfrei.<\/li>\n<\/ul>","protected":false},"excerpt":{"rendered":"<details>\n<summary>Inhaltsstoffe<\/summary>\n<table style=\"text-align: center;\">\n<tbody>\n<tr>\n<th>Inhaltsstoffe<\/th>\n<th>pro 3cps<\/th>\n<th>%NRV*<\/th>\n<\/tr>\n<tr>\n<td>Kalium (Kalium Clhorid)<\/td>\n<td>390mg<\/td>\n<td>20<\/td>\n<\/tr>\n<tr>\n<td>Heidelbeere (Vaccinum corymbosum (L) fructus)<\/td>\n<td>450mg<\/td>\n<td><\/td>\n<\/tr>\n<tr>\n<td>Diosmin (aus Citrus aurantium-extrakt-fructus)<\/td>\n<td>400mg<\/td>\n<td><\/td>\n<\/tr>\n<tr>\n<td>Gotu Kola (Centella Asiatica (L.) Urb e.s. folium)<\/td>\n<td>201mg<\/td>\n<td><\/td>\n<\/tr>\n<tr>\n<td>Traubenkerne (Vitis vinifera, Samen)<\/td>\n<td>100mg<\/td>\n<td><\/td>\n<\/tr>\n<tr>\n<td>Hesperidin (aus Citrus aurantium-extrakt-fructus)<\/td>\n<td>50mg<\/td>\n<td><\/td>\n<\/tr>\n<tr>\n<td>Vitamin C (L-Ascorbins\u00e4ure)<\/td>\n<td>80mg<\/td>\n<td>100<\/td>\n<\/tr>\n<tr>\n<td>Vitamin E (D-Alpha-Tochoperol)<\/td>\n<td>12mg<\/td>\n<td>100<\/td>\n<\/tr>\n<tr>\n<td>Vitamin B3 (Nicotinamid)<\/td>\n<td>16mg<\/td>\n<td>100<\/td>\n<\/tr>\n<tr>\n<td colspan=\"3\"><strong>Andere Inhaltsstoffe: <\/strong>Maltodextrin, Stabilisierungsmittel (E470b), vegane Kapsel (E1204)<\/td>\n<\/tr>\n<tr>\n<td colspan=\"3\"><strong>*%NRV:<\/strong>ern\u00e4hrungsphysiologischer Referenzwert<\/td>\n<\/tr>\n<\/tbody>\n<\/table>\n<\/details>\n<p>&nbsp;<\/p>","protected":false},"featured_media":733,"template":"","meta":[],"product_cat":[312,214],"product_tag":[314,258],"class_list":{"0":"post-732","1":"product","2":"type-product","3":"status-publish","4":"has-post-thumbnail","6":"product_cat-health-and-wellness","7":"product_cat-vitamins-wellness","8":"product_tag-health-and-wellness","9":"product_tag-vitamins-wellness","11":"first","12":"instock","13":"taxable","14":"shipping-taxable","15":"purchasable","16":"product-type-simple"},"aioseo_notices":[],"_links":{"self":[{"href":"https:\/\/www.selfprotein.com\/de\/wp-json\/wp\/v2\/product\/732"}],"collection":[{"href":"https:\/\/www.selfprotein.com\/de\/wp-json\/wp\/v2\/product"}],"about":[{"href":"https:\/\/www.selfprotein.com\/de\/wp-json\/wp\/v2\/types\/product"}],"wp:featuredmedia":[{"embeddable":true,"href":"https:\/\/www.selfprotein.com\/de\/wp-json\/wp\/v2\/media\/733"}],"wp:attachment":[{"href":"https:\/\/www.selfprotein.com\/de\/wp-json\/wp\/v2\/media?parent=732"}],"wp:term":[{"taxonomy":"product_cat","embeddable":true,"href":"https:\/\/www.selfprotein.com\/de\/wp-json\/wp\/v2\/product_cat?post=732"},{"taxonomy":"product_tag","embeddable":true,"href":"https:\/\/www.selfprotein.com\/de\/wp-json\/wp\/v2\/product_tag?post=732"}],"curies":[{"name":"wp","href":"https:\/\/api.w.org\/{rel}","templated":true}]}}