{"id":735,"date":"2023-11-27T13:42:33","date_gmt":"2023-11-27T12:42:33","guid":{"rendered":"https:\/\/34.88.231.180\/product\/lipofit-advance\/"},"modified":"2026-05-01T00:23:54","modified_gmt":"2026-04-30T22:23:54","slug":"lipofit-advance","status":"publish","type":"product","link":"https:\/\/www.selfprotein.com\/de\/produkt\/lipofit-advance\/","title":{"rendered":"Lipofit Advance"},"content":{"rendered":"<p style=\"text-align: left;\" align=\"center\"><strong><span lang=\"en-US\">Lipofit Fortgeschritten<\/span><\/strong><\/p>\n<p><span lang=\"en-US\">Lipofit Advanced ist eine Formulierung von Nahrungserg\u00e4nzungsmitteln, die eine Reihe von N\u00e4hrstoffen zur Unterst\u00fctzung der allgemeinen Gesundheit und des Wohlbefindens enth\u00e4lt. Jeder dieser Inhaltsstoffe wurde auf seine potenziellen gesundheitlichen Vorteile hin untersucht und bietet vielf\u00e4ltige Unterst\u00fctzung f\u00fcr verschiedene Aspekte von K\u00f6rper und Geist.<\/span><\/p>\n<p><span lang=\"en-US\">Vorteile von Lipofit Advanced:<\/span><\/p>\n<ul>\n<li><strong><span lang=\"en-US\">CLA (konjugierte Linols\u00e4ure):<\/span><\/strong><span lang=\"en-US\"> CLA ist daf\u00fcr bekannt, die Gewichtsabnahme zu unterst\u00fctzen und die K\u00f6rperzusammensetzung zu verbessern, wobei einige Studien auf eine Verringerung des K\u00f6rperfetts und eine Zunahme der fettfreien Masse hinweisen.<\/span><\/li>\n<li><strong><span lang=\"en-US\">Wakame: <\/span><\/strong><span lang=\"en-US\">Der Zusatz von Wakame, einer Meeresalge, die reich an Jod und anderen N\u00e4hrstoffen ist, kann die Gesundheit der Schilddr\u00fcse f\u00f6rdern und m\u00f6glicherweise die kardiovaskul\u00e4re Gesundheit und die Gewichtsabnahme unterst\u00fctzen.<\/span><\/li>\n<li><strong><span lang=\"en-US\">Natriumhyaluronat:<\/span><\/strong><span lang=\"en-US\"> Diese Nahrungserg\u00e4nzung ist wichtig f\u00fcr die Gesunderhaltung der Gelenke und der Haut, wobei einige Studien auf eine verbesserte Hydratation und Elastizit\u00e4t der Haut sowie auf eine Verringerung der Gelenkschmerzen hinweisen.<\/span><\/li>\n<li><strong><span lang=\"en-US\">Vitamin C:<\/span><\/strong><span lang=\"en-US\"> Vitamin C ist wichtig f\u00fcr das Immunsystem, die Gesundheit der Haut und die Wundheilung und wirkt als Antioxidans zum Schutz des K\u00f6rpers vor oxidativem Stress.<\/span><\/li>\n<li><strong><span lang=\"en-US\">Acai:<\/span><\/strong><span lang=\"en-US\"> Acai ist f\u00fcr seinen hohen Gehalt an Antioxidantien bekannt, die sich positiv auf die Reduzierung von Entz\u00fcndungen, die Verbesserung des Cholesterinspiegels und die Gewichtsabnahme auswirken k\u00f6nnen.<\/span><\/li>\n<li><strong><span lang=\"en-US\">Vitamin B3 (Niacin):<\/span><\/strong><span lang=\"en-US\"> Niacin ist wichtig f\u00fcr die Energieproduktion, die Gesundheit des Nervensystems und die Gesundheit der Haut und kann auch zur Verbesserung des Cholesterinspiegels und zur Verringerung des kardiovaskul\u00e4ren Risikos beitragen.<\/span><\/li>\n<li><strong><span lang=\"en-US\">Biotin<\/span><\/strong><span lang=\"en-US\"><strong>:<\/strong> Dieses B-Vitamin ist wichtig f\u00fcr die Gesundheit von Haaren, Haut und N\u00e4geln und tr\u00e4gt wesentlich zur Sch\u00f6nheit und Vitalit\u00e4t bei.<\/span><\/li>\n<\/ul>\n<p>&nbsp;<\/p>\n<p><strong><span lang=\"en-US\">Empfohlene Verwendung<\/span><\/strong><\/p>\n<p><span lang=\"en-US\">Maximal 3 Kapseln pro Tag.<\/span><\/p>\n<p><b>Hinweis:<\/b><\/p>\n<ul>\n<li>Nur f\u00fcr Erwachsene und ersetzt nicht eine abwechslungsreiche, ausgewogene Ern\u00e4hrung und eine gesunde Lebensweise.<\/li>\n<li>\u00dcberschreiten Sie nicht die empfohlene Dosis.<\/li>\n<li>Verwenden Sie es nicht w\u00e4hrend der Stillzeit, Schwangerschaft Perioden ohne R\u00fccksprache mit dem Arzt.<\/li>\n<li>Lagern Sie das Produkt an einem k\u00fchlen, trockenen Ort in einer gut verschlossenen Verpackung au\u00dferhalb der Reichweite von Kindern unter 3 Jahren.<\/li>\n<li>Kann Spuren von Milch, Hafer, Ei und Soja enthalten.<\/li>\n<li>Laktosefrei und Glutenfrei.<\/li>\n<\/ul>","protected":false},"excerpt":{"rendered":"<details>\n<summary>Inhaltsstoffe<\/summary>\n<table style=\"text-align: center;\">\n<tbody>\n<tr>\n<th>Inhaltsstoffe<\/th>\n<th>pro 3cps<\/th>\n<th>%NRV*<\/th>\n<\/tr>\n<tr>\n<td>Konjugierte Linols\u00e4ure<\/td>\n<td>300mg<\/td>\n<td><\/td>\n<\/tr>\n<tr>\n<td>Wakame e.s (30% Fucoxanthin)(Undaria pinnatifida, Thallus)<\/td>\n<td>150mg<\/td>\n<td><\/td>\n<\/tr>\n<tr>\n<td>Natriumhyaluronat<\/td>\n<td>150mg<\/td>\n<td><\/td>\n<\/tr>\n<tr>\n<td>Vitamin C (L-Ascorbins\u00e4ure)<\/td>\n<td>120mg<\/td>\n<td>150<\/td>\n<\/tr>\n<tr>\n<td>Acai (Euterpe olaracea Mart. fructus) e.s<\/td>\n<td>60mg<\/td>\n<td><\/td>\n<\/tr>\n<tr>\n<td>Vitamin B3 (Nikotins\u00e4ure)<\/td>\n<td>10mg<\/td>\n<td>63<\/td>\n<\/tr>\n<tr>\n<td>Biotin (D-Biotin)<\/td>\n<td>450\u03bcg<\/td>\n<td>900<\/td>\n<\/tr>\n<tr>\n<td colspan=\"3\"><strong>Sonstige Bestandteile: <\/strong>Stabilisierungsmittel (E470b, E551), vegane Kapsel (E1204)<\/td>\n<\/tr>\n<tr>\n<td colspan=\"3\"><strong>*%NRV <\/strong>ern\u00e4hrungsphysiologischer Referenzwert<\/td>\n<\/tr>\n<\/tbody>\n<\/table>\n<\/details>\n<p>&nbsp;<\/p>","protected":false},"featured_media":736,"template":"","meta":[],"product_cat":[155,309],"product_tag":[163,319],"class_list":{"0":"post-735","1":"product","2":"type-product","3":"status-publish","4":"has-post-thumbnail","6":"product_cat-weight-control-metabolism","7":"product_cat-weight-management-and-definition","8":"product_tag-weight-control-metabolism","9":"product_tag-weight-management-and-definition","11":"first","12":"instock","13":"sale","14":"taxable","15":"shipping-taxable","16":"purchasable","17":"product-type-simple"},"aioseo_notices":[],"_links":{"self":[{"href":"https:\/\/www.selfprotein.com\/de\/wp-json\/wp\/v2\/product\/735"}],"collection":[{"href":"https:\/\/www.selfprotein.com\/de\/wp-json\/wp\/v2\/product"}],"about":[{"href":"https:\/\/www.selfprotein.com\/de\/wp-json\/wp\/v2\/types\/product"}],"wp:featuredmedia":[{"embeddable":true,"href":"https:\/\/www.selfprotein.com\/de\/wp-json\/wp\/v2\/media\/736"}],"wp:attachment":[{"href":"https:\/\/www.selfprotein.com\/de\/wp-json\/wp\/v2\/media?parent=735"}],"wp:term":[{"taxonomy":"product_cat","embeddable":true,"href":"https:\/\/www.selfprotein.com\/de\/wp-json\/wp\/v2\/product_cat?post=735"},{"taxonomy":"product_tag","embeddable":true,"href":"https:\/\/www.selfprotein.com\/de\/wp-json\/wp\/v2\/product_tag?post=735"}],"curies":[{"name":"wp","href":"https:\/\/api.w.org\/{rel}","templated":true}]}}