{"id":741,"date":"2023-11-27T13:42:41","date_gmt":"2023-11-27T12:42:41","guid":{"rendered":"https:\/\/34.88.231.180\/product\/magnesium\/"},"modified":"2026-05-01T00:23:57","modified_gmt":"2026-04-30T22:23:57","slug":"magnesium","status":"publish","type":"product","link":"https:\/\/www.selfprotein.com\/de\/produkt\/magnesium\/","title":{"rendered":"Magnesium"},"content":{"rendered":"<p style=\"text-align: left\" align=\"center\"><strong><span lang=\"en-US\">Magnesium-Pulver<\/span><\/strong><\/p>\n<p><span lang=\"en-US\">Magnesium spielt im Sport eine entscheidende Rolle, da es an einer Reihe grundlegender biologischer Prozesse f\u00fcr die sportliche Leistung beteiligt ist. Dieser Mineralstoff spielt eine Schl\u00fcsselrolle bei der Energieproduktion, der Muskelfunktion, dem Elektrolytgleichgewicht und der Knochengesundheit und hat einen direkten Einfluss auf die Ausdauer, die Kraft und die Muskelflexibilit\u00e4t der Sportler.<\/span><\/p>\n<p><span lang=\"en-US\">Vorteile des Magnesiumpulvers:<\/span><\/p>\n<ul>\n<li><strong><span lang=\"en-US\">Energieerzeugung:<\/span><\/strong><\/li>\n<\/ul>\n<p><span lang=\"en-US\">- Magnesium ist unerl\u00e4sslich f\u00fcr die ATP-Produktion, die prim\u00e4re Energiequelle f\u00fcr die Muskelkontraktion.<\/span><br \/>\n<span lang=\"en-US\">- Ein angemessener Magnesiumspiegel ist entscheidend, um Erm\u00fcdung vorzubeugen und eine ausreichende Ausdauer w\u00e4hrend des Sports zu gew\u00e4hrleisten.<\/span><\/p>\n<ul>\n<li><strong><span lang=\"en-US\">Muskelfunktion:<\/span><\/strong><\/li>\n<\/ul>\n<p><span lang=\"en-US\">- Es tr\u00e4gt zur Regulierung der Muskelkontraktion und -entspannung bei, was f\u00fcr die Aufrechterhaltung der Muskelkraft und -flexibilit\u00e4t unerl\u00e4sslich ist.<\/span><br \/>\n<span lang=\"en-US\">- Magnesium kann Sportlern helfen, ihre Leistung zu verbessern und Muskelverletzungen zu vermeiden.<\/span><\/p>\n<ul>\n<li><strong><span lang=\"en-US\">Elektrolytgleichgewicht:<\/span><\/strong><\/li>\n<\/ul>\n<p><span lang=\"en-US\">- Als Elektrolyt unterst\u00fctzt Magnesium die Aufrechterhaltung des Fl\u00fcssigkeits- und Mineralstoffgleichgewichts im K\u00f6rper.<\/span><br \/>\n<span lang=\"en-US\">- Es ist besonders wichtig f\u00fcr Sportler, die w\u00e4hrend des Trainings durch den Schwei\u00df Fl\u00fcssigkeit und Elektrolyte verlieren, und hilft, Dehydrierung und Elektrolyt-Ungleichgewichte zu vermeiden.<\/span><\/p>\n<ul>\n<li><strong><span lang=\"en-US\">Gesundheit der Knochen:<\/span><\/strong><\/li>\n<\/ul>\n<p><span lang=\"en-US\">- Magnesium ist entscheidend f\u00fcr die Gesundheit von Knochen und Z\u00e4hnen und verringert das Risiko von Stressfrakturen und anderen Knochenverletzungen bei Sportlern.<\/span><br \/>\n<span lang=\"en-US\">- Die Aufrechterhaltung eines optimalen Magnesiumspiegels kann dazu beitragen, eine solide und widerstandsf\u00e4hige Knochenstruktur zu gew\u00e4hrleisten, die f\u00fcr eine intensive und lange k\u00f6rperliche Aktivit\u00e4t unerl\u00e4sslich ist.<\/span><\/p>\n<p><strong><span lang=\"en-US\">Empfohlene Verwendung<\/span><\/strong><\/p>\n<p><span lang=\"en-US\">1 Portion pro Tag.<\/span><\/p>\n<p><b>Hinweis:<\/b><\/p>\n<ul>\n<li>Nur f\u00fcr Erwachsene und ersetzt nicht eine abwechslungsreiche, ausgewogene Ern\u00e4hrung und eine gesunde Lebensweise.<\/li>\n<li>\u00dcberschreiten Sie nicht die empfohlene Dosis.<\/li>\n<li>Verwenden Sie es nicht w\u00e4hrend der Stillzeit, Schwangerschaft Perioden ohne R\u00fccksprache mit dem Arzt.<\/li>\n<li>Lagern Sie das Produkt an einem k\u00fchlen, trockenen Ort in einer gut verschlossenen Verpackung au\u00dferhalb der Reichweite von Kindern unter 3 Jahren.<\/li>\n<li>Kann Spuren von Milch, Hafer, Ei und Soja enthalten.<\/li>\n<li>Laktosefrei und Glutenfrei.<\/li>\n<\/ul>","protected":false},"excerpt":{"rendered":"<p>Magnesiumpulver Magnesium spielt im Sport eine entscheidende Rolle, da es an einer Reihe grundlegender biologischer Prozesse f\u00fcr die sportliche Leistung beteiligt ist. Dieser Mineralstoff spielt eine Schl\u00fcsselrolle bei der Energieproduktion, der Muskelfunktion, dem Elektrolytgleichgewicht und der Knochengesundheit und hat einen direkten Einfluss auf die Ausdauer, die Kraft und die Muskelflexibilit\u00e4t der Sportler. Vorteile von Magnesiumpulver: Energieproduktion: - Magnesium ist ein wesentlicher [...]<\/p>","protected":false},"featured_media":12757,"template":"","meta":[],"product_cat":[311,214],"product_tag":[317,258],"class_list":{"0":"post-741","1":"product","2":"type-product","3":"status-publish","4":"has-post-thumbnail","6":"product_cat-recovery-and-regeneration","7":"product_cat-vitamins-wellness","8":"product_tag-recovery-and-regeneration","9":"product_tag-vitamins-wellness","11":"first","12":"instock","13":"taxable","14":"shipping-taxable","15":"purchasable","16":"product-type-variable"},"aioseo_notices":[],"_links":{"self":[{"href":"https:\/\/www.selfprotein.com\/de\/wp-json\/wp\/v2\/product\/741"}],"collection":[{"href":"https:\/\/www.selfprotein.com\/de\/wp-json\/wp\/v2\/product"}],"about":[{"href":"https:\/\/www.selfprotein.com\/de\/wp-json\/wp\/v2\/types\/product"}],"wp:featuredmedia":[{"embeddable":true,"href":"https:\/\/www.selfprotein.com\/de\/wp-json\/wp\/v2\/media\/12757"}],"wp:attachment":[{"href":"https:\/\/www.selfprotein.com\/de\/wp-json\/wp\/v2\/media?parent=741"}],"wp:term":[{"taxonomy":"product_cat","embeddable":true,"href":"https:\/\/www.selfprotein.com\/de\/wp-json\/wp\/v2\/product_cat?post=741"},{"taxonomy":"product_tag","embeddable":true,"href":"https:\/\/www.selfprotein.com\/de\/wp-json\/wp\/v2\/product_tag?post=741"}],"curies":[{"name":"wp","href":"https:\/\/api.w.org\/{rel}","templated":true}]}}