{"id":747,"date":"2023-11-27T13:42:58","date_gmt":"2023-11-27T12:42:58","guid":{"rendered":"https:\/\/34.88.231.180\/product\/maltodextrin\/"},"modified":"2026-05-01T00:23:57","modified_gmt":"2026-04-30T22:23:57","slug":"maltodextrin","status":"publish","type":"product","link":"https:\/\/www.selfprotein.com\/de\/produkt\/maltodextrin\/","title":{"rendered":"Maltodextrin"},"content":{"rendered":"<p style=\"text-align: left;\" align=\"center\"><strong><span lang=\"en-US\">Maltodextrin<\/span><\/strong><\/p>\n<p><span lang=\"en-US\">Maltodextrine sind weit verbreitete Nahrungserg\u00e4nzungsmittel, die dank ihrer Zusammensetzung aus Einfachzuckern, die miteinander verbunden sind und vom K\u00f6rper schnell aufgenommen werden k\u00f6nnen, f\u00fcr eine schnelle Energiezufuhr sorgen. Sie sind besonders beliebt bei Sportlern und Menschen, die intensive k\u00f6rperliche Aktivit\u00e4ten aus\u00fcben, da sie eine Reihe von wichtigen Vorteilen bieten:<\/span><\/p>\n<p><span lang=\"en-US\">Vorteile von Maltodextrinen:<\/span><\/p>\n<ul>\n<li><strong><span lang=\"en-US\">Rasche Wiederauff\u00fcllung der Energie:<\/span><\/strong><span lang=\"en-US\"> Maltodextrine bieten eine sofortige Energiequelle bei intensiver oder l\u00e4ngerer k\u00f6rperlicher Bet\u00e4tigung und tragen dazu bei, ein optimales Leistungsniveau aufrechtzuerhalten und eine fr\u00fchzeitige Erm\u00fcdung zu verhindern.<\/span><\/li>\n<li><strong><span lang=\"en-US\">Unterst\u00fctzung der Muskelerholung:<\/span><\/strong><span lang=\"en-US\"> Nach intensivem Training k\u00f6nnen Maltodextrin-Nahrungserg\u00e4nzungen zusammen mit Proteinen oder anderen N\u00e4hrstoffen zur F\u00f6rderung der Muskelerholung verwendet werden, um die verbrauchten Glykogenreserven aufzuf\u00fcllen und den Wiederaufbau des Gewebes zu unterst\u00fctzen.<\/span><\/li>\n<li><strong><span lang=\"en-US\">Erh\u00f6hte Kalorienzufuhr:<\/span><\/strong><span lang=\"en-US\"> Maltodextrine sind ein wirksames Mittel, um die t\u00e4gliche Kalorienzufuhr zu erh\u00f6hen. Sie eignen sich daher f\u00fcr Personen mit hohem Energiebedarf oder f\u00fcr diejenigen, die auf gesunde und kontrollierte Weise zunehmen wollen.<\/span><\/li>\n<li><strong><span lang=\"en-US\">Einfacher Verbrauch:<\/span><\/strong><span lang=\"en-US\"> Maltodextrin-Nahrungserg\u00e4nzungsmittel sind in verschiedenen Formen erh\u00e4ltlich, darunter Pulver und Getr\u00e4nke, und k\u00f6nnen leicht in die t\u00e4gliche Ern\u00e4hrung integriert werden, was eine bequeme und praktische Einnahme erm\u00f6glicht.<\/span><\/li>\n<li><strong><span lang=\"en-US\">Vielseitigkeit im Einsatz:<\/span><\/strong><span lang=\"en-US\"> Maltodextrine k\u00f6nnen allein oder in Kombination mit anderen Nahrungserg\u00e4nzungsmitteln oder Lebensmitteln eingenommen werden, um den spezifischen Bed\u00fcrfnissen jedes Einzelnen gerecht zu werden, und bieten so Flexibilit\u00e4t bei der Ern\u00e4hrung und Nahrungserg\u00e4nzung.<\/span><\/li>\n<\/ul>\n<p><\/p>\n<p><span lang=\"en-US\">Aufgrund ihrer F\u00e4higkeit, sofort Energie zu liefern und die Muskelregeneration zu unterst\u00fctzen, sind Maltodextrine zu einer beliebten Option f\u00fcr Sportler und aktive Menschen geworden, die ihre Leistung maximieren und eine schnelle Muskelregeneration f\u00f6rdern wollen.<\/span><\/p>\n<p><strong><span lang=\"en-US\">Empfohlene Verwendung<\/span><\/strong><\/p>\n<p><span lang=\"en-US\">1 Portion vor und w\u00e4hrend des Trainings zur Unterst\u00fctzung der sportlichen Leistung. Direkt nach k\u00f6rperlicher Aktivit\u00e4t zur Wiederherstellung der Muskelglykogenreserven.<\/span><\/p>\n<p><b>Hinweis:<\/b><\/p>\n<ul>\n<li>Nur f\u00fcr Erwachsene und ersetzt nicht eine abwechslungsreiche, ausgewogene Ern\u00e4hrung und eine gesunde Lebensweise.<\/li>\n<li>\u00dcberschreiten Sie nicht die empfohlene Dosis.<\/li>\n<li>Verwenden Sie es nicht w\u00e4hrend der Stillzeit, Schwangerschaft Perioden ohne R\u00fccksprache mit dem Arzt.<\/li>\n<li>Lagern Sie das Produkt an einem k\u00fchlen, trockenen Ort in einer gut verschlossenen Verpackung.<\/li>\n<li>Kann Spuren von Milch, Hafer, Ei und Soja enthalten.<\/li>\n<li>Laktosefrei und Glutenfrei.<\/li>\n<\/ul>","protected":false},"excerpt":{"rendered":"<p>Maltodextrin Maltodextrine sind weit verbreitete Nahrungserg\u00e4nzungsmittel, die dank ihrer Zusammensetzung aus Einfachzuckern, die miteinander verbunden sind und vom K\u00f6rper schnell assimiliert werden k\u00f6nnen, f\u00fcr eine schnelle Energiezufuhr sorgen. Sie sind besonders bei Sportlern und Personen, die intensive k\u00f6rperliche Aktivit\u00e4ten aus\u00fcben, beliebt und bieten eine Reihe von wichtigen Vorteilen: Vorteile von Maltodextrinen: Schnelle Energiezufuhr: Maltodextrine [...]<\/p>","protected":false},"featured_media":6229,"template":"","meta":[],"product_cat":[310,217],"product_tag":[315,230],"class_list":{"0":"post-747","1":"product","2":"type-product","3":"status-publish","4":"has-post-thumbnail","6":"product_cat-performance-and-endurance","7":"product_cat-pre-workout-energy","8":"product_tag-performance-and-endurance","9":"product_tag-pre-workout-energy","11":"first","12":"instock","13":"taxable","14":"shipping-taxable","15":"purchasable","16":"product-type-variable"},"aioseo_notices":[],"_links":{"self":[{"href":"https:\/\/www.selfprotein.com\/de\/wp-json\/wp\/v2\/product\/747"}],"collection":[{"href":"https:\/\/www.selfprotein.com\/de\/wp-json\/wp\/v2\/product"}],"about":[{"href":"https:\/\/www.selfprotein.com\/de\/wp-json\/wp\/v2\/types\/product"}],"wp:featuredmedia":[{"embeddable":true,"href":"https:\/\/www.selfprotein.com\/de\/wp-json\/wp\/v2\/media\/6229"}],"wp:attachment":[{"href":"https:\/\/www.selfprotein.com\/de\/wp-json\/wp\/v2\/media?parent=747"}],"wp:term":[{"taxonomy":"product_cat","embeddable":true,"href":"https:\/\/www.selfprotein.com\/de\/wp-json\/wp\/v2\/product_cat?post=747"},{"taxonomy":"product_tag","embeddable":true,"href":"https:\/\/www.selfprotein.com\/de\/wp-json\/wp\/v2\/product_tag?post=747"}],"curies":[{"name":"wp","href":"https:\/\/api.w.org\/{rel}","templated":true}]}}