{"id":753,"date":"2023-11-27T13:43:10","date_gmt":"2023-11-27T12:43:10","guid":{"rendered":"https:\/\/34.88.231.180\/product\/mass-active-gainer\/"},"modified":"2026-04-01T16:50:52","modified_gmt":"2026-04-01T14:50:52","slug":"mass-active-gainer","status":"publish","type":"product","link":"https:\/\/www.selfprotein.com\/de\/produkt\/mass-active-gainer\/","title":{"rendered":"Mass Active Gainer"},"content":{"rendered":"<p style=\"text-align: left;\" align=\"center\"><strong><span lang=\"en-US\">Mass Active Gainer<\/span><\/strong><\/p>\n<p><span lang=\"en-US\">Mass Active Gainer ist ein Nahrungserg\u00e4nzungsmittel, das speziell zur Unterst\u00fctzung von Personen entwickelt wurde, die an Gewicht oder Muskelmasse zunehmen m\u00f6chten. Mit einer ausgewogenen Kombination aus Proteinen, Kohlenhydraten, Fetten, Vitaminen und Mineralien zielt dieses Produkt auf eine umfassende Unterst\u00fctzung des Muskelwachstums und der Erholung ab. Seine Proteinbasis, die aus Molkenprotein gewonnen wird, bietet eine schnelle Absorption zur F\u00f6rderung der Muskelproteinsynthese.<\/span><\/p>\n<p><span lang=\"en-US\">Vorteile von Mass Active Gainer:<\/span><\/p>\n<ul>\n<li><strong><span lang=\"en-US\">Hochwertige Proteine f\u00fcr die Muskelsynthese:<\/span><\/strong><span lang=\"en-US\"> Das Vorhandensein von Molkenprotein f\u00f6rdert die schnelle Muskelproteinsynthese und tr\u00e4gt so zum Muskelwachstum und zur Erholung bei.<\/span><\/li>\n<li><strong><span lang=\"en-US\">Schnell verdauliche Kohlenhydrate f\u00fcr Energie:<\/span><\/strong><span lang=\"en-US\"> Kohlenhydrate aus Maltodextrinen sorgen f\u00fcr eine schnelle Verdauung, f\u00fcllen die Glykogenspeicher effektiv auf und liefern die notwendige Energie f\u00fcr intensive Trainingseinheiten.<\/span><\/li>\n<li><strong><span lang=\"en-US\">Optimale Ausgewogenheit der N\u00e4hrstoffe: <\/span><\/strong><span lang=\"en-US\">Mass Active Whey Gainer bietet eine ausgewogene Kombination aus Proteinen, Kohlenhydraten und Fetten und unterst\u00fctzt damit umfassend eine gesunde Gewichtszunahme.<\/span><\/li>\n<li><strong><span lang=\"en-US\">Integration von wichtigen Vitaminen und Mineralien:<\/span><\/strong><span lang=\"en-US\"> Zus\u00e4tzlich zu den Makron\u00e4hrstoffen liefert dieses Nahrungserg\u00e4nzungsmittel Vitamine wie C und E, B-Vitamine und Zink und tr\u00e4gt so zur allgemeinen Gesundheit und zum Wohlbefinden bei.<\/span><\/li>\n<li><strong><span lang=\"en-US\">Unterst\u00fctzung der Muskelerholung:<\/span><\/strong><span lang=\"en-US\"> Das Vorhandensein von Schl\u00fcsseln\u00e4hrstoffen f\u00f6rdert die Erholung der Muskeln nach dem Training, verringert das Risiko von Erm\u00fcdung und verbessert die F\u00e4higkeit, die folgenden Trainingseinheiten zu bew\u00e4ltigen.<\/span><\/li>\n<\/ul>\n<p>&nbsp;<\/p>\n<p><strong><span lang=\"en-US\">Empfohlene Verwendung<\/span><\/strong><\/p>\n<p><span lang=\"en-US\">Eine Portion direkt nach dem Sport oder 1-2 Portionen w\u00e4hrend des Tages f\u00fcr diejenigen, die mit einer Gewichtszunahme k\u00e4mpfen.<\/span><\/p>\n<p><b>Hinweis:<\/b><\/p>\n<ul>\n<li>Nur f\u00fcr Erwachsene und ersetzt nicht eine abwechslungsreiche, ausgewogene Ern\u00e4hrung und eine gesunde Lebensweise.<\/li>\n<li>\u00dcberschreiten Sie nicht die empfohlene Dosis.<\/li>\n<li>Verwenden Sie es nicht w\u00e4hrend der Stillzeit, Schwangerschaft Perioden ohne R\u00fccksprache mit dem Arzt.<\/li>\n<li>Lagern Sie das Produkt an einem k\u00fchlen, trockenen Ort in einer gut verschlossenen Verpackung au\u00dferhalb der Reichweite von Kindern unter 3 Jahren.<\/li>\n<li>Kann Spuren von Hafer, Ei und Soja enthalten.<\/li>\n<li>Glutenfrei.<\/li>\n<\/ul>","protected":false},"excerpt":{"rendered":"<p>Mass Active Gainer Mass Active Gainer ist ein Nahrungserg\u00e4nzungsmittel, das speziell zur Unterst\u00fctzung von Personen entwickelt wurde, die mit einer Gewichts- oder Muskelzunahme k\u00e4mpfen. Mit einer ausgewogenen Kombination aus Proteinen, Kohlenhydraten, Fetten, Vitaminen und Mineralien zielt dieses Produkt auf eine umfassende Unterst\u00fctzung des Muskelwachstums und der Erholung ab. Seine Proteinbasis, die aus Molkenprotein gewonnen wird, bietet eine schnelle Absorption [...]<\/p>","protected":false},"featured_media":755,"template":"","meta":[],"product_cat":[154,308],"product_tag":[162,318],"class_list":{"0":"post-753","1":"product","2":"type-product","3":"status-publish","4":"has-post-thumbnail","6":"product_cat-gain-performance","7":"product_cat-strength-and-muscle-mass","8":"product_tag-gain-performance","9":"product_tag-strength-and-muscle-mass","11":"first","12":"instock","13":"taxable","14":"shipping-taxable","15":"purchasable","16":"product-type-variable"},"aioseo_notices":[],"_links":{"self":[{"href":"https:\/\/www.selfprotein.com\/de\/wp-json\/wp\/v2\/product\/753"}],"collection":[{"href":"https:\/\/www.selfprotein.com\/de\/wp-json\/wp\/v2\/product"}],"about":[{"href":"https:\/\/www.selfprotein.com\/de\/wp-json\/wp\/v2\/types\/product"}],"wp:featuredmedia":[{"embeddable":true,"href":"https:\/\/www.selfprotein.com\/de\/wp-json\/wp\/v2\/media\/755"}],"wp:attachment":[{"href":"https:\/\/www.selfprotein.com\/de\/wp-json\/wp\/v2\/media?parent=753"}],"wp:term":[{"taxonomy":"product_cat","embeddable":true,"href":"https:\/\/www.selfprotein.com\/de\/wp-json\/wp\/v2\/product_cat?post=753"},{"taxonomy":"product_tag","embeddable":true,"href":"https:\/\/www.selfprotein.com\/de\/wp-json\/wp\/v2\/product_tag?post=753"}],"curies":[{"name":"wp","href":"https:\/\/api.w.org\/{rel}","templated":true}]}}