{"id":771,"date":"2023-11-27T13:44:03","date_gmt":"2023-11-27T12:44:03","guid":{"rendered":"https:\/\/34.88.231.180\/product\/mct-oil\/"},"modified":"2026-04-01T00:00:24","modified_gmt":"2026-03-31T22:00:24","slug":"mct-oil","status":"publish","type":"product","link":"https:\/\/www.selfprotein.com\/de\/produkt\/mct-oil\/","title":{"rendered":"MCT Oil"},"content":{"rendered":"<p style=\"text-align: left;\" align=\"center\"><strong><span lang=\"en-US\">MCT Oil<\/span><\/strong><\/p>\n<p><span lang=\"en-US\">MCT-\u00d6l, das aus mittelkettigen Triglyceriden (MCTs) gewonnen wird, ist eine vielseitige und n\u00fctzliche Ern\u00e4hrungsoption f\u00fcr eine Vielzahl von Zwecken. MCT-\u00d6l, das haupts\u00e4chlich aus Kokosnuss\u00f6l und anderen nat\u00fcrlichen Quellen gewonnen wird, ist bekannt f\u00fcr seine schnelle Verstoffwechselung im K\u00f6rper und seine F\u00e4higkeit, sofort Energie zu liefern, was es zu einer wertvollen Erg\u00e4nzung in verschiedenen Ern\u00e4hrungskontexten und f\u00fcr das allgemeine Wohlbefinden macht.<\/span><\/p>\n<p><span lang=\"en-US\">Vorteile von MCT-\u00d6l:<\/span><\/p>\n<ul>\n<li><strong><span lang=\"en-US\">Schneller Stoffwechsel:<\/span><\/strong><\/li>\n<\/ul>\n<p><span lang=\"en-US\">- Dank ihrer mittelkettigen Struktur werden MCTs vom K\u00f6rper schnell verstoffwechselt, liefern sofort Energie und unterst\u00fctzen den Stoffwechsel.<\/span><\/p>\n<ul>\n<li><strong><span lang=\"en-US\">Energiequelle f\u00fcr die ketogene Di\u00e4t:<\/span><\/strong><\/li>\n<\/ul>\n<p><span lang=\"en-US\">- Bei der ketogenen Di\u00e4t wird MCT-\u00d6l h\u00e4ufig verwendet, da mittelkettige Triglyceride schnell in Ketone umgewandelt werden, die dem K\u00f6rper als alternative Energiequelle dienen.<\/span><\/p>\n<ul>\n<li><strong><span lang=\"en-US\">Vielseitigkeit im Einsatz:<\/span><\/strong><\/li>\n<\/ul>\n<p><span lang=\"en-US\">- MCT-\u00d6l kann auf verschiedene Weise verwendet werden, z. B. als Speise\u00f6l zum Braten oder als Zusatz zu Getr\u00e4nken wie Kaffee, Smoothies und Tee, um die Energie zu steigern und das S\u00e4ttigungsgef\u00fchl zu verbessern.<\/span><\/p>\n<ul>\n<li><strong><span lang=\"en-US\">Gewichtsmanagement:<\/span><\/strong><\/li>\n<\/ul>\n<p><span lang=\"en-US\">- MCT-\u00d6l kann zu einem anhaltenden S\u00e4ttigungsgef\u00fchl beitragen, den Appetit kontrollieren und die Gewichtsabnahme unterst\u00fctzen, wenn es in eine ausgewogene Ern\u00e4hrung integriert wird.<\/span><\/p>\n<p><strong><span lang=\"en-US\">Empfohlene Verwendung<\/span><\/strong><\/p>\n<p><span lang=\"en-US\">Eine Dosis (15 ml) pro Tag.<\/span><\/p>\n<p><b>Hinweis:<\/b><\/p>\n<ul>\n<li>\u00a0Nur f\u00fcr Erwachsene und ersetzt nicht eine abwechslungsreiche, ausgewogene Ern\u00e4hrung und eine gesunde Lebensweise.<\/li>\n<li>\u00a0\u00dcberschreiten Sie nicht die empfohlene Dosis.<\/li>\n<li>\u00a0Verwenden Sie es nicht w\u00e4hrend der Stillzeit, Schwangerschaft Perioden ohne R\u00fccksprache mit dem Arzt.<\/li>\n<li>\u00a0Lagern Sie das Produkt an einem k\u00fchlen, trockenen Ort in einer gut verschlossenen Verpackung.<\/li>\n<li>Laktosefrei und Glutenfrei.<\/li>\n<\/ul>","protected":false},"excerpt":{"rendered":"<details>\n<summary>N\u00e4hrwertangaben<\/summary>\n<table style=\"text-align: center;\">\n<tbody>\n<tr>\n<th>N\u00e4hrwertangaben<\/th>\n<th>100ML<\/th>\n<th>15ml<\/th>\n<\/tr>\n<tr>\n<td>Energie<\/td>\n<td>900kcal\/3762kj<\/td>\n<td>135kcal\/546kj<\/td>\n<\/tr>\n<tr>\n<td>Fette<\/td>\n<td>100g<\/td>\n<td>15g<\/td>\n<\/tr>\n<tr>\n<td>davon ges\u00e4ttigt<\/td>\n<td>100g<\/td>\n<td>15g<\/td>\n<\/tr>\n<tr>\n<td>Kohlenhydrate<\/td>\n<td>0g<\/td>\n<td>0g<\/td>\n<\/tr>\n<tr>\n<td>davon Zucker<\/td>\n<td>0g<\/td>\n<td>0g<\/td>\n<\/tr>\n<tr>\n<td>Protein<\/td>\n<td>0g<\/td>\n<td>0g<\/td>\n<\/tr>\n<tr>\n<td>Salz<\/td>\n<td>0g<\/td>\n<td>0g<\/td>\n<\/tr>\n<tr>\n<td>Fetts\u00e4ureverteilung pro 100g:<br \/>\nGes\u00e4ttigte Fetts\u00e4uren insgesamt (mct):100g<\/td>\n<td colspan=\"2\">davon Capryls\u00e4ure (C8:0): 50-65g<br \/>\ndavon Caprins\u00e4ure (C10:0): 30-45g<br \/>\ndavon Caprons\u00e4ure (C6:0): 2g<br \/>\ndavon: Laurins\u00e4ure (C12:0): 2g<br \/>\ndavon Myristins\u00e4ure (C14:0): 1g<br \/>\ndavon Palmitins\u00e4ure (C16:0): 1g<\/td>\n<\/tr>\n<\/tbody>\n<\/table>\n<\/details>\n<p>&nbsp;<\/p>\n<details>\n<summary>Inhaltsstoffe<\/summary>\n<table style=\"text-align: center;\">\n<tbody>\n<tr>\n<td><strong>Zutaten: <\/strong>100% pflanzliches Kokosnuss\u00f6l (mittelkettige Triglyceride, mct)<\/td>\n<\/tr>\n<\/tbody>\n<\/table>\n<\/details>\n<p>&nbsp;<\/p>","protected":false},"featured_media":772,"template":"","meta":[],"product_cat":[155,309],"product_tag":[163,319],"class_list":{"0":"post-771","1":"product","2":"type-product","3":"status-publish","4":"has-post-thumbnail","6":"product_cat-weight-control-metabolism","7":"product_cat-weight-management-and-definition","8":"product_tag-weight-control-metabolism","9":"product_tag-weight-management-and-definition","11":"first","12":"instock","13":"taxable","14":"shipping-taxable","15":"purchasable","16":"product-type-simple"},"aioseo_notices":[],"_links":{"self":[{"href":"https:\/\/www.selfprotein.com\/de\/wp-json\/wp\/v2\/product\/771"}],"collection":[{"href":"https:\/\/www.selfprotein.com\/de\/wp-json\/wp\/v2\/product"}],"about":[{"href":"https:\/\/www.selfprotein.com\/de\/wp-json\/wp\/v2\/types\/product"}],"wp:featuredmedia":[{"embeddable":true,"href":"https:\/\/www.selfprotein.com\/de\/wp-json\/wp\/v2\/media\/772"}],"wp:attachment":[{"href":"https:\/\/www.selfprotein.com\/de\/wp-json\/wp\/v2\/media?parent=771"}],"wp:term":[{"taxonomy":"product_cat","embeddable":true,"href":"https:\/\/www.selfprotein.com\/de\/wp-json\/wp\/v2\/product_cat?post=771"},{"taxonomy":"product_tag","embeddable":true,"href":"https:\/\/www.selfprotein.com\/de\/wp-json\/wp\/v2\/product_tag?post=771"}],"curies":[{"name":"wp","href":"https:\/\/api.w.org\/{rel}","templated":true}]}}