{"id":774,"date":"2023-11-27T13:44:07","date_gmt":"2023-11-27T12:44:07","guid":{"rendered":"https:\/\/34.88.231.180\/product\/mega-tribulus\/"},"modified":"2026-05-01T00:23:59","modified_gmt":"2026-04-30T22:23:59","slug":"tribulus-terrestris","status":"publish","type":"product","link":"https:\/\/www.selfprotein.com\/de\/produkt\/tribulus-terrestris\/","title":{"rendered":"Tribulus Terrestris"},"content":{"rendered":"<p style=\"text-align: left\" align=\"center\"><strong><span lang=\"en-US\">Tribulus Terrestris<\/span><\/strong><\/p>\n<p><span lang=\"en-US\">Tribulus terrestris ist eine Pflanze, die seit Jahrhunderten in der traditionellen Medizin, wie z. B. im Ayurveda und in der traditionellen chinesischen Medizin, f\u00fcr eine breite Palette von gesundheitlichen Vorteilen verwendet wird.<\/span><\/p>\n<p><span lang=\"en-US\">Die Einnahme von Tribulus terrestris Nahrungserg\u00e4nzungsmitteln k\u00f6nnte eine gute Wahl f\u00fcr diejenigen sein, die ihre sexuelle Gesundheit, ihr Energieniveau und ihre k\u00f6rperliche Leistungsf\u00e4higkeit verbessern wollen, aber es ist wichtig, immer einen Arzt zu konsultieren, bevor man mit einer Nahrungserg\u00e4nzungskur beginnt.<\/span><\/p>\n<p><span lang=\"en-US\">Hier sind einige der Vorteile, die mit Tribulus terrestris verbunden sind:<\/span><\/p>\n<ul>\n<li><strong><span lang=\"en-US\">Erh\u00f6hter Testosteronspiegel:<\/span><\/strong><span lang=\"en-US\"> Nahrungserg\u00e4nzungsmittel mit Tribulus terrestris werden h\u00e4ufig als nat\u00fcrliche Testosteronverst\u00e4rker beworben, da die in der Pflanze enthaltenen Saponine die Produktion dieses wichtigen Hormons anregen sollen.<\/span><\/li>\n<li><strong><span lang=\"en-US\">Gesteigerte sportliche Leistung:<\/span><\/strong><span lang=\"en-US\"> Studien legen nahe, dass der Tribulus terrestris die k\u00f6rperliche Leistungsf\u00e4higkeit verbessern kann, indem er die Erm\u00fcdung verringert und die Ausdauer bei sportlicher Bet\u00e4tigung steigert, was insbesondere f\u00fcr Sportler und Sportbegeisterte von Vorteil sein k\u00f6nnte.<\/span><\/li>\n<li><strong><span lang=\"en-US\">Verbesserte sexuelle Funktion:<\/span><\/strong><span lang=\"en-US\"> Tribulus terrestris wurde in einigen Studien mit einer Verbesserung der sexuellen Funktion und der Libido in Verbindung gebracht, was potenzielle Vorteile f\u00fcr diejenigen bietet, die ihre sexuelle Gesundheit und ihr allgemeines Wohlbefinden verbessern wollen.<\/span><\/li>\n<li><strong><span lang=\"en-US\">Unterst\u00fctzung der allgemeinen Gesundheit:<\/span><\/strong><span lang=\"en-US\"> Neben seiner angeblichen Wirkung auf das Testosteron kann der Tribulus terrestris dank seiner antioxidativen und entz\u00fcndungshemmenden Eigenschaften auch andere gesundheitliche Vorteile bieten, die zum allgemeinen Wohlbefinden beitragen k\u00f6nnen.<\/span><\/li>\n<\/ul>\n<p><\/p>\n<p><strong><span lang=\"en-US\">Empfohlene Verwendung<\/span><\/strong><\/p>\n<p><span lang=\"en-US\">Nehmen Sie 3 Tabletten vor dem Schlafengehen oder 30-45 Minuten vor dem Sport ein.<\/span><\/p>\n<p class=\"xmprfx_MsoNormal\"><b>Hinweis:<\/b><\/p>\n<ul>\n<li>\u00a0Nur f\u00fcr Erwachsene und ersetzt nicht eine abwechslungsreiche, ausgewogene Ern\u00e4hrung und eine gesunde Lebensweise.<\/li>\n<li>\u00a0\u00dcberschreiten Sie nicht die empfohlene Dosis.<\/li>\n<li>\u00a0Verwenden Sie es nicht w\u00e4hrend der Stillzeit, Schwangerschaft Perioden ohne R\u00fccksprache mit dem Arzt.<\/li>\n<li>\u00a0Lagern Sie das Produkt an einem k\u00fchlen, trockenen Ort in einer gut verschlossenen Verpackung au\u00dferhalb der Reichweite von Kindern unter 3 Jahren.<\/li>\n<li>Kann Spuren von Milch, Hafer, Ei und Soja enthalten.<\/li>\n<li>Laktosefrei und Glutenfrei.<\/li>\n<\/ul>","protected":false},"excerpt":{"rendered":"<details>\n<summary>Inhaltsstoffe<\/summary>\n<table style=\"text-align: center\">\n<tbody>\n<tr>\n<th>Inhaltsstoffe<\/th>\n<th>pro Portion 3Tabs<\/th>\n<\/tr>\n<tr>\n<td>Tribulus Terrestris e.s. fructus (90% Saponine)<\/td>\n<td>2400mg<\/td>\n<\/tr>\n<tr>\n<td colspan=\"2\"><strong>Andere Inhaltsstoffe: <\/strong>Stabilisierungsmittel (E460, E470b, E551)<\/td>\n<\/tr>\n<\/tbody>\n<\/table>\n<\/details>\n<p>&nbsp;<\/p>","protected":false},"featured_media":13894,"template":"","meta":[],"product_cat":[154,308],"product_tag":[162,318],"class_list":{"0":"post-774","1":"product","2":"type-product","3":"status-publish","4":"has-post-thumbnail","6":"product_cat-gain-performance","7":"product_cat-strength-and-muscle-mass","8":"product_tag-gain-performance","9":"product_tag-strength-and-muscle-mass","11":"first","12":"instock","13":"taxable","14":"shipping-taxable","15":"purchasable","16":"product-type-simple"},"aioseo_notices":[],"_links":{"self":[{"href":"https:\/\/www.selfprotein.com\/de\/wp-json\/wp\/v2\/product\/774"}],"collection":[{"href":"https:\/\/www.selfprotein.com\/de\/wp-json\/wp\/v2\/product"}],"about":[{"href":"https:\/\/www.selfprotein.com\/de\/wp-json\/wp\/v2\/types\/product"}],"wp:featuredmedia":[{"embeddable":true,"href":"https:\/\/www.selfprotein.com\/de\/wp-json\/wp\/v2\/media\/13894"}],"wp:attachment":[{"href":"https:\/\/www.selfprotein.com\/de\/wp-json\/wp\/v2\/media?parent=774"}],"wp:term":[{"taxonomy":"product_cat","embeddable":true,"href":"https:\/\/www.selfprotein.com\/de\/wp-json\/wp\/v2\/product_cat?post=774"},{"taxonomy":"product_tag","embeddable":true,"href":"https:\/\/www.selfprotein.com\/de\/wp-json\/wp\/v2\/product_tag?post=774"}],"curies":[{"name":"wp","href":"https:\/\/api.w.org\/{rel}","templated":true}]}}