{"id":822,"date":"2023-11-27T13:45:44","date_gmt":"2023-11-27T12:45:44","guid":{"rendered":"https:\/\/34.88.231.180\/product\/mind-focus\/"},"modified":"2026-05-01T00:23:59","modified_gmt":"2026-04-30T22:23:59","slug":"mind-focus","status":"publish","type":"product","link":"https:\/\/www.selfprotein.com\/de\/produkt\/mind-focus\/","title":{"rendered":"Mind Focus"},"content":{"rendered":"<p style=\"text-align: left\" align=\"center\"><strong><span lang=\"en-US\">Mind Focus<\/span><\/strong><\/p>\n<p><span lang=\"en-US\">Der Mind Focus Booster ist ein gro\u00dfer Fortschritt auf dem Gebiet der Nahrungserg\u00e4nzungsmittel zur Optimierung von geistiger Klarheit, Konzentration und Fokus. Dieses fortschrittliche Nahrungserg\u00e4nzungsmittel richtet sich an eine Vielzahl von Personen, darunter Studenten, Berufst\u00e4tige, Sportler und alle, die ihre kognitiven F\u00e4higkeiten verbessern m\u00f6chten, um ihre geistige Produktivit\u00e4t zu maximieren.<\/span><\/p>\n<p><span lang=\"en-US\">Vorteile von Mind Focus Booster:<\/span><\/p>\n<ul>\n<li><strong><span lang=\"en-US\">Verbesserte Konzentration und geistige Klarheit:<\/span><\/strong><span lang=\"en-US\"> Seine einzigartige Formel, angereichert mit nootropischen Inhaltsstoffen, f\u00f6rdert eine hohe geistige Konzentration und eine \u00fcberlegene Klarheit der Gedanken.<\/span><\/li>\n<li><strong><span lang=\"en-US\">Verbessertes Ged\u00e4chtnis und kognitive Funktion:<\/span><\/strong><span lang=\"en-US\"> Mit dem wichtigen Beitrag von Bacopa Monnieri, einer bekannten Pflanze zur Verbesserung des Ged\u00e4chtnisses, unterst\u00fctzt das Produkt die kognitiven Funktionen erheblich.<\/span><\/li>\n<li><strong><span lang=\"en-US\">Verringerung von Stress und geistiger Erm\u00fcdung:<\/span><\/strong><span lang=\"en-US\"> Das enthaltene L-Theanin wirkt entspannend, reduziert Stress und tr\u00e4gt zu einem ruhigeren und widerstandsf\u00e4higeren Geist bei.<\/span><\/li>\n<li><strong><span lang=\"en-US\">Erh\u00f6hte geistige Wachsamkeit und Vigilanz:<\/span><\/strong><span lang=\"en-US\"> Dank der stimulierenden Wirkung von Guarana steigert Mind Focus Booster die geistige Wachheit und erh\u00f6ht die Wachsamkeit und Reaktionsf\u00e4higkeit.<\/span><\/li>\n<li><strong><span lang=\"en-US\">Langfristige Unterst\u00fctzung f\u00fcr die Gesundheit des Gehirns:<\/span><\/strong><span lang=\"en-US\"> Essenzielle Nahrungserg\u00e4nzungsmittel wie die Vitamine B6, B9 (Fols\u00e4ure) und B12 tragen zur Gesundheit des Nervensystems bei und unterst\u00fctzen langfristig die kognitive Funktion.<\/span><\/li>\n<\/ul>\n<p>&nbsp;<\/p>\n<p><strong><span lang=\"en-US\">Empfohlene Verwendung<\/span><\/strong><\/p>\n<p><span lang=\"en-US\">Es wird empfohlen, 2 Kapseln in Momenten geistiger M\u00fcdigkeit einzunehmen.<\/span><\/p>\n<p><strong>Hinweis:<\/strong><\/p>\n<ul>\n<li>Nur f\u00fcr Erwachsene und ersetzt nicht eine abwechslungsreiche, ausgewogene Ern\u00e4hrung und eine gesunde Lebensweise.<\/li>\n<li>\u00dcberschreiten Sie nicht die empfohlene Dosis.<\/li>\n<li>Verwenden Sie es nicht w\u00e4hrend der Stillzeit, Schwangerschaft Perioden ohne R\u00fccksprache mit dem Arzt.<\/li>\n<li>Lagern Sie das Produkt an einem k\u00fchlen, trockenen Ort in einer gut verschlossenen Verpackung au\u00dferhalb der Reichweite von Kindern unter 3 Jahren.<\/li>\n<li>Kann Spuren von Milch, Hafer, Ei und Soja enthalten.<\/li>\n<li>Laktosefrei und Glutenfrei.<\/li>\n<\/ul>","protected":false},"excerpt":{"rendered":"<details>\n<summary>Inhaltsstoffe<\/summary>\n<table style=\"text-align: center\">\n<tbody>\n<tr>\n<th>N\u00e4hrwertangaben<\/th>\n<th>pro 2 cps<\/th>\n<th>%NRV*<\/th>\n<\/tr>\n<tr>\n<td>Guaran\u00e0 (Paullinia Cupana Kunth) Samen e.s tit 22% Koffein<\/td>\n<td>400mg<\/td>\n<td><\/td>\n<\/tr>\n<tr>\n<td>davon Koffein<\/td>\n<td>88mg<\/td>\n<td><\/td>\n<\/tr>\n<tr>\n<td>L-Theanin<\/td>\n<td>300mg<\/td>\n<td><\/td>\n<\/tr>\n<tr>\n<td>Rhodiola Rosea, L. radix) e.s. tit 3% In rosavin<\/td>\n<td>300mg<\/td>\n<td><\/td>\n<\/tr>\n<tr>\n<td>davon Rosavin<\/td>\n<td>9g<\/td>\n<td><\/td>\n<\/tr>\n<tr>\n<td>Bacopa Monnieri (L.) Pennel herba e.s tit 55% Bacosid<\/td>\n<td>200g<\/td>\n<td><\/td>\n<\/tr>\n<tr>\n<td>davon Bacosid<\/td>\n<td>110mg<\/td>\n<td><\/td>\n<\/tr>\n<tr>\n<td>Vitamin B6 (Pyridoxin Hcl)<\/td>\n<td>1,4mg<\/td>\n<td>100<\/td>\n<\/tr>\n<tr>\n<td>Fols\u00e4ure<\/td>\n<td>200\u03bcg<\/td>\n<td>100<\/td>\n<\/tr>\n<tr>\n<td>Vitamin B12 (Mecobalamin)<\/td>\n<td>2,5\u03bcg<\/td>\n<td>100<\/td>\n<\/tr>\n<tr>\n<td colspan=\"3\"><strong>Andere Inhaltsstoffe: <\/strong>Maltodextrin, Stabilisierungsmittel E470b, vegane Kapsel (E1204)<\/td>\n<\/tr>\n<tr>\n<td colspan=\"3\"><strong>*%NRV: <\/strong>ern\u00e4hrungsphysiologischer Referenzwert<\/td>\n<\/tr>\n<\/tbody>\n<\/table>\n<\/details>\n<p>&nbsp;<\/p>","protected":false},"featured_media":15302,"template":"","meta":[],"product_cat":[312,214],"product_tag":[314,258],"class_list":{"0":"post-822","1":"product","2":"type-product","3":"status-publish","4":"has-post-thumbnail","6":"product_cat-health-and-wellness","7":"product_cat-vitamins-wellness","8":"product_tag-health-and-wellness","9":"product_tag-vitamins-wellness","11":"first","12":"instock","13":"taxable","14":"shipping-taxable","15":"purchasable","16":"product-type-simple"},"aioseo_notices":[],"_links":{"self":[{"href":"https:\/\/www.selfprotein.com\/de\/wp-json\/wp\/v2\/product\/822"}],"collection":[{"href":"https:\/\/www.selfprotein.com\/de\/wp-json\/wp\/v2\/product"}],"about":[{"href":"https:\/\/www.selfprotein.com\/de\/wp-json\/wp\/v2\/types\/product"}],"wp:featuredmedia":[{"embeddable":true,"href":"https:\/\/www.selfprotein.com\/de\/wp-json\/wp\/v2\/media\/15302"}],"wp:attachment":[{"href":"https:\/\/www.selfprotein.com\/de\/wp-json\/wp\/v2\/media?parent=822"}],"wp:term":[{"taxonomy":"product_cat","embeddable":true,"href":"https:\/\/www.selfprotein.com\/de\/wp-json\/wp\/v2\/product_cat?post=822"},{"taxonomy":"product_tag","embeddable":true,"href":"https:\/\/www.selfprotein.com\/de\/wp-json\/wp\/v2\/product_tag?post=822"}],"curies":[{"name":"wp","href":"https:\/\/api.w.org\/{rel}","templated":true}]}}