{"id":825,"date":"2023-11-27T13:45:48","date_gmt":"2023-11-27T12:45:48","guid":{"rendered":"https:\/\/34.88.231.180\/product\/multivitamin\/"},"modified":"2026-04-01T00:00:27","modified_gmt":"2026-03-31T22:00:27","slug":"multivitamin-pro","status":"publish","type":"product","link":"https:\/\/www.selfprotein.com\/de\/produkt\/multivitamin-pro\/","title":{"rendered":"Multivitamin Pro"},"content":{"rendered":"<p><strong>Produkt\u00fcbersicht:<\/strong><\/p>\n<p>MULTIVITAMIN PRO enth\u00e4lt Vitamine und Mineralstoffe, die Ihr K\u00f6rper f\u00fcr ein optimales Funktionieren ben\u00f6tigt, genau wie der Name sagt. Perfekt f\u00fcr Menschen mit reduzierter Kalorienzufuhr oder erh\u00f6htem Bedarf an diesen N\u00e4hrstoffen. Sehr n\u00fctzlich in Zeiten k\u00f6rperlicher und geistiger Erm\u00fcdung, die durch erh\u00f6hte Trainingsbelastung, stressige k\u00f6rperliche Aktivit\u00e4t, Fieber oder extreme Hitze verursacht werden.<\/p>\n<p><strong>Wichtigste Vorteile:<\/strong><\/p>\n<ul>\n<li>Gew\u00e4hrleistet die empfohlene Tagesdosis an Vitaminen und Mineralien<\/li>\n<li>Unterst\u00fctzt die Immunabwehr<\/li>\n<li>Tr\u00e4gt zu einem normalen Energieumsatz bei<\/li>\n<li>Sch\u00fctzt die Zellen vor oxidativem Stress<\/li>\n<\/ul>\n<p>&nbsp;<\/p>\n<p><b>Hinweis:<\/b><\/p>\n<ul>\n<li>Nur f\u00fcr Erwachsene und ersetzt nicht eine abwechslungsreiche, ausgewogene Ern\u00e4hrung und eine gesunde Lebensweise.<\/li>\n<li>\u00dcberschreiten Sie nicht die empfohlene Dosis.<\/li>\n<li>Empfohlene Dosis: 1 Kapsel pro Tag.<\/li>\n<li>Verwenden Sie es nicht w\u00e4hrend der Stillzeit, Schwangerschaft Perioden ohne R\u00fccksprache mit dem Arzt.<\/li>\n<li>Lagern Sie das Produkt an einem k\u00fchlen, trockenen Ort in einer gut verschlossenen Verpackung au\u00dferhalb der Reichweite von Kindern unter 3 Jahren.<\/li>\n<li>Kann Spuren von Milch, Hafer, Ei und Soja enthalten.<\/li>\n<li>Laktosefrei und Glutenfrei.<\/li>\n<\/ul>","protected":false},"excerpt":{"rendered":"<p>Produkt\u00fcbersicht: MULTIVITAMIN PRO enth\u00e4lt Vitamine und Mineralstoffe, die Ihr K\u00f6rper f\u00fcr eine optimale Funktion ben\u00f6tigt, genau wie der Name sagt. Ideal f\u00fcr Menschen mit reduzierter Kalorienzufuhr oder erh\u00f6htem Bedarf an diesen N\u00e4hrstoffen. Sehr n\u00fctzlich in Zeiten k\u00f6rperlicher und geistiger Erm\u00fcdung, die durch erh\u00f6hte Trainingsbelastung, anstrengende k\u00f6rperliche Aktivit\u00e4t, Fieber oder extreme Hitze verursacht werden. Wichtigste Vorteile: [...]<\/p>","protected":false},"featured_media":13881,"template":"","meta":[],"product_cat":[312,214],"product_tag":[314,258],"class_list":{"0":"post-825","1":"product","2":"type-product","3":"status-publish","4":"has-post-thumbnail","6":"product_cat-health-and-wellness","7":"product_cat-vitamins-wellness","8":"product_tag-health-and-wellness","9":"product_tag-vitamins-wellness","11":"first","12":"instock","13":"taxable","14":"shipping-taxable","15":"purchasable","16":"product-type-variable"},"aioseo_notices":[],"_links":{"self":[{"href":"https:\/\/www.selfprotein.com\/de\/wp-json\/wp\/v2\/product\/825"}],"collection":[{"href":"https:\/\/www.selfprotein.com\/de\/wp-json\/wp\/v2\/product"}],"about":[{"href":"https:\/\/www.selfprotein.com\/de\/wp-json\/wp\/v2\/types\/product"}],"wp:featuredmedia":[{"embeddable":true,"href":"https:\/\/www.selfprotein.com\/de\/wp-json\/wp\/v2\/media\/13881"}],"wp:attachment":[{"href":"https:\/\/www.selfprotein.com\/de\/wp-json\/wp\/v2\/media?parent=825"}],"wp:term":[{"taxonomy":"product_cat","embeddable":true,"href":"https:\/\/www.selfprotein.com\/de\/wp-json\/wp\/v2\/product_cat?post=825"},{"taxonomy":"product_tag","embeddable":true,"href":"https:\/\/www.selfprotein.com\/de\/wp-json\/wp\/v2\/product_tag?post=825"}],"curies":[{"name":"wp","href":"https:\/\/api.w.org\/{rel}","templated":true}]}}