{"id":831,"date":"2023-11-27T13:47:49","date_gmt":"2023-11-27T12:47:49","guid":{"rendered":"https:\/\/34.88.231.180\/product\/multivitamin-liquid\/"},"modified":"2026-04-01T00:00:25","modified_gmt":"2026-03-31T22:00:25","slug":"multivitamin-liquid","status":"publish","type":"product","link":"https:\/\/www.selfprotein.com\/de\/produkt\/multivitamin-liquid\/","title":{"rendered":"Multivitamin Liquid"},"content":{"rendered":"<p style=\"text-align: left\" align=\"center\"><strong><span lang=\"en-US\">Multivitamin Liquid<\/span><\/strong><\/p>\n<p><span lang=\"en-US\">Multivitamin Liquid ist ein Nahrungserg\u00e4nzungsmittel, das eine Kombination aus wichtigen Vitaminen und Mineralien enth\u00e4lt. Dieses Produkt wurde entwickelt, um die Ern\u00e4hrung einer Person zu erg\u00e4nzen und dabei zu helfen, Ern\u00e4hrungsl\u00fccken zu schlie\u00dfen und eine angemessene Zufuhr von wichtigen N\u00e4hrstoffen f\u00fcr die Gesundheit sicherzustellen.<\/span><\/p>\n<p><span lang=\"en-US\">Vorteile von Multivitamin Liquid:<\/span><\/p>\n<ul>\n<li><strong><span lang=\"en-US\">F\u00fcllen von Ern\u00e4hrungsl\u00fccken:<\/span><\/strong><span lang=\"en-US\"> Multivitamin Liquid bietet eine bequeme M\u00f6glichkeit, sich mit allen wichtigen Vitaminen und Mineralien zu versorgen, die der K\u00f6rper braucht, und hilft, eventuelle Defizite in der t\u00e4glichen Ern\u00e4hrung auszugleichen.<\/span><\/li>\n<li><strong><span lang=\"en-US\">Versorgung mit essentiellen N\u00e4hrstoffen:<\/span><\/strong><span lang=\"en-US\"> Dieses Nahrungserg\u00e4nzungsmittel enth\u00e4lt eine breite Palette von Vitaminen, darunter die Vitamine der Gruppen A, C, D, E und B, sowie Mineralstoffe wie Kalzium, Eisen und Zink, die f\u00fcr das reibungslose Funktionieren des K\u00f6rpers entscheidend sind.<\/span><\/li>\n<li><strong><span lang=\"en-US\">Unterst\u00fctzung der allgemeinen Gesundheit:<\/span><\/strong><span lang=\"en-US\"> Die in Multivitamin Liquid enthaltenen Vitamine und Mineralstoffe tragen zur Unterst\u00fctzung einer Reihe von lebenswichtigen K\u00f6rperfunktionen bei, vom Immunsystem \u00fcber die Knochen- und Hautgesundheit bis hin zur Herzgesundheit und dem allgemeinen Wohlbefinden.<\/span><\/li>\n<li><strong><span lang=\"en-US\">Bequemlichkeit im Konsum:<\/span><\/strong><span lang=\"en-US\"> Die fl\u00fcssige Form des Multivitamins bietet eine einfache und schnelle Einnahme, ideal f\u00fcr alle, die Tabletten vermeiden m\u00f6chten oder Schwierigkeiten haben, sie zu schlucken.<\/span><\/li>\n<\/ul>\n<p>&nbsp;<\/p>\n<p><span lang=\"en-US\">Es ist wichtig zu wissen, dass Multivitamin Liquid kein Ersatz f\u00fcr eine ausgewogene und abwechslungsreiche Ern\u00e4hrung ist. Es ist von entscheidender Bedeutung, weiterhin eine Ern\u00e4hrung zu verfolgen, die reich an Obst, Gem\u00fcse, Proteinen und Vollkornprodukten ist, um eine angemessene N\u00e4hrstoffzufuhr zu gew\u00e4hrleisten und die Gesundheit langfristig zu f\u00f6rdern.<\/span><\/p>\n<p><strong><span lang=\"en-US\">Empfohlene Verwendung<\/span><\/strong><\/p>\n<p><span lang=\"en-US\">1 Dosis (15 ml) pro Tag.<\/span><\/p>\n<p class=\"xmprfx_MsoNormal\"><b>Hinweis:<\/b><\/p>\n<ul>\n<li>Nur f\u00fcr Erwachsene und ersetzt nicht eine abwechslungsreiche, ausgewogene Ern\u00e4hrung und eine gesunde Lebensweise.<\/li>\n<li>\u00dcberschreiten Sie nicht die empfohlene Dosis.<\/li>\n<li>Verwenden Sie es nicht w\u00e4hrend der Stillzeit, Schwangerschaft Perioden ohne R\u00fccksprache mit dem Arzt.<\/li>\n<li>Lagern Sie das Produkt an einem k\u00fchlen, trockenen Ort in einer gut verschlossenen Verpackung au\u00dferhalb der Reichweite von Kindern unter 3 Jahren.<\/li>\n<li>Kann Spuren von Milch, Hafer, Ei und Soja enthalten.<\/li>\n<li>Laktosefrei und Glutenfrei.<\/li>\n<\/ul>","protected":false},"excerpt":{"rendered":"<details>\n<summary>Inhaltsstoffe<\/summary>\n<table style=\"text-align: center\">\n<tbody>\n<tr>\n<th>Inhaltsstoffe<\/th>\n<th>pro 100ml<\/th>\n<th>pro Portion 15ml<\/th>\n<th>NRV* pro Portion<\/th>\n<\/tr>\n<tr>\n<td>Vitamin A (Retinylacetat)<\/td>\n<td>5328\u03bcg<\/td>\n<td>800\u03bcg<\/td>\n<td>100<\/td>\n<\/tr>\n<tr>\n<td>Vitamin D (Cholecalciferol)<\/td>\n<td>33,3\u03bcg<\/td>\n<td>5\u03bcg<\/td>\n<td>100<\/td>\n<\/tr>\n<tr>\n<td>Vitamin E (D-ALpha Tocopherol)<\/td>\n<td>79,92mg<\/td>\n<td>12mg<\/td>\n<td>100<\/td>\n<\/tr>\n<tr>\n<td>Vitamin C (Ascorbins\u00e4ure)<\/td>\n<td>532,8mg<\/td>\n<td>80mg<\/td>\n<td>100<\/td>\n<\/tr>\n<tr>\n<td>Vitamin B1 (Thiamin Hcl)<\/td>\n<td>7,33mg<\/td>\n<td>1,1mg<\/td>\n<td>100<\/td>\n<\/tr>\n<tr>\n<td>Vitamin B2 (Riboflavin)<\/td>\n<td>9,32mg<\/td>\n<td>1,4mg<\/td>\n<td>100<\/td>\n<\/tr>\n<tr>\n<td>Vitamin B3 (Nicotinamid)<\/td>\n<td>105,6mg<\/td>\n<td>16mg<\/td>\n<td>100<\/td>\n<\/tr>\n<tr>\n<td>Vitamin B6 (Pyridoxin Hcl)<\/td>\n<td>9,32mg<\/td>\n<td>1,4mg<\/td>\n<td>100<\/td>\n<\/tr>\n<tr>\n<td>Fols\u00e4ure<\/td>\n<td>1320\u03bcg<\/td>\n<td>200\u03bcg<\/td>\n<td>100<\/td>\n<\/tr>\n<tr>\n<td>Vitamin B12 (Mecobalamin)<\/td>\n<td>16,65\u03bcg<\/td>\n<td>2,5\u03bcg<\/td>\n<td>100<\/td>\n<\/tr>\n<tr>\n<td>Biotin (D-Biotin)<\/td>\n<td>333\u03bcg<\/td>\n<td>50\u03bcg<\/td>\n<td>100<\/td>\n<\/tr>\n<tr>\n<td>Pantothens\u00e4ure (Calcium-D-Pantothenat)<\/td>\n<td>39,96mg<\/td>\n<td>6mg<\/td>\n<td>100<\/td>\n<\/tr>\n<tr>\n<td>Eisen (Eisen-Fumarat)<\/td>\n<td>92,4mg<\/td>\n<td>14mg<\/td>\n<td>100<\/td>\n<\/tr>\n<tr>\n<td>Zink (Zinkgluconat)<\/td>\n<td>66,6mg<\/td>\n<td>10mg<\/td>\n<td>100<\/td>\n<\/tr>\n<tr>\n<td>Kupfer (Kupfergluconat)<\/td>\n<td>6,6mg<\/td>\n<td>1mg<\/td>\n<td>100<\/td>\n<\/tr>\n<tr>\n<td>Mangan (Mangan-Gluconat)<\/td>\n<td>13,32mg<\/td>\n<td>2mg<\/td>\n<td>100<\/td>\n<\/tr>\n<tr>\n<td>Selen (Natriumselenat)<\/td>\n<td>366,3\u03bcg<\/td>\n<td>55\u03bcg<\/td>\n<td>100<\/td>\n<\/tr>\n<tr>\n<td>Chrom (Chromchlorid)<\/td>\n<td>266,4\u03bcg<\/td>\n<td>40\u03bcg<\/td>\n<td>100<\/td>\n<\/tr>\n<tr>\n<td>Jod (Kaliumjodat)<\/td>\n<td>999\u03bcg<\/td>\n<td>150\u03bcg<\/td>\n<td>100<\/td>\n<\/tr>\n<tr>\n<td colspan=\"4\"><strong>Andere Inhaltsstoffe: <\/strong>Wasser, S\u00e4ureregulator (E296), Konservierungsmittel (E211, E202), Aromen, S\u00fc\u00dfstoff (E955)<\/td>\n<\/tr>\n<tr>\n<td colspan=\"4\"><strong>*%NRV: <\/strong>ern\u00e4hrungsphysiologischer Referenzwert<\/td>\n<\/tr>\n<\/tbody>\n<\/table>\n<\/details>\n<p>&nbsp;<\/p>","protected":false},"featured_media":832,"template":"","meta":[],"product_cat":[214],"product_tag":[258],"class_list":{"0":"post-831","1":"product","2":"type-product","3":"status-publish","4":"has-post-thumbnail","6":"product_cat-vitamins-wellness","7":"product_tag-vitamins-wellness","9":"first","10":"instock","11":"taxable","12":"shipping-taxable","13":"purchasable","14":"product-type-simple"},"aioseo_notices":[],"_links":{"self":[{"href":"https:\/\/www.selfprotein.com\/de\/wp-json\/wp\/v2\/product\/831"}],"collection":[{"href":"https:\/\/www.selfprotein.com\/de\/wp-json\/wp\/v2\/product"}],"about":[{"href":"https:\/\/www.selfprotein.com\/de\/wp-json\/wp\/v2\/types\/product"}],"wp:featuredmedia":[{"embeddable":true,"href":"https:\/\/www.selfprotein.com\/de\/wp-json\/wp\/v2\/media\/832"}],"wp:attachment":[{"href":"https:\/\/www.selfprotein.com\/de\/wp-json\/wp\/v2\/media?parent=831"}],"wp:term":[{"taxonomy":"product_cat","embeddable":true,"href":"https:\/\/www.selfprotein.com\/de\/wp-json\/wp\/v2\/product_cat?post=831"},{"taxonomy":"product_tag","embeddable":true,"href":"https:\/\/www.selfprotein.com\/de\/wp-json\/wp\/v2\/product_tag?post=831"}],"curies":[{"name":"wp","href":"https:\/\/api.w.org\/{rel}","templated":true}]}}