{"id":845,"date":"2023-11-27T13:48:08","date_gmt":"2023-11-27T12:48:08","guid":{"rendered":"https:\/\/34.88.231.180\/product\/omega-3-fish-oil\/"},"modified":"2026-05-01T00:24:01","modified_gmt":"2026-04-30T22:24:01","slug":"omega-3-fish-oil","status":"publish","type":"product","link":"https:\/\/www.selfprotein.com\/de\/produkt\/omega-3-fish-oil\/","title":{"rendered":"Omega 3 Fish Oil"},"content":{"rendered":"<p style=\"text-align: left;\" align=\"center\"><strong><span lang=\"en-US\">Omega 3<\/span><\/strong><\/p>\n<p><span lang=\"en-US\">Omega-3-Fetts\u00e4uren sind eine Kategorie mehrfach unges\u00e4ttigter Fetts\u00e4uren, die f\u00fcr ihre vielf\u00e4ltigen gesundheitlichen Vorteile bekannt sind, einschlie\u00dflich derer, die speziell f\u00fcr Sportler gelten.<\/span><\/p>\n<p><span lang=\"en-US\">Die Aufnahme von Omega-3-Fetts\u00e4uren in die Ern\u00e4hrung kann f\u00fcr Sportler besonders vorteilhaft sein, da sie ihre allgemeine Gesundheit, die Erholung der Muskeln und eine optimale k\u00f6rperliche und kognitive Leistung unterst\u00fctzen.<\/span><\/p>\n<p><span lang=\"en-US\">Zu den Vorteilen der Omega-3-Fetts\u00e4uren geh\u00f6ren:<\/span><\/p>\n<ul>\n<li><strong><span lang=\"en-US\">Verringerung der Entz\u00fcndung<\/span><\/strong><span lang=\"en-US\"><strong>:<\/strong> Omega-3-Fetts\u00e4uren besitzen entz\u00fcndungshemmende Eigenschaften, die dazu beitragen k\u00f6nnen, Entz\u00fcndungen und Schmerzen im Zusammenhang mit intensiver k\u00f6rperlicher Bet\u00e4tigung zu verringern, und tragen so zu einer schnellen Erholung nach dem Sport bei.<\/span><\/li>\n<li><strong><span lang=\"en-US\">Verbesserung der kardiovaskul\u00e4ren Gesundheit:<\/span><\/strong><span lang=\"en-US\"> Omega-3-Fetts\u00e4uren k\u00f6nnen die Gesundheit von Herz und Blutgef\u00e4\u00dfen f\u00f6rdern, was f\u00fcr Sportler, die Ausdauersport betreiben, von entscheidender Bedeutung ist und zu besserer Ausdauer und Leistung f\u00fchrt.<\/span><\/li>\n<li><strong><span lang=\"en-US\">Unterst\u00fctzung der Muskelproteinsynthese:<\/span><\/strong><span lang=\"en-US\"> Omega-3-Fetts\u00e4uren k\u00f6nnen die Muskelproteinsynthese verbessern und so das Muskelwachstum und die Erholung nach intensiver k\u00f6rperlicher Bet\u00e4tigung f\u00f6rdern, so dass die Sportler eine optimale Muskelmasse erhalten k\u00f6nnen.<\/span><\/li>\n<li><strong><span lang=\"en-US\">Verbesserung der kognitiven Funktion:<\/span><\/strong><span lang=\"en-US\"> Omega-3-Fetts\u00e4uren werden mit einer verbesserten kognitiven Funktion, einschlie\u00dflich Ged\u00e4chtnis, Aufmerksamkeit und Konzentration, in Verbindung gebracht, was Sportlern einen mentalen Vorteil beim Training und bei Wettk\u00e4mpfen verschafft.<\/span><\/li>\n<\/ul>\n<p>&nbsp;<\/p>\n<p><strong><span lang=\"en-US\">Empfohlene Verwendung<\/span><\/strong><\/p>\n<p><span lang=\"en-US\">Nehmen Sie 3 Kapseln \u00fcber den Tag verteilt ein.<\/span><\/p>\n<p><b>Hinweis:<\/b><\/p>\n<ul>\n<li>Nur f\u00fcr Erwachsene und ersetzt nicht eine abwechslungsreiche, ausgewogene Ern\u00e4hrung und eine gesunde Lebensweise.<\/li>\n<li>\u00dcberschreiten Sie nicht die empfohlene Dosis.<\/li>\n<li>Verwenden Sie es nicht w\u00e4hrend der Stillzeit, Schwangerschaft Perioden ohne R\u00fccksprache mit dem Arzt.<\/li>\n<li>Lagern Sie das Produkt an einem k\u00fchlen, trockenen Ort in einer gut verschlossenen Verpackung au\u00dferhalb der Reichweite von Kindern unter 3 Jahren.<\/li>\n<li>Kann Spuren von Milch, Hafer, Ei und Soja enthalten.<\/li>\n<li>Laktosefrei und Glutenfrei.<\/li>\n<\/ul>","protected":false},"excerpt":{"rendered":"<p>Omega-3-Fetts\u00e4uren Omega-3-Fetts\u00e4uren sind eine Kategorie mehrfach unges\u00e4ttigter Fetts\u00e4uren, die f\u00fcr ihre vielf\u00e4ltigen gesundheitlichen Vorteile bekannt sind, einschlie\u00dflich derer, die speziell f\u00fcr Sportler gelten. Die Aufnahme von Omega-3-Fetts\u00e4uren in die Ern\u00e4hrung kann f\u00fcr Sportler besonders vorteilhaft sein, da sie ihre allgemeine Gesundheit, die Erholung der Muskeln und eine optimale k\u00f6rperliche und kognitive Leistung unterst\u00fctzen. Zu den Vorteilen von Omega-3-Fetts\u00e4uren geh\u00f6ren: Verringerung von Entz\u00fcndungen: Omega-3-Fetts\u00e4uren besitzen [...]<\/p>","protected":false},"featured_media":12761,"template":"","meta":[],"product_cat":[312,214],"product_tag":[314,258],"class_list":{"0":"post-845","1":"product","2":"type-product","3":"status-publish","4":"has-post-thumbnail","6":"product_cat-health-and-wellness","7":"product_cat-vitamins-wellness","8":"product_tag-health-and-wellness","9":"product_tag-vitamins-wellness","11":"first","12":"instock","13":"taxable","14":"shipping-taxable","15":"purchasable","16":"product-type-variable"},"aioseo_notices":[],"_links":{"self":[{"href":"https:\/\/www.selfprotein.com\/de\/wp-json\/wp\/v2\/product\/845"}],"collection":[{"href":"https:\/\/www.selfprotein.com\/de\/wp-json\/wp\/v2\/product"}],"about":[{"href":"https:\/\/www.selfprotein.com\/de\/wp-json\/wp\/v2\/types\/product"}],"wp:featuredmedia":[{"embeddable":true,"href":"https:\/\/www.selfprotein.com\/de\/wp-json\/wp\/v2\/media\/12761"}],"wp:attachment":[{"href":"https:\/\/www.selfprotein.com\/de\/wp-json\/wp\/v2\/media?parent=845"}],"wp:term":[{"taxonomy":"product_cat","embeddable":true,"href":"https:\/\/www.selfprotein.com\/de\/wp-json\/wp\/v2\/product_cat?post=845"},{"taxonomy":"product_tag","embeddable":true,"href":"https:\/\/www.selfprotein.com\/de\/wp-json\/wp\/v2\/product_tag?post=845"}],"curies":[{"name":"wp","href":"https:\/\/api.w.org\/{rel}","templated":true}]}}