{"id":865,"date":"2023-11-27T13:48:50","date_gmt":"2023-11-27T12:48:50","guid":{"rendered":"https:\/\/34.88.231.180\/product\/plant-based-protein\/"},"modified":"2026-05-01T00:24:01","modified_gmt":"2026-04-30T22:24:01","slug":"plant-based-protein","status":"publish","type":"product","link":"https:\/\/www.selfprotein.com\/de\/produkt\/plant-based-protein\/","title":{"rendered":"Plant Based Protein"},"content":{"rendered":"<p style=\"text-align: left;\" align=\"center\"><strong><span lang=\"en-US\">Plant Based Protein<\/span><\/strong><\/p>\n<p><span lang=\"en-US\">Die hochwertigen pflanzlichen Proteine, die in der Nahrungserg\u00e4nzung Plant Based Protein enthalten sind, sind eine ideale Wahl, um das Muskelwachstum, die Erholung und das allgemeine Wohlbefinden zu unterst\u00fctzen. Diese einzigartige Mischung aus Soja-, Reis- und Erbsenproteinen bietet eine Komplettl\u00f6sung f\u00fcr alle, die eine pflanzliche Alternative zu Molkeprotein suchen, und gew\u00e4hrleistet eine optimale N\u00e4hrstoffzufuhr f\u00fcr den K\u00f6rper.<\/span><\/p>\n<p><span lang=\"en-US\">Vorteile von pflanzlichem Eiwei\u00df:<\/span><\/p>\n<ul>\n<li><strong><span lang=\"en-US\">Sojaprotein:<\/span><\/strong><\/li>\n<\/ul>\n<p><span lang=\"en-US\">- Vollst\u00e4ndig und ausgewogen: Sojaprotein liefert alle essentiellen Aminos\u00e4uren, die f\u00fcr den Aufbau und die Reparatur von Muskelgewebe notwendig sind.<\/span><br \/>\n<span lang=\"en-US\">- Enth\u00e4lt wenig Fett und Kohlenhydrate: Seine N\u00e4hrstoffzusammensetzung f\u00f6rdert eine ausgewogene Ern\u00e4hrung und das Gewichtsmanagement.<\/span><br \/>\n<span lang=\"en-US\">- Potenzieller Nutzen f\u00fcr die kardiovaskul\u00e4re Gesundheit: Studien deuten darauf hin, dass Sojaproteine zur Senkung des Cholesterinspiegels und zur F\u00f6rderung der Herzgesundheit beitragen k\u00f6nnen.<\/span><\/p>\n<ul>\n<li><strong><span lang=\"en-US\">Reisprotein:<\/span><\/strong><\/li>\n<\/ul>\n<p><span lang=\"en-US\">- Geringere Entz\u00fcndung: Reisprotein kann dazu beitragen, Entz\u00fcndungen im K\u00f6rper zu verringern, was die Erholung der Muskeln und die allgemeine Gesundheit f\u00f6rdert.<\/span><br \/>\n<span lang=\"en-US\">- Leichte Verdaulichkeit: Da Reisprotein gluten- und laktosefrei ist, eignet es sich auch f\u00fcr Menschen mit Nahrungsmittelunvertr\u00e4glichkeiten oder -sensibilit\u00e4ten.<\/span><br \/>\n<span lang=\"en-US\">- Unterst\u00fctzung der Verdauungsgesundheit: Einige Studien deuten darauf hin, dass Reisprotein die Gesundheit des Verdauungstrakts f\u00f6rdern kann und so zum allgemeinen Wohlbefinden des Darms beitr\u00e4gt.<\/span><\/p>\n<ul>\n<li><strong><span lang=\"en-US\">Erbsenprotein:<\/span><\/strong><\/li>\n<\/ul>\n<p><span lang=\"en-US\">- Vollst\u00e4ndig und ausgewogen: Erbsenprotein liefert ein komplettes Spektrum an essentiellen Aminos\u00e4uren zur Unterst\u00fctzung des Muskelwachstums und der Erholung.<\/span><br \/>\n<span lang=\"en-US\">- Wenig Fette und Kohlenhydrate: Wie die anderen pflanzlichen Proteine in der Mischung f\u00f6rdert das Erbsenprotein eine optimale N\u00e4hrstoffbilanz.<\/span><br \/>\n<span lang=\"en-US\">- Vorteile f\u00fcr die kardiovaskul\u00e4re Gesundheit: \u00c4hnlich wie Sojaprotein kann Erbsenprotein zur Verbesserung der Herzgesundheit beitragen und stellt eine gesunde Option zur Proteinerg\u00e4nzung dar.<\/span><\/p>\n<p><strong><span lang=\"en-US\">Empfohlene Verwendung<\/span><\/strong><\/p>\n<p><span lang=\"en-US\">1-3 Portionen pro Tag, je nach individuellem Bedarf und unter Ber\u00fccksichtigung anderer Proteinquellen in der Ern\u00e4hrung.<\/span><\/p>\n<p><b>Hinweis:<\/b><\/p>\n<ul>\n<li>Nur f\u00fcr Erwachsene und ersetzt nicht eine abwechslungsreiche, ausgewogene Ern\u00e4hrung und eine gesunde Lebensweise.<\/li>\n<li>\u00dcberschreiten Sie nicht die empfohlene Dosis.<\/li>\n<li>Verwenden Sie es nicht w\u00e4hrend der Stillzeit, Schwangerschaft Perioden ohne R\u00fccksprache mit dem Arzt.<\/li>\n<li>Lagern Sie das Produkt an einem k\u00fchlen, trockenen Ort in einer gut verschlossenen Verpackung au\u00dferhalb der Reichweite von Kindern unter 3 Jahren.<\/li>\n<li>Kann Spuren von Milch, Hafer, Ei und Soja enthalten.<\/li>\n<li>Laktosefrei und Glutenfrei.<\/li>\n<\/ul>","protected":false},"excerpt":{"rendered":"<p>Plant Based Protein Die hochwertigen pflanzlichen Proteine, die in Plant Based Protein enthalten sind, sind die ideale Wahl, um das Muskelwachstum, die Erholung und das allgemeine Wohlbefinden zu unterst\u00fctzen. Diese einzigartige Mischung aus Soja-, Reis- und Erbsenproteinen bietet eine Komplettl\u00f6sung f\u00fcr alle, die eine pflanzliche Alternative zu Molkenprotein suchen, und gew\u00e4hrleistet eine optimale N\u00e4hrstoffzufuhr f\u00fcr den K\u00f6rper. [...]<\/p>","protected":false},"featured_media":867,"template":"","meta":[],"product_cat":[158,308],"product_tag":[18,318],"class_list":{"0":"post-865","1":"product","2":"type-product","3":"status-publish","4":"has-post-thumbnail","6":"product_cat-proteins","7":"product_cat-strength-and-muscle-mass","8":"product_tag-proteins","9":"product_tag-strength-and-muscle-mass","11":"first","12":"instock","13":"taxable","14":"shipping-taxable","15":"purchasable","16":"product-type-variable"},"aioseo_notices":[],"_links":{"self":[{"href":"https:\/\/www.selfprotein.com\/de\/wp-json\/wp\/v2\/product\/865"}],"collection":[{"href":"https:\/\/www.selfprotein.com\/de\/wp-json\/wp\/v2\/product"}],"about":[{"href":"https:\/\/www.selfprotein.com\/de\/wp-json\/wp\/v2\/types\/product"}],"wp:featuredmedia":[{"embeddable":true,"href":"https:\/\/www.selfprotein.com\/de\/wp-json\/wp\/v2\/media\/867"}],"wp:attachment":[{"href":"https:\/\/www.selfprotein.com\/de\/wp-json\/wp\/v2\/media?parent=865"}],"wp:term":[{"taxonomy":"product_cat","embeddable":true,"href":"https:\/\/www.selfprotein.com\/de\/wp-json\/wp\/v2\/product_cat?post=865"},{"taxonomy":"product_tag","embeddable":true,"href":"https:\/\/www.selfprotein.com\/de\/wp-json\/wp\/v2\/product_tag?post=865"}],"curies":[{"name":"wp","href":"https:\/\/api.w.org\/{rel}","templated":true}]}}