{"id":877,"date":"2023-11-27T13:49:11","date_gmt":"2023-11-27T12:49:11","guid":{"rendered":"https:\/\/34.88.231.180\/product\/probiotic-lactospore\/"},"modified":"2026-05-01T00:24:01","modified_gmt":"2026-04-30T22:24:01","slug":"probiotic-lactospore","status":"publish","type":"product","link":"https:\/\/www.selfprotein.com\/de\/produkt\/probiotic-lactospore\/","title":{"rendered":"Probiotische Lactospore"},"content":{"rendered":"<p><strong>Produkt\u00fcbersicht:<\/strong><\/p>\n<p>Enth\u00e4lt sehr hohe Qualit\u00e4t Probiotika (Bacillus coagulans) so viele wie 1 Milliarde Sporen pro Kapsel, wurde das Produkt formuliert, um Magens\u00e4uren zu widerstehen. Probiotic Lactospore\u00ae hat als die F\u00e4higkeit, das Immunsystem zu st\u00e4rken, unterst\u00fctzen die Verdauung und die Aufnahme von N\u00e4hrstoffen.<\/p>\n<p><strong>Wichtigste Vorteile:<\/strong><\/p>\n<ul>\n<li>Hochwertiges Probiotikum (Bacillus coagulans) 1 Milliarde Sporen pro Kapsel<\/li>\n<li>Formuliert, um Magens\u00e4uren zu widerstehen<\/li>\n<li>Das Produkt muss nicht gek\u00fchlt werden und ist bei Raumtemperatur stabil.<\/li>\n<li>St\u00e4rkt das Immunsystem<\/li>\n<li>Es f\u00f6rdert die Verdauung und die Aufnahme von N\u00e4hrstoffen<\/li>\n<li>F\u00f6rderung des nat\u00fcrlichen Gleichgewichts der Darmflora<\/li>\n<\/ul>\n<p>&nbsp;<\/p>\n<p><b>Hinweis:<\/b><\/p>\n<ul>\n<li>Nur f\u00fcr Erwachsene und ersetzt nicht eine abwechslungsreiche, ausgewogene Ern\u00e4hrung und eine gesunde Lebensweise.<\/li>\n<li>\u00dcberschreiten Sie nicht die empfohlene Dosis.<\/li>\n<li>Empfohlene Dosis: 1 cps pro Tag.<\/li>\n<li>Verwenden Sie es nicht w\u00e4hrend der Stillzeit, Schwangerschaft Perioden ohne R\u00fccksprache mit dem Arzt.<\/li>\n<li>Lagern Sie das Produkt an einem k\u00fchlen, trockenen Ort in einer gut verschlossenen Verpackung au\u00dferhalb der Reichweite von Kindern unter 3 Jahren.<\/li>\n<li>Kann Spuren von Milch, Hafer, Ei und Soja enthalten.<\/li>\n<li>Laktosefrei und Glutenfrei.<\/li>\n<\/ul>","protected":false},"excerpt":{"rendered":"<details>\n<summary>Inhaltsstoffe<\/summary>\n<table style=\"text-align: center;\">\n<tbody>\n<tr>\n<th>Inhaltsstoffe<\/th>\n<th>pro 1cps<\/th>\n<\/tr>\n<tr>\n<td>Lactospore\u00ae (Bacillus Coagulans-MTCC 5856)<\/td>\n<td>1.000.000.000<\/td>\n<\/tr>\n<tr>\n<td colspan=\"3\"><strong>Andere Inhaltsstoffe: <\/strong>Inulin, Maltodextrin, vegane Kapsel (E1204)<\/td>\n<\/tr>\n<\/tbody>\n<\/table>\n<\/details>\n<p>&nbsp;<\/p>","protected":false},"featured_media":13885,"template":"","meta":[],"product_cat":[312,214],"product_tag":[314,258],"class_list":{"0":"post-877","1":"product","2":"type-product","3":"status-publish","4":"has-post-thumbnail","6":"product_cat-health-and-wellness","7":"product_cat-vitamins-wellness","8":"product_tag-health-and-wellness","9":"product_tag-vitamins-wellness","11":"first","12":"instock","13":"taxable","14":"shipping-taxable","15":"purchasable","16":"product-type-simple"},"aioseo_notices":[],"_links":{"self":[{"href":"https:\/\/www.selfprotein.com\/de\/wp-json\/wp\/v2\/product\/877"}],"collection":[{"href":"https:\/\/www.selfprotein.com\/de\/wp-json\/wp\/v2\/product"}],"about":[{"href":"https:\/\/www.selfprotein.com\/de\/wp-json\/wp\/v2\/types\/product"}],"wp:featuredmedia":[{"embeddable":true,"href":"https:\/\/www.selfprotein.com\/de\/wp-json\/wp\/v2\/media\/13885"}],"wp:attachment":[{"href":"https:\/\/www.selfprotein.com\/de\/wp-json\/wp\/v2\/media?parent=877"}],"wp:term":[{"taxonomy":"product_cat","embeddable":true,"href":"https:\/\/www.selfprotein.com\/de\/wp-json\/wp\/v2\/product_cat?post=877"},{"taxonomy":"product_tag","embeddable":true,"href":"https:\/\/www.selfprotein.com\/de\/wp-json\/wp\/v2\/product_tag?post=877"}],"curies":[{"name":"wp","href":"https:\/\/api.w.org\/{rel}","templated":true}]}}