{"id":883,"date":"2023-11-27T13:51:31","date_gmt":"2023-11-27T12:51:31","guid":{"rendered":"https:\/\/34.88.231.180\/product\/protein-pancake\/"},"modified":"2026-04-01T00:00:29","modified_gmt":"2026-03-31T22:00:29","slug":"protein-pancake","status":"publish","type":"product","link":"https:\/\/www.selfprotein.com\/de\/produkt\/protein-pancake\/","title":{"rendered":"Protein Pancake"},"content":{"rendered":"<p style=\"text-align: left;\" align=\"center\" class=\" translation-block\"><strong><span lang=\"en-US\">\u00a0Protein <\/span>Pancake<\/strong><\/p>\n<p><span lang=\"en-US\">Protein-Pfannkuchenpulver ist ein speziell entwickeltes Proteinpulver, das zur Anreicherung von Pfannkuchenteig dient und eine proteinreiche Alternative zu herk\u00f6mmlichen Pfannkuchen darstellt. Diese innovative Mischung enth\u00e4lt h\u00e4ufig Proteinquellen wie Molkenprotein und Eiprotein sowie andere Zutaten, die eine \u00e4hnliche Textur und einen \u00e4hnlichen Geschmack wie herk\u00f6mmliche Pfannkuchen bieten.<\/span><\/p>\n<p><span lang=\"en-US\">Vorteile von Protein-Pfannkuchen:<\/span><\/p>\n<ul>\n<li><strong><span lang=\"en-US\">Erh\u00f6hte Proteinzufuhr:<\/span><\/strong><span lang=\"en-US\"> Proteinpfannkuchen sind eine bequeme L\u00f6sung, um die t\u00e4gliche Proteinzufuhr zu erh\u00f6hen, insbesondere f\u00fcr diejenigen, die es schwierig finden, ihren Proteinbedarf allein \u00fcber die Nahrung zu decken.<\/span><\/li>\n<li><strong><span lang=\"en-US\">Muskelwachstum und -reparatur:<\/span><\/strong><span lang=\"en-US\"> Mit ihrem hohen Proteingehalt k\u00f6nnen Proteinpfannkuchen das Muskelwachstum und die Muskelreparatur wirksam unterst\u00fctzen. Dieser Vorteil ist besonders wichtig f\u00fcr Sportler und Menschen mit einem aktiven Lebensstil.<\/span><\/li>\n<li><strong><span lang=\"en-US\">Nachhaltige Energie:<\/span><\/strong><span lang=\"en-US\"> Die Mischung aus Proteinen und Kohlenhydraten in Proteinpfannkuchen liefert eine nachhaltige Energiequelle, die dazu beitr\u00e4gt, das Energieniveau \u00fcber einen l\u00e4ngeren Zeitraum konstant zu halten.<\/span><\/li>\n<li><strong><span lang=\"en-US\">Gewichtsmanagement<\/span><\/strong><span lang=\"en-US\"><strong>:<\/strong> Eiwei\u00dfpfannkuchen sind eine gute Wahl f\u00fcr alle, die ihr Gewicht kontrollieren wollen, da sie ein Gef\u00fchl der F\u00fclle und S\u00e4ttigung hervorrufen. Dies kann besonders n\u00fctzlich sein, um die Gesamtkalorienaufnahme zu kontrollieren und eine ausgewogene Ern\u00e4hrung zu f\u00f6rdern.<\/span><\/li>\n<\/ul>\n<p>&nbsp;<\/p>\n<p><strong><span lang=\"en-US\">Empfohlene Verwendung<\/span><\/strong><\/p>\n<p><span lang=\"en-US\">1 bis 2 Portionen \u00fcber den Tag verteilt.<\/span><\/p>\n<p><strong>Hinweis:<\/strong><\/p>\n<ul>\n<li>Lagern Sie das Produkt an einem k\u00fchlen, trockenen Ort in einer gut verschlossenen Verpackung.<\/li>\n<li>Laktosefrei und Glutenfrei.<\/li>\n<\/ul>","protected":false},"excerpt":{"rendered":"<details>\n<summary>N\u00e4hrwertangaben<\/summary>\n<table style=\"text-align: center;\">\n<tbody>\n<tr>\n<th>N\u00e4hrwertangaben<\/th>\n<th>pro 40g Pulver<\/th>\n<\/tr>\n<tr>\n<td>Energie<\/td>\n<td>159kcal(666kj)<\/td>\n<\/tr>\n<tr>\n<td>Fette<\/td>\n<td>3,9g<\/td>\n<\/tr>\n<tr>\n<td>davon ges\u00e4ttigt<\/td>\n<td>1g<\/td>\n<\/tr>\n<tr>\n<td>Kohlenhydrate<\/td>\n<td>13,2g<\/td>\n<\/tr>\n<tr>\n<td>davon Zucker<\/td>\n<td>2,3g<\/td>\n<\/tr>\n<tr>\n<td>Protein<\/td>\n<td>16,4g<\/td>\n<\/tr>\n<tr>\n<td>Faser<\/td>\n<td>2,84g<\/td>\n<\/tr>\n<tr>\n<td>Salz<\/td>\n<td>0,36g<\/td>\n<\/tr>\n<\/tbody>\n<\/table>\n<\/details>\n<p>&nbsp;<\/p>\n<details>\n<summary>Inhaltsstoffe<\/summary>\n<table style=\"text-align: center;\">\n<tbody>\n<tr>\n<td colspan=\"3\"><strong>Zutaten: <\/strong>Molkeneiwei\u00df laktosefrei (Milch), glutenfreie Weizenst\u00e4rke, Leinsamenmehl, Eiwei\u00df, Volleipulver, Flohsamenmehl, Backpulver, Dinatriumpyrophospat (E450a), Maisst\u00e4rke, Natriumbicabornat (E500), Salz, Emulgator (E471), Verdickungsmittel (E412).<\/td>\n<\/tr>\n<\/tbody>\n<\/table>\n<\/details>\n<p>&nbsp;<\/p>","protected":false},"featured_media":11231,"template":"","meta":[],"product_cat":[313,210],"product_tag":[316,223],"class_list":{"0":"post-883","1":"product","2":"type-product","3":"status-publish","4":"has-post-thumbnail","6":"product_cat-protein-snacks-and-fit-food","7":"product_cat-snacks-meal-solutions","8":"product_tag-protein-snacks-fit-food","9":"product_tag-snacks-meal-solutions","11":"first","12":"instock","13":"taxable","14":"shipping-taxable","15":"purchasable","16":"product-type-simple"},"aioseo_notices":[],"_links":{"self":[{"href":"https:\/\/www.selfprotein.com\/de\/wp-json\/wp\/v2\/product\/883"}],"collection":[{"href":"https:\/\/www.selfprotein.com\/de\/wp-json\/wp\/v2\/product"}],"about":[{"href":"https:\/\/www.selfprotein.com\/de\/wp-json\/wp\/v2\/types\/product"}],"wp:featuredmedia":[{"embeddable":true,"href":"https:\/\/www.selfprotein.com\/de\/wp-json\/wp\/v2\/media\/11231"}],"wp:attachment":[{"href":"https:\/\/www.selfprotein.com\/de\/wp-json\/wp\/v2\/media?parent=883"}],"wp:term":[{"taxonomy":"product_cat","embeddable":true,"href":"https:\/\/www.selfprotein.com\/de\/wp-json\/wp\/v2\/product_cat?post=883"},{"taxonomy":"product_tag","embeddable":true,"href":"https:\/\/www.selfprotein.com\/de\/wp-json\/wp\/v2\/product_tag?post=883"}],"curies":[{"name":"wp","href":"https:\/\/api.w.org\/{rel}","templated":true}]}}