{"id":889,"date":"2024-10-26T11:18:44","date_gmt":"2024-10-26T09:18:44","guid":{"rendered":"https:\/\/34.88.231.180\/?post_type=product&#038;p=889"},"modified":"2026-04-01T00:00:37","modified_gmt":"2026-03-31T22:00:37","slug":"proti-snack-protein-bar","status":"publish","type":"product","link":"https:\/\/www.selfprotein.com\/de\/produkt\/proti-snack-protein-bar\/","title":{"rendered":"Proti Snack Protein Bar"},"content":{"rendered":"<p style=\"text-align: left;\" align=\"center\"><strong><span lang=\"en-US\">Proti Snack Protein Bar<\/span><\/strong><\/p>\n<p><span lang=\"en-US\">Proti Snack ist ein Eiwei\u00dfriegel, der eine hohe Dosis an Eiwei\u00df liefert. Er wurde entwickelt, um die t\u00e4gliche Eiwei\u00dfzufuhr zu erg\u00e4nzen oder eine nahrhafte Eiwei\u00dfquelle vor oder nach dem Sport zu bieten. Dieser Snack ist bei Sportlern, Fitness-Enthusiasten und allen, die ihre Proteinzufuhr erh\u00f6hen m\u00f6chten, sehr beliebt.<\/span><\/p>\n<p><span lang=\"en-US\">Vorteile von Proti Snack Protein Bar:<\/span><\/p>\n<ul>\n<li><strong><span lang=\"en-US\">Hoher Proteingehalt:<\/span><\/strong><span lang=\"en-US\"> Proti Snack-Riegel liefern eine betr\u00e4chtliche Menge an hochwertigem Eiwei\u00df, das f\u00fcr die Erholung der Muskeln, das Wachstum und die allgemeine Gesundheit unerl\u00e4sslich ist.<\/span><\/li>\n<li><strong><span lang=\"en-US\">F\u00f6rderung der k\u00f6rperlichen Aktivit\u00e4t:<\/span><\/strong><span lang=\"en-US\"> Mit ihrem Proteingehalt sind die Proti Snack-Riegel eine ausgezeichnete Wahl vor oder nach k\u00f6rperlicher Aktivit\u00e4t, da sie die Erholung der Muskeln unterst\u00fctzen und die M\u00fcdigkeit verringern.<\/span><\/li>\n<li><strong><span lang=\"en-US\">Bequemlichkeit<\/span><\/strong><span lang=\"en-US\"><strong>:<\/strong> Proti Snack ist ein praktischer und tragbarer Snack, ideal f\u00fcr alle, die unterwegs sind und eine schnelle Proteinquelle f\u00fcr den Tag ben\u00f6tigen.<\/span><\/li>\n<li><strong><span lang=\"en-US\">Verschiedene Optionen:<\/span><\/strong><span lang=\"en-US\"> Mit einer breiten Palette an Geschmacksrichtungen bieten Proti Snack-Riegel eine personalisierte Auswahl f\u00fcr den individuellen Geschmack und erleichtern es, Eiwei\u00df mit Genuss in die t\u00e4gliche Ern\u00e4hrung zu integrieren.<\/span><\/li>\n<\/ul>\n<p>&nbsp;<\/p>\n<p><strong><span lang=\"en-US\">Empfohlene Verwendung<\/span><\/strong><\/p>\n<p><span lang=\"en-US\">1-2 Riegel pro Tag je nach Bedarf.<\/span><\/p>\n<p><strong>Hinweis:<\/strong><\/p>\n<ul>\n<li>Hergestellt in einer Einrichtung, die Eier, Erdn\u00fcsse und andere N\u00fcsse verwendet.<\/li>\n<\/ul>\n<p>&nbsp;<\/p>","protected":false},"excerpt":{"rendered":"<p>Proti Snack Protein Bar Proti Snack ist ein Eiwei\u00dfriegel, der eine hohe Dosis an Eiwei\u00df liefert. Er wurde entwickelt, um die t\u00e4gliche Eiwei\u00dfaufnahme zu erg\u00e4nzen oder eine nahrhafte Eiwei\u00dfquelle vor oder nach dem Sport zu bieten. Dieser Snack ist bei Sportlern, Fitness-Enthusiasten und all jenen, die ihre Proteinzufuhr erh\u00f6hen wollen, sehr beliebt [...]<\/p>","protected":false},"featured_media":891,"template":"","meta":[],"product_cat":[313,210],"product_tag":[316,223],"class_list":{"0":"post-889","1":"product","2":"type-product","3":"status-publish","4":"has-post-thumbnail","6":"product_cat-protein-snacks-and-fit-food","7":"product_cat-snacks-meal-solutions","8":"product_tag-protein-snacks-fit-food","9":"product_tag-snacks-meal-solutions","11":"first","12":"instock","13":"taxable","14":"shipping-taxable","15":"purchasable","16":"product-type-variable"},"aioseo_notices":[],"_links":{"self":[{"href":"https:\/\/www.selfprotein.com\/de\/wp-json\/wp\/v2\/product\/889"}],"collection":[{"href":"https:\/\/www.selfprotein.com\/de\/wp-json\/wp\/v2\/product"}],"about":[{"href":"https:\/\/www.selfprotein.com\/de\/wp-json\/wp\/v2\/types\/product"}],"wp:featuredmedia":[{"embeddable":true,"href":"https:\/\/www.selfprotein.com\/de\/wp-json\/wp\/v2\/media\/891"}],"wp:attachment":[{"href":"https:\/\/www.selfprotein.com\/de\/wp-json\/wp\/v2\/media?parent=889"}],"wp:term":[{"taxonomy":"product_cat","embeddable":true,"href":"https:\/\/www.selfprotein.com\/de\/wp-json\/wp\/v2\/product_cat?post=889"},{"taxonomy":"product_tag","embeddable":true,"href":"https:\/\/www.selfprotein.com\/de\/wp-json\/wp\/v2\/product_tag?post=889"}],"curies":[{"name":"wp","href":"https:\/\/api.w.org\/{rel}","templated":true}]}}