{"id":913,"date":"2024-01-24T16:00:04","date_gmt":"2024-01-24T15:00:04","guid":{"rendered":"https:\/\/34.88.231.180\/?post_type=product&#038;p=913"},"modified":"2026-05-01T00:24:04","modified_gmt":"2026-04-30T22:24:04","slug":"pure-vitargo","status":"publish","type":"product","link":"https:\/\/www.selfprotein.com\/de\/produkt\/pure-vitargo\/","title":{"rendered":"Pure Vitargo"},"content":{"rendered":"<p style=\"text-align: left;\" align=\"center\"><strong><span lang=\"en-US\">Pure Vitargo<\/span><\/strong><\/p>\n<p><span lang=\"en-US\">Vitargo ist ein Sportnahrungserg\u00e4nzungsmittel mit einer besonderen Art von hochmolekularem Kohlenhydrat, das entwickelt wurde, um Sportlern und aktiven Personen bei k\u00f6rperlicher Aktivit\u00e4t schnell und nachhaltig Energie zu liefern. Bekannt f\u00fcr seine schnelle Absorptionsf\u00e4higkeit und seine F\u00e4higkeit, die Leistung zu steigern, ist Vitargo bei denjenigen beliebt geworden, die eine optimale Energieversorgung f\u00fcr ihre Sport- und Fitnessaktivit\u00e4ten suchen.<\/span><\/p>\n<p><span lang=\"en-US\">Vorteile von Vitargo:<\/span><\/p>\n<ul>\n<li><strong><span lang=\"en-US\">Sorgt f\u00fcr schnelle und anhaltende Energie:<\/span><\/strong><span lang=\"en-US\"> Dank seiner Formulierung mit hochmolekularer St\u00e4rke bietet Vitargo eine Quelle schneller und anhaltender Energie, die ideal f\u00fcr die Deckung des Energiebedarfs bei intensiven Trainingseinheiten und Wettk\u00e4mpfen ist.<\/span><\/li>\n<li><strong><span lang=\"en-US\">Schnelle und effiziente Absorption:<\/span><\/strong><span lang=\"en-US\"> Es ist bekannt, dass Vitargo schneller und effizienter als andere Kohlenhydrate absorbiert wird, so dass Sportler ihre Energie schnell wieder auff\u00fcllen k\u00f6nnen, ohne w\u00e4hrend des Trainings Magen-Darm-Beschwerden zu verursachen.<\/span><\/li>\n<li><strong><span lang=\"en-US\">Verbessert die sportliche Leistung:<\/span><\/strong><span lang=\"en-US\"> Die Einnahme von Vitargo kann zur Verbesserung der sportlichen Leistung beitragen, da es eine schnelle Energiequelle darstellt, die es den Sportlern erm\u00f6glicht, intensive und l\u00e4ngere Anstrengungen mit gr\u00f6\u00dferer Kraft und Ausdauer durchzuhalten.<\/span><\/li>\n<li><strong><span lang=\"en-US\">Verk\u00fcrzt die Erholungszeiten:<\/span><\/strong><span lang=\"en-US\"> Studien haben gezeigt, dass die Einnahme von Vitargo dazu beitragen kann, die Erholungszeit nach dem Training zu verk\u00fcrzen, so dass sich die Muskeln schneller erholen und auf die folgenden Trainingseinheiten vorbereitet werden k\u00f6nnen.<\/span><\/li>\n<li><strong><span lang=\"en-US\">Minimiert Muskelsch\u00e4den:<\/span><\/strong><span lang=\"en-US\"> Eine Nahrungserg\u00e4nzung mit Vitargo kann auch dazu beitragen, die durch intensives Training verursachten Muskelsch\u00e4den zu reduzieren, indem sie eine bessere Muskelreparatur und -regeneration nach dem Training f\u00f6rdert.<\/span><\/li>\n<\/ul>\n<p><\/p>\n<p><strong><span lang=\"en-US\">Empfohlene Verwendung<\/span><\/strong><\/p>\n<p><span lang=\"en-US\">Verzehren Sie eine Portion unmittelbar nach der k\u00f6rperlichen Aktivit\u00e4t.<\/span>\n<\/p>\n<p><\/p>\n<p><strong>Hinweis:<\/strong><\/p>\n<ul>\n<li>Lagern Sie das Produkt an einem k\u00fchlen, trockenen Ort in einer gut verschlossenen Verpackung.<\/li>\n<li>Kann Spuren von Hafer, Ei, Soja und Milch enthalten.<\/li>\n<li>Laktosefrei und Glutenfrei.<\/li>\n<\/ul>","protected":false},"excerpt":{"rendered":"<details>\n<summary>N\u00e4hrwertangaben<\/summary>\n<table style=\"text-align: center;\">\n<tbody>\n<tr>\n<th>N\u00e4hrwertangaben<\/th>\n<th>pro 100g<\/th>\n<th>pro 75g<\/th>\n<\/tr>\n<tr>\n<td>Energie<\/td>\n<td>371kcal\/(1581kj)<\/td>\n<td>278kcal\/(1186kj)<\/td>\n<\/tr>\n<tr>\n<td>Fette<\/td>\n<td>0g<\/td>\n<td>0g<\/td>\n<\/tr>\n<tr>\n<td>davon ges\u00e4ttigt<\/td>\n<td>0g<\/td>\n<td>0g<\/td>\n<\/tr>\n<tr>\n<td>Kohlenhydrate<\/td>\n<td>93g<\/td>\n<td>69,75g<\/td>\n<\/tr>\n<tr>\n<td>davon Zucker<\/td>\n<td>0g<\/td>\n<td>0g<\/td>\n<\/tr>\n<tr>\n<td>Protein<\/td>\n<td>0g<\/td>\n<td>0g<\/td>\n<\/tr>\n<tr>\n<td>Ballaststoffe<\/td>\n<td>0g<\/td>\n<td>0g<\/td>\n<\/tr>\n<tr>\n<td>Salz<\/td>\n<td>0,1g<\/td>\n<td>0,075g<\/td>\n<\/tr>\n<\/tbody>\n<\/table>\n<\/details>\n<p><\/p>\n<details>\n<summary>Inhaltsstoffe<\/summary>\n<table style=\"text-align: center;\">\n<tbody>\n<tr>\n<td><strong>Zutaten: <\/strong>100% vitargo\u00ae (mehr)<\/td>\n<\/tr>\n<\/tbody>\n<\/table>\n<\/details>\n<p><\/p>","protected":false},"featured_media":914,"template":"","meta":[],"product_cat":[310,217],"product_tag":[315,230],"class_list":{"0":"post-913","1":"product","2":"type-product","3":"status-publish","4":"has-post-thumbnail","6":"product_cat-performance-and-endurance","7":"product_cat-pre-workout-energy","8":"product_tag-performance-and-endurance","9":"product_tag-pre-workout-energy","11":"first","12":"instock","13":"taxable","14":"shipping-taxable","15":"purchasable","16":"product-type-simple"},"aioseo_notices":[],"_links":{"self":[{"href":"https:\/\/www.selfprotein.com\/de\/wp-json\/wp\/v2\/product\/913"}],"collection":[{"href":"https:\/\/www.selfprotein.com\/de\/wp-json\/wp\/v2\/product"}],"about":[{"href":"https:\/\/www.selfprotein.com\/de\/wp-json\/wp\/v2\/types\/product"}],"wp:featuredmedia":[{"embeddable":true,"href":"https:\/\/www.selfprotein.com\/de\/wp-json\/wp\/v2\/media\/914"}],"wp:attachment":[{"href":"https:\/\/www.selfprotein.com\/de\/wp-json\/wp\/v2\/media?parent=913"}],"wp:term":[{"taxonomy":"product_cat","embeddable":true,"href":"https:\/\/www.selfprotein.com\/de\/wp-json\/wp\/v2\/product_cat?post=913"},{"taxonomy":"product_tag","embeddable":true,"href":"https:\/\/www.selfprotein.com\/de\/wp-json\/wp\/v2\/product_tag?post=913"}],"curies":[{"name":"wp","href":"https:\/\/api.w.org\/{rel}","templated":true}]}}