{"id":916,"date":"2023-11-27T13:52:32","date_gmt":"2023-11-27T12:52:32","guid":{"rendered":"https:\/\/34.88.231.180\/product\/real-creatine\/"},"modified":"2026-05-04T09:19:07","modified_gmt":"2026-05-04T07:19:07","slug":"creatine","status":"publish","type":"product","link":"https:\/\/www.selfprotein.com\/de\/produkt\/creatine\/","title":{"rendered":"Creatine"},"content":{"rendered":"<p style=\"text-align: left;\" align=\"center\"><strong><span lang=\"en-US\">Creatine<\/span><\/strong><\/p>\n<p><span lang=\"en-US\">Entdecken Sie die Kraft von Kreatin, einer nat\u00fcrlichen Verbindung, die in geringen Mengen in Lebensmitteln wie Fleisch und Fisch vorkommt und als Nahrungserg\u00e4nzungsmittel erh\u00e4ltlich ist. Kreatin, das in den Muskeln als Phosphokreatin gespeichert wird, ist eine lebenswichtige Energiequelle bei hochintensiven, kurz andauernden Aktivit\u00e4ten wie Gewichtheben und Sprinten. Daher ist es nicht verwunderlich, dass es bei Sportlern, die ihre Kraft und k\u00f6rperliche Leistung maximieren wollen, zu einem beliebten Erg\u00e4nzungsmittel geworden ist.<\/span><\/p>\n<p><span lang=\"en-US\">Mit seinen zahlreichen Vorteilen hat sich Kreatin einen wohlverdienten Ruf als eines der wirksamsten Nahrungserg\u00e4nzungsmittel zur Verbesserung der Kraft, der Leistung und der K\u00f6rperzusammensetzung erworben und bietet Sportlern einen bedeutenden Vorteil beim Erreichen ihrer k\u00f6rperlichen und sportlichen Ziele.<\/span><\/p>\n<p><span lang=\"en-US\">Vorteile von Kreatin:<\/span><\/p>\n<ul>\n<li><strong><span lang=\"en-US\">Erh\u00f6hte Muskelkraft:<\/span><\/strong><span lang=\"en-US\"> Die Aufnahme von Kreatin in Ihre Ern\u00e4hrung kann zu einer erh\u00f6hten Muskelkraft f\u00fchren, die es Ihnen erm\u00f6glicht, schwerere Gewichte zu heben und \u00dcbungen mit hoher Intensit\u00e4t leichter durchzuf\u00fchren.<\/span><\/li>\n<li><strong><span lang=\"en-US\">Verbesserung der sportlichen Leistung:<\/span><\/strong><span lang=\"en-US\"> Athleten, die Kreatin einnehmen, erleben oft eine deutliche Verbesserung ihrer Leistung, insbesondere bei anaeroben Aktivit\u00e4ten wie Gewichtheben und Sprints.<\/span><\/li>\n<li><strong><span lang=\"en-US\">Beschleunigte Erholung:<\/span><\/strong><span lang=\"en-US\"> Kreatin kann dazu beitragen, den Regenerationsprozess der Muskeln zu beschleunigen, indem es den Muskelkater und die Erm\u00fcdung nach dem Training reduziert, so dass Sie schneller zu intensiven Trainingseinheiten zur\u00fcckkehren k\u00f6nnen.<\/span><\/li>\n<li><strong><span lang=\"en-US\">Zunahme der Muskelmasse:<\/span><\/strong><span lang=\"en-US\"> Durch die Integration von Kreatin in Ihre Trainingsroutine k\u00f6nnen Sie das Muskelwachstum stimulieren und so sichtbare und signifikante Ergebnisse bei der Zunahme der Muskelmasse erzielen.<\/span><\/li>\n<li><strong><span lang=\"en-US\">Einfach zu bedienen:<\/span><\/strong><span lang=\"en-US\"> Kreatin l\u00e4sst sich leicht in die Ern\u00e4hrung integrieren, sei es durch nat\u00fcrliche Lebensmittel oder durch Nahrungserg\u00e4nzungsmittel, die in verschiedenen Formen erh\u00e4ltlich sind, was es zu einer bequemen Wahl f\u00fcr Sportler aller Erfahrungsstufen macht.<\/span><\/li>\n<\/ul>\n<p>&nbsp;<\/p>\n<p><strong><span lang=\"en-US\">Empfohlene Verwendung<\/span><\/strong><\/p>\n<p><span lang=\"en-US\">1 Portion 30-45 Minuten vor dem Training oder w\u00e4hrend des Tages.<\/span><\/p>\n<p><b>Hinweis:<\/b><\/p>\n<ul>\n<li>Nur f\u00fcr Erwachsene und ersetzt nicht eine abwechslungsreiche, ausgewogene Ern\u00e4hrung und eine gesunde Lebensweise.<\/li>\n<li>\u00dcberschreiten Sie nicht die empfohlene Dosis.<\/li>\n<li>Verwenden Sie es nicht w\u00e4hrend der Stillzeit, Schwangerschaft Perioden ohne R\u00fccksprache mit dem Arzt.<\/li>\n<li>Lagern Sie das Produkt an einem k\u00fchlen, trockenen Ort in einer gut verschlossenen Verpackung au\u00dferhalb der Reichweite von Kindern unter 3 Jahren.<\/li>\n<li>Kann Spuren von Milch, Hafer, Ei und Soja enthalten.<\/li>\n<li>Laktosefrei und Glutenfrei.<\/li>\n<\/ul>","protected":false},"excerpt":{"rendered":"<p>Kreatin Entdecken Sie die Kraft von Kreatin, einer nat\u00fcrlichen Verbindung, die in geringen Mengen in Lebensmitteln wie Fleisch und Fisch vorkommt und als Nahrungserg\u00e4nzungsmittel erh\u00e4ltlich ist. Kreatin, das in den Muskeln als Phosphokreatin gespeichert wird, ist eine lebenswichtige Energiequelle bei hochintensiven, kurz andauernden Aktivit\u00e4ten wie Gewichtheben und Sprinten. Es ist keine \u00dcberraschung, dass es zu einem beliebten [...]<\/p>","protected":false},"featured_media":5631,"template":"","meta":[],"product_cat":[151,308],"product_tag":[161,318],"class_list":{"0":"post-916","1":"product","2":"type-product","3":"status-publish","4":"has-post-thumbnail","6":"product_cat-amino-acids-creatine","7":"product_cat-strength-and-muscle-mass","8":"product_tag-amino-acids-creatine","9":"product_tag-strength-and-muscle-mass","11":"first","12":"instock","13":"sale","14":"taxable","15":"shipping-taxable","16":"purchasable","17":"product-type-variable"},"aioseo_notices":[],"_links":{"self":[{"href":"https:\/\/www.selfprotein.com\/de\/wp-json\/wp\/v2\/product\/916"}],"collection":[{"href":"https:\/\/www.selfprotein.com\/de\/wp-json\/wp\/v2\/product"}],"about":[{"href":"https:\/\/www.selfprotein.com\/de\/wp-json\/wp\/v2\/types\/product"}],"wp:featuredmedia":[{"embeddable":true,"href":"https:\/\/www.selfprotein.com\/de\/wp-json\/wp\/v2\/media\/5631"}],"wp:attachment":[{"href":"https:\/\/www.selfprotein.com\/de\/wp-json\/wp\/v2\/media?parent=916"}],"wp:term":[{"taxonomy":"product_cat","embeddable":true,"href":"https:\/\/www.selfprotein.com\/de\/wp-json\/wp\/v2\/product_cat?post=916"},{"taxonomy":"product_tag","embeddable":true,"href":"https:\/\/www.selfprotein.com\/de\/wp-json\/wp\/v2\/product_tag?post=916"}],"curies":[{"name":"wp","href":"https:\/\/api.w.org\/{rel}","templated":true}]}}