{"id":923,"date":"2023-11-27T13:52:49","date_gmt":"2023-11-27T12:52:49","guid":{"rendered":"https:\/\/34.88.231.180\/product\/ripped-burn\/"},"modified":"2026-05-01T00:24:04","modified_gmt":"2026-04-30T22:24:04","slug":"ripped-burn","status":"publish","type":"product","link":"https:\/\/www.selfprotein.com\/de\/produkt\/ripped-burn\/","title":{"rendered":"Ripped Burn"},"content":{"rendered":"<p style=\"text-align: left\" align=\"center\"><strong><span lang=\"en-US\">Ripped Burn<\/span><\/strong><\/p>\n<p><span lang=\"en-US\">Ripped Burn ist ein Nahrungserg\u00e4nzungsmittel, das die Gewichtsabnahme und das Abnehmen durch eine Reihe von gezielten Wirkungen auf den Stoffwechsel und den Appetit f\u00f6rdert. Ripped Burn wurde entwickelt, um den Fettstoffwechsel zu erh\u00f6hen, die Aufnahme von Fetten und Kohlenhydraten zu reduzieren, die Ausscheidung von \u00fcbersch\u00fcssiger Fl\u00fcssigkeit zu f\u00f6rdern und den Appetit zu verringern.<\/span><\/p>\n<p><span lang=\"en-US\">Vorteile von Ripped Burn:<\/span><\/p>\n<ul>\n<li><strong><span lang=\"en-US\">Erh\u00f6hter Fettstoffwechsel:<\/span><\/strong><span lang=\"en-US\"> Ripped Burn wurde entwickelt, um den Fettstoffwechsel zu erh\u00f6hen und dem K\u00f6rper zu helfen, mehr Kalorien zu verbrennen und die Fettspeicher als Energiequelle zu nutzen.<\/span><\/li>\n<li><strong><span lang=\"en-US\">Verringerung der Fett- und Kohlenhydrataufnahme:<\/span><\/strong><span lang=\"en-US\"> Diese Erg\u00e4nzung tr\u00e4gt dazu bei, die Absorption von Fetten und Kohlenhydraten w\u00e4hrend der Verdauung zu verringern und so die Ansammlung von K\u00f6rperfett zu begrenzen.<\/span><\/li>\n<li><strong><span lang=\"en-US\">Ausscheidung von \u00fcbersch\u00fcssiger Fl\u00fcssigkeit:<\/span><\/strong><span lang=\"en-US\"> Ripped Burn f\u00f6rdert die Ausscheidung von \u00fcbersch\u00fcssiger Fl\u00fcssigkeit, reduziert Bl\u00e4hungen und verbessert die Muskeldefinition.<\/span><\/li>\n<li><strong><span lang=\"en-US\">Erh\u00f6hter Kalorienverbrauch:<\/span><\/strong><span lang=\"en-US\"> Dank seiner Rezeptur erh\u00f6ht Ripped Burn den Kalorienverbrauch, was zu einer st\u00e4rkeren Gewichtsabnahme und mehr Energie f\u00fchrt.<\/span><\/li>\n<li><strong><span lang=\"en-US\">Appetitminderung:<\/span><\/strong><span lang=\"en-US\"> Dieses Nahrungserg\u00e4nzungsmittel hilft, den Appetit zu z\u00fcgeln, so dass es leichter ist, die Portionen zu kontrollieren und eine ausgewogene Ern\u00e4hrung beizubehalten.<\/span><\/li>\n<li><strong><span lang=\"en-US\">Gluten- und laktosefrei:<\/span><\/strong><span lang=\"en-US\"> Ripped Burn ist frei von Gluten und Laktose und somit auch f\u00fcr Personen geeignet, die eine Di\u00e4t ohne diese Bestandteile einhalten.<\/span><\/li>\n<\/ul>\n<p>&nbsp;<\/p>\n<p><strong><span lang=\"en-US\">Empfohlene Verwendung<\/span><\/strong><\/p>\n<p><span lang=\"en-US\">Hoher Koffeingehalt, 200 mg pro Portion.<\/span><\/p>\n<p><span lang=\"en-US\">1 Portion vor dem Fr\u00fchst\u00fcck und 1 vor dem Mittagessen.<\/span><\/p>\n<p><b>Hinweis:<\/b><\/p>\n<ul>\n<li>Nur f\u00fcr Erwachsene und ersetzt nicht eine abwechslungsreiche, ausgewogene Ern\u00e4hrung und eine gesunde Lebensweise.<\/li>\n<li>\u00dcberschreiten Sie nicht die empfohlene Dosis.<\/li>\n<li>Verwenden Sie es nicht w\u00e4hrend der Stillzeit, Schwangerschaft Perioden ohne R\u00fccksprache mit dem Arzt.<\/li>\n<li>Lagern Sie das Produkt an einem k\u00fchlen, trockenen Ort in einer gut verschlossenen Verpackung au\u00dferhalb der Reichweite von Kindern unter 3 Jahren.<\/li>\n<li>Kann Spuren von Milch, Hafer, Ei und Soja enthalten.<\/li>\n<li>Laktosefrei und Glutenfrei.<\/li>\n<\/ul>","protected":false},"excerpt":{"rendered":"<details>\n<summary>Inhaltsstoffe<\/summary>\n<table style=\"text-align: center\">\n<tbody>\n<tr>\n<th>Inhaltsstoffe<\/th>\n<th>pro Portion 2 cps<\/th>\n<th>%NRV<\/th>\n<\/tr>\n<tr>\n<td>Yerba Mate e.s (Ilex Paraguanensis, folium)<\/td>\n<td>300mg<\/td>\n<td><\/td>\n<\/tr>\n<tr>\n<td>Inositol<\/td>\n<td>200mg<\/td>\n<td><\/td>\n<\/tr>\n<tr>\n<td>Cholin (Bitartrat)<\/td>\n<td>200mg<\/td>\n<td><\/td>\n<\/tr>\n<tr>\n<td>Koffein (insgesamt)<\/td>\n<td>200mg<\/td>\n<td><\/td>\n<\/tr>\n<tr>\n<td>Coleus Forskohlii e.s (30% Forskolin) (Plectranthus Barbatus, radix)<\/td>\n<td>150mg<\/td>\n<td><\/td>\n<\/tr>\n<tr>\n<td>Garcinia Cambogia e.s (40% HCA) Fr\u00fcchte<\/td>\n<td>100mg<\/td>\n<td><\/td>\n<\/tr>\n<tr>\n<td>Schwarzer Tee (Camellia Sinensis, folium)<\/td>\n<td>100mg<\/td>\n<td><\/td>\n<\/tr>\n<tr>\n<td>Rhodiola Rosea e.s (2% Rosavin) (Rhodiola Rosea, Radix)<\/td>\n<td>100mg<\/td>\n<td><\/td>\n<\/tr>\n<tr>\n<td>Gr\u00fcner Tee e.s (Camellia Sinensis, folium)<\/td>\n<td>80mg<\/td>\n<td><\/td>\n<\/tr>\n<tr>\n<td>Capsicum Annum Fructus e.s.<\/td>\n<td>50mg<\/td>\n<td><\/td>\n<\/tr>\n<tr>\n<td>Gr\u00fcne Kaffeebohne e.s (Coffea Arabica, Samen)<\/td>\n<td>25mg<\/td>\n<td><\/td>\n<\/tr>\n<tr>\n<td>Wakame e.s (30% Fucoxanthin) (Undaria Pinnatifida, Thallus)<\/td>\n<td>20mg<\/td>\n<td><\/td>\n<\/tr>\n<tr>\n<td>Piper Nigrum fructus e.s (95% Piperin)<\/td>\n<td>4mg<\/td>\n<td><\/td>\n<\/tr>\n<tr>\n<td>Vitamin B6 (Pyridoxin Hcl)<\/td>\n<td>1,4mg<\/td>\n<td>(100%*)<\/td>\n<\/tr>\n<tr>\n<td>Fols\u00e4ure<\/td>\n<td>200\u03bcg<\/td>\n<td>(50%*)<\/td>\n<\/tr>\n<tr>\n<td colspan=\"3\"><strong>Andere Inhaltsstoffe: <\/strong>Stabilisatoren (E953, E470b, E551), vegane Kapsel (E1204)<\/td>\n<\/tr>\n<tr>\n<td colspan=\"3\"><strong>*NRV: <\/strong>ern\u00e4hrungsphysiologischer Referenzwert<\/td>\n<\/tr>\n<\/tbody>\n<\/table>\n<\/details>\n<p>&nbsp;<\/p>","protected":false},"featured_media":15309,"template":"","meta":[],"product_cat":[155,309],"product_tag":[163,319],"class_list":{"0":"post-923","1":"product","2":"type-product","3":"status-publish","4":"has-post-thumbnail","6":"product_cat-weight-control-metabolism","7":"product_cat-weight-management-and-definition","8":"product_tag-weight-control-metabolism","9":"product_tag-weight-management-and-definition","11":"first","12":"instock","13":"taxable","14":"shipping-taxable","15":"purchasable","16":"product-type-simple"},"aioseo_notices":[],"_links":{"self":[{"href":"https:\/\/www.selfprotein.com\/de\/wp-json\/wp\/v2\/product\/923"}],"collection":[{"href":"https:\/\/www.selfprotein.com\/de\/wp-json\/wp\/v2\/product"}],"about":[{"href":"https:\/\/www.selfprotein.com\/de\/wp-json\/wp\/v2\/types\/product"}],"wp:featuredmedia":[{"embeddable":true,"href":"https:\/\/www.selfprotein.com\/de\/wp-json\/wp\/v2\/media\/15309"}],"wp:attachment":[{"href":"https:\/\/www.selfprotein.com\/de\/wp-json\/wp\/v2\/media?parent=923"}],"wp:term":[{"taxonomy":"product_cat","embeddable":true,"href":"https:\/\/www.selfprotein.com\/de\/wp-json\/wp\/v2\/product_cat?post=923"},{"taxonomy":"product_tag","embeddable":true,"href":"https:\/\/www.selfprotein.com\/de\/wp-json\/wp\/v2\/product_tag?post=923"}],"curies":[{"name":"wp","href":"https:\/\/api.w.org\/{rel}","templated":true}]}}