{"id":936,"date":"2023-11-27T13:53:04","date_gmt":"2023-11-27T12:53:04","guid":{"rendered":"https:\/\/34.88.231.180\/product\/soy-protein-isolate\/"},"modified":"2026-05-01T00:24:07","modified_gmt":"2026-04-30T22:24:07","slug":"soy-protein-isolate","status":"publish","type":"product","link":"https:\/\/www.selfprotein.com\/de\/produkt\/soy-protein-isolate\/","title":{"rendered":"Soy Protein Isolate"},"content":{"rendered":"<p style=\"text-align: left;\" align=\"center\"><strong><span lang=\"en-US\">Sojaprotein<\/span><\/strong><\/p>\n<p><span lang=\"en-US\">Sojaproteinisolat ist ein aus Sojabohnen gewonnenes Proteinkonzentrat, das f\u00fcr seinen Reichtum an N\u00e4hrstoffen und seine Vielseitigkeit bei der Nahrungserg\u00e4nzung bekannt ist. Dieser Proteinextrakt wird durch ein Verfahren gewonnen, bei dem die meisten Nichtproteinbestandteile der Sojabohne, wie Ballaststoffe und Kohlenhydrate, entfernt werden, so dass ein hochkonzentriertes Proteinpulver \u00fcbrig bleibt. Dieser Artikel befasst sich mit den gesundheitlichen und ern\u00e4hrungsphysiologischen Vorteilen von Sojaproteinisolat.<\/span><\/p>\n<p><span lang=\"en-US\">Produktvorteile:<\/span><\/p>\n<ul>\n<li><strong><span lang=\"en-US\">Vollst\u00e4ndige Proteinquelle<\/span><\/strong><span lang=\"en-US\"><strong>:<\/strong> Sojaproteinisolat liefert alle essentiellen Aminos\u00e4uren, die f\u00fcr das reibungslose Funktionieren des menschlichen K\u00f6rpers notwendig sind. Da es ein vollst\u00e4ndiges Protein ist, kann es eine ideale Option f\u00fcr Menschen sein, die sich vegetarisch oder vegan ern\u00e4hren.<\/span><\/li>\n<li><strong><span lang=\"en-US\">Reich an N\u00e4hrstoffen<\/span><\/strong><span lang=\"en-US\"><strong>:<\/strong> Neben Proteinen ist Sojaproteinisolat eine wichtige Quelle f\u00fcr andere wichtige N\u00e4hrstoffe wie Eisen und Kalzium. Diese N\u00e4hrstoffe sind entscheidend f\u00fcr die Gesundheit der Knochen, die Blutbildung und viele andere lebenswichtige Funktionen des K\u00f6rpers.<\/span><\/li>\n<li><strong><span lang=\"en-US\">Vorteile f\u00fcr die Herzgesundheit:<\/span><\/strong><span lang=\"en-US\"> J\u00fcngste Studien deuten darauf hin, dass die Aufnahme von Sojaproteinen in die Ern\u00e4hrung dazu beitragen kann, das Risiko von Herzerkrankungen zu verringern. Sojaproteinisolat enth\u00e4lt vorteilhafte Verbindungen wie Isoflavone, die die Gesundheit des Herzens durch verschiedene Mechanismen f\u00f6rdern k\u00f6nnen, unter anderem durch die Senkung des Spiegels des schlechten Cholesterins (LDL) im Blut.<\/span><\/li>\n<li><strong><span lang=\"en-US\">Gewichtsmanagement:<\/span><\/strong><span lang=\"en-US\"> Mit seinem hohen Proteingehalt und seinem geringen Anteil an Fetten und Kohlenhydraten kann Sojaproteinisolat ein wertvoller Verb\u00fcndeter bei der Gewichtskontrolle sein. Proteine k\u00f6nnen dazu beitragen, das S\u00e4ttigungsgef\u00fchl l\u00e4nger aufrechtzuerhalten, wodurch der Appetit reduziert wird und ein Beitrag zur Kalorienkontrolle geleistet wird.<\/span><\/li>\n<li><strong><span lang=\"en-US\">\u00d6kologische Nachhaltigkeit:<\/span><\/strong><span lang=\"en-US\"> Bei der Herstellung von Sojaproteinisolat werden weniger Ressourcen ben\u00f6tigt als bei der Produktion von tierischen Proteinen, was dazu beitr\u00e4gt, die Umweltbelastung durch die Ern\u00e4hrung insgesamt zu verringern.<\/span><\/li>\n<\/ul>\n<p>&nbsp;<\/p>\n<p><strong><span lang=\"en-US\">Empfohlene Verwendung<\/span><\/strong><\/p>\n<p><span lang=\"en-US\">1-3 Portionen pro Tag je nach individuellem Bedarf und unter Ber\u00fccksichtigung anderer Proteinquellen in der Ern\u00e4hrung.<\/span><\/p>\n<p><b>Hinweis:<\/b><\/p>\n<ul>\n<li>\u00dcberschreiten Sie nicht die empfohlene Dosis.<\/li>\n<li>Empfohlene Dosis: 1-3 Portionen pro Tag, je nach Bedarf und unter Ber\u00fccksichtigung der anderen Proteinquellen in der Ern\u00e4hrung.<\/li>\n<li>Lagern Sie das Produkt an einem k\u00fchlen, trockenen Ort in einer gut verschlossenen Verpackung.<\/li>\n<li>Enth\u00e4lt Soja.<\/li>\n<li>Kann Spuren von Hafer, Ei und Milch enthalten.<\/li>\n<li>Laktosefrei und Glutenfrei.<\/li>\n<\/ul>","protected":false},"excerpt":{"rendered":"<p>Sojaprotein Sojaproteinisolat ist ein aus Sojabohnen gewonnenes Proteinkonzentrat, das f\u00fcr seinen Reichtum an N\u00e4hrstoffen und seine Vielseitigkeit bei der Nahrungserg\u00e4nzung bekannt ist. Dieser Proteinextrakt wird durch ein Verfahren gewonnen, bei dem die meisten Nicht-Protein-Bestandteile der Sojabohne, wie z. B. Ballaststoffe und Kohlenhydrate, entfernt werden, so dass ein hochkonzentriertes Pulver aus Proteinen \u00fcbrig bleibt. Dieser Artikel [...]<\/p>","protected":false},"featured_media":11926,"template":"","meta":[],"product_cat":[158,308],"product_tag":[18,318],"class_list":{"0":"post-936","1":"product","2":"type-product","3":"status-publish","4":"has-post-thumbnail","6":"product_cat-proteins","7":"product_cat-strength-and-muscle-mass","8":"product_tag-proteins","9":"product_tag-strength-and-muscle-mass","11":"first","12":"instock","13":"sale","14":"taxable","15":"shipping-taxable","16":"purchasable","17":"product-type-variable"},"aioseo_notices":[],"_links":{"self":[{"href":"https:\/\/www.selfprotein.com\/de\/wp-json\/wp\/v2\/product\/936"}],"collection":[{"href":"https:\/\/www.selfprotein.com\/de\/wp-json\/wp\/v2\/product"}],"about":[{"href":"https:\/\/www.selfprotein.com\/de\/wp-json\/wp\/v2\/types\/product"}],"wp:featuredmedia":[{"embeddable":true,"href":"https:\/\/www.selfprotein.com\/de\/wp-json\/wp\/v2\/media\/11926"}],"wp:attachment":[{"href":"https:\/\/www.selfprotein.com\/de\/wp-json\/wp\/v2\/media?parent=936"}],"wp:term":[{"taxonomy":"product_cat","embeddable":true,"href":"https:\/\/www.selfprotein.com\/de\/wp-json\/wp\/v2\/product_cat?post=936"},{"taxonomy":"product_tag","embeddable":true,"href":"https:\/\/www.selfprotein.com\/de\/wp-json\/wp\/v2\/product_tag?post=936"}],"curies":[{"name":"wp","href":"https:\/\/api.w.org\/{rel}","templated":true}]}}