{"id":947,"date":"2023-11-27T13:53:25","date_gmt":"2023-11-27T12:53:25","guid":{"rendered":"https:\/\/34.88.231.180\/product\/taurine\/"},"modified":"2026-04-01T00:00:32","modified_gmt":"2026-03-31T22:00:32","slug":"taurine","status":"publish","type":"product","link":"https:\/\/www.selfprotein.com\/de\/produkt\/taurine\/","title":{"rendered":"Taurine"},"content":{"rendered":"<p style=\"text-align: left\" align=\"center\"><strong><span lang=\"en-US\">Taurine<\/span><\/strong><\/p>\n<p><span lang=\"en-US\">Taurin ist eine im menschlichen K\u00f6rper nat\u00fcrlich vorkommende Aminos\u00e4ure, die auch in einigen g\u00e4ngigen Lebensmitteln wie Fleisch, Fisch und Milchprodukten enthalten ist. Aufgrund seiner potenziellen gesundheitlichen Vorteile ist Taurin h\u00e4ufig in Energydrinks und Nahrungserg\u00e4nzungsmitteln enthalten.<\/span><\/p>\n<p><span lang=\"en-US\">Vorteile von Taurin:<\/span><\/p>\n<ul>\n<li><strong><span lang=\"en-US\">Verbesserung der sportlichen Leistung:<\/span><\/strong><span lang=\"en-US\"> Die Aufnahme von Taurin in die Ern\u00e4hrung kann dazu beitragen, die sportliche Leistung zu verbessern, insbesondere bei hochintensiven Aktivit\u00e4ten. Dies wird auf seine Rolle bei der Regulierung des Kalziumspiegels in den Muskeln zur\u00fcckgef\u00fchrt, was die Muskelfunktion verbessern und die Erm\u00fcdung w\u00e4hrend der k\u00f6rperlichen Bet\u00e4tigung verringern kann.<\/span><\/li>\n<li><strong><span lang=\"en-US\">Verringerung des Risikos von Herzkrankheiten:<\/span><\/strong><span lang=\"en-US\"> Taurin kann eine wichtige Rolle bei der Verringerung des Risikos von Herzkrankheiten spielen. Diese Aminos\u00e4ure wird mit der Verbesserung des Blutdrucks und der Verringerung von oxidativem Stress und Entz\u00fcndungen in Verbindung gebracht - Schl\u00fcsselfaktoren f\u00fcr die Erhaltung der kardiovaskul\u00e4ren Gesundheit.<\/span><\/li>\n<li><strong><span lang=\"en-US\">Verbesserung der Insulinsensitivit\u00e4t:<\/span><\/strong><span lang=\"en-US\"> Die Aufnahme von Taurin in die Ern\u00e4hrung kann zu einer verbesserten Insulinempfindlichkeit und Glukosetoleranz f\u00fchren, was insbesondere f\u00fcr Menschen mit Typ-2-Diabetes von Vorteil ist. Die Regulierung des Blutzuckerspiegels ist entscheidend f\u00fcr die Kontrolle der Krankheit und die Bew\u00e4ltigung der damit verbundenen Komplikationen.<\/span><\/li>\n<li><strong><span lang=\"en-US\">Verbesserte kognitive Funktion<\/span><\/strong><span lang=\"en-US\"><strong>:<\/strong> Taurin kann auch zu einer verbesserten kognitiven Funktion beitragen, insbesondere bei \u00e4lteren Menschen. Man nimmt an, dass dies auf seine potenzielle Schutzfunktion gegen oxidativen Stress und Entz\u00fcndungen im Gehirn zur\u00fcckzuf\u00fchren ist, Faktoren, die sich mit der Zeit negativ auf die kognitiven Funktionen auswirken k\u00f6nnen.<\/span><\/li>\n<\/ul>\n<p>&nbsp;<\/p>\n<p><strong><span lang=\"en-US\">Empfohlene Verwendung<\/span><\/strong><\/p>\n<p><span lang=\"en-US\">Nehmen Sie 1 Portion 30-45 Minuten vor der sportlichen Aktivit\u00e4t oder tags\u00fcber ein.<\/span><\/p>\n<p><b>Hinweis:<\/b><\/p>\n<ul>\n<li>Nur f\u00fcr Erwachsene und ersetzt nicht eine abwechslungsreiche, ausgewogene Ern\u00e4hrung und eine gesunde Lebensweise.<\/li>\n<li>\u00dcberschreiten Sie nicht die empfohlene Dosis.<\/li>\n<li>Verwenden Sie es nicht w\u00e4hrend der Stillzeit, Schwangerschaft Perioden ohne R\u00fccksprache mit dem Arzt.<\/li>\n<li>Lagern Sie das Produkt an einem k\u00fchlen, trockenen Ort in einer gut verschlossenen Verpackung au\u00dferhalb der Reichweite von Kindern unter 3 Jahren.<\/li>\n<li>Kann Spuren von Milch, Hafer, Ei und Soja enthalten.<\/li>\n<li>Laktosefrei und Glutenfrei.<\/li>\n<\/ul>","protected":false},"excerpt":{"rendered":"<details>\n<summary>Inhaltsstoffe<\/summary>\n<table style=\"text-align: center\">\n<tbody>\n<tr>\n<th>Inhaltsstoffe<\/th>\n<th>pro Portion<\/th>\n<\/tr>\n<tr>\n<td>Taurine<\/td>\n<td>1g<\/td>\n<\/tr>\n<\/tbody>\n<\/table>\n<\/details>\n<p>&nbsp;<\/p>","protected":false},"featured_media":14404,"template":"","meta":[],"product_cat":[151,310],"product_tag":[161,315],"class_list":{"0":"post-947","1":"product","2":"type-product","3":"status-publish","4":"has-post-thumbnail","6":"product_cat-amino-acids-creatine","7":"product_cat-performance-and-endurance","8":"product_tag-amino-acids-creatine","9":"product_tag-performance-and-endurance","11":"first","12":"instock","13":"taxable","14":"shipping-taxable","15":"purchasable","16":"product-type-simple"},"aioseo_notices":[],"_links":{"self":[{"href":"https:\/\/www.selfprotein.com\/de\/wp-json\/wp\/v2\/product\/947"}],"collection":[{"href":"https:\/\/www.selfprotein.com\/de\/wp-json\/wp\/v2\/product"}],"about":[{"href":"https:\/\/www.selfprotein.com\/de\/wp-json\/wp\/v2\/types\/product"}],"wp:featuredmedia":[{"embeddable":true,"href":"https:\/\/www.selfprotein.com\/de\/wp-json\/wp\/v2\/media\/14404"}],"wp:attachment":[{"href":"https:\/\/www.selfprotein.com\/de\/wp-json\/wp\/v2\/media?parent=947"}],"wp:term":[{"taxonomy":"product_cat","embeddable":true,"href":"https:\/\/www.selfprotein.com\/de\/wp-json\/wp\/v2\/product_cat?post=947"},{"taxonomy":"product_tag","embeddable":true,"href":"https:\/\/www.selfprotein.com\/de\/wp-json\/wp\/v2\/product_tag?post=947"}],"curies":[{"name":"wp","href":"https:\/\/api.w.org\/{rel}","templated":true}]}}