{"id":952,"date":"2023-11-27T13:56:15","date_gmt":"2023-11-27T12:56:15","guid":{"rendered":"https:\/\/34.88.231.180\/product\/testo-pac\/"},"modified":"2026-05-01T00:24:06","modified_gmt":"2026-04-30T22:24:06","slug":"testo-pac","status":"publish","type":"product","link":"https:\/\/www.selfprotein.com\/de\/produkt\/testo-pac\/","title":{"rendered":"Testo Pac"},"content":{"rendered":"<p style=\"text-align: left\" align=\"center\"><strong><span lang=\"en-US\">Testo Pac<\/span><\/strong><\/p>\n<p><span lang=\"en-US\">Testo Pac ist ein Nahrungserg\u00e4nzungsmittel, das zur F\u00f6rderung eines gesunden Testosteronspiegels und zur Verbesserung der allgemeinen Gesundheit entwickelt wurde. Dieses Produkt enth\u00e4lt eine Kombination aus Kr\u00e4utern, Vitaminen und Mineralien, die alle dazu bestimmt sind, die Produktion und Aufrechterhaltung eines angemessenen Testosteronspiegels im K\u00f6rper zu unterst\u00fctzen.<\/span><\/p>\n<p><span lang=\"en-US\">Hier sind einige der Vorteile, die mit Testo Pac verbunden sind:<\/span><\/p>\n<ul>\n<li><strong><span lang=\"en-US\">Erh\u00f6hter Testosteronspiegel:<\/span><\/strong><span lang=\"en-US\"> Dank seiner Kombination von Kr\u00e4uterextrakten soll Testo Pac die Testosteronproduktion im K\u00f6rper anregen und dazu beitragen, den optimalen Spiegel dieses wichtigen Hormons zu erhalten.<\/span><\/li>\n<li><strong><span lang=\"en-US\">Unterst\u00fctzung der allgemeinen Gesundheit:<\/span><\/strong><span lang=\"en-US\"> Neben seiner angeblichen Wirkung auf das Testosteron bietet Testo Pac auch Vorteile f\u00fcr die allgemeine Gesundheit. Die enthaltenen Kr\u00e4uterextrakte k\u00f6nnen dazu beitragen, Entz\u00fcndungen und oxidativen Stress im K\u00f6rper zu reduzieren und das allgemeine Wohlbefinden zu f\u00f6rdern.<\/span><\/li>\n<li><strong><span lang=\"en-US\">Integration von essentiellen N\u00e4hrstoffen:<\/span><\/strong><span lang=\"en-US\"> Testo Pac liefert auch wichtige essentielle N\u00e4hrstoffe wie Zink und Vitamin D, die beide daf\u00fcr bekannt sind, die Testosteronproduktion zu unterst\u00fctzen und zur allgemeinen Gesundheit beizutragen.<\/span><\/li>\n<li><strong><span lang=\"en-US\">Verbesserung der k\u00f6rperlichen und geistigen Leistungsf\u00e4higkeit:<\/span><\/strong><span lang=\"en-US\"> Ein erh\u00f6hter Testosteronspiegel kann zu einer Verbesserung der k\u00f6rperlichen und geistigen Leistungsf\u00e4higkeit f\u00fchren, einschlie\u00dflich eines h\u00f6heren Energie-, Ausdauer- und Konzentrationsniveaus.<\/span><\/li>\n<li><strong><span lang=\"en-US\">Unterst\u00fctzung f\u00fcr die sexuelle Gesundheit:<\/span><\/strong><span lang=\"en-US\"> Ein angemessener Testosteronspiegel ist auch f\u00fcr die sexuelle Gesundheit des Mannes entscheidend, und die Einnahme von Testo Pac kann die sexuelle Funktion und die Libido verbessern.<\/span><\/li>\n<\/ul>\n<p><\/p>\n<p><span lang=\"en-US\">Bevor Sie mit einer Nahrungserg\u00e4nzung beginnen, ist es ratsam, einen Arzt zu konsultieren, um festzustellen, ob Testo Pac f\u00fcr Ihre individuellen Bed\u00fcrfnisse und gesundheitlichen Bedingungen geeignet ist.<\/span><\/p>\n<p><strong><span lang=\"en-US\">Empfohlene Verwendung<\/span><\/strong><\/p>\n<p><span lang=\"en-US\">Nehmen Sie 4 Kapseln vor dem Schlafengehen oder 30-45 Minuten vor dem Sport ein.<\/span><\/p>\n<p><b>Hinweis:<\/b><\/p>\n<ul>\n<li>Nur f\u00fcr Erwachsene und ersetzt nicht eine abwechslungsreiche, ausgewogene Ern\u00e4hrung und eine gesunde Lebensweise.<\/li>\n<li>\u00dcberschreiten Sie nicht die empfohlene Dosis.<\/li>\n<li>Verwenden Sie es nicht w\u00e4hrend der Stillzeit, Schwangerschaft Perioden ohne R\u00fccksprache mit dem Arzt.<\/li>\n<li>Lagern Sie das Produkt an einem k\u00fchlen, trockenen Ort in einer gut verschlossenen Verpackung au\u00dferhalb der Reichweite von Kindern unter 3 Jahren.<\/li>\n<li>Kann Spuren von Milch, Hafer, Ei und Soja enthalten.<\/li>\n<li>Laktosefrei und Glutenfrei.<\/li>\n<\/ul>","protected":false},"excerpt":{"rendered":"<details>\n<summary>Inhaltsstoffe<\/summary>\n<table style=\"text-align: center\">\n<tbody>\n<tr>\n<th>Inhaltsstoffe<\/th>\n<th>pro Portion 4 cps<\/th>\n<th>%NRV<\/th>\n<\/tr>\n<tr>\n<td>D-Asparagins\u00e4ure (DAA)<\/td>\n<td>1820mg<\/td>\n<td><\/td>\n<\/tr>\n<tr>\n<td>Brennnessel e.s.\/Extrakt (Urtica Dioica, Folium)<\/td>\n<td>260mg<\/td>\n<td><\/td>\n<\/tr>\n<tr>\n<td>Ingwer e.s\/ Extrakt (Zingiber Officinale, Radix-Rhizoma)<\/td>\n<td>160mg<\/td>\n<td><\/td>\n<\/tr>\n<tr>\n<td>Tribulus Terrestris e.s\/ extract fructus (90% tot. Saponine; 20% Protodioscin)<\/td>\n<td>160mg<\/td>\n<td><\/td>\n<\/tr>\n<tr>\n<td>Hafer e.s\/ Extrakt (200:1) (Avena Sativa, Fructus-Summitas)<\/td>\n<td>160mg<\/td>\n<td><\/td>\n<\/tr>\n<tr>\n<td>Selen (Natriumselenat)<\/td>\n<td>82,5\u03bcg<\/td>\n<td>150%<\/td>\n<\/tr>\n<tr>\n<td>Vitamin D (Cholecalciferol)<\/td>\n<td>10\u03bcg<\/td>\n<td>200%<\/td>\n<\/tr>\n<tr>\n<td>Zink (Zink-Gluconat)<\/td>\n<td>12,5mg<\/td>\n<td>125%<\/td>\n<\/tr>\n<tr>\n<td>Vitamin B6 (Pyridoxin-Hcl)<\/td>\n<td>2,8mg<\/td>\n<td>200%<\/td>\n<\/tr>\n<tr>\n<td colspan=\"3\"><strong>Andere Inhaltsstoffe: <\/strong>Stabilisierungsmittel (E953, E470b, E551), vegane Kapsel (E1204)<\/td>\n<\/tr>\n<tr>\n<td colspan=\"3\"><strong>*NRV: <\/strong> ern\u00e4hrungsphysiologischer Referenzwert<\/td>\n<\/tr>\n<\/tbody>\n<\/table>\n<\/details>\n<p>&nbsp;<\/p>","protected":false},"featured_media":13893,"template":"","meta":[],"product_cat":[154,308],"product_tag":[162,318],"class_list":{"0":"post-952","1":"product","2":"type-product","3":"status-publish","4":"has-post-thumbnail","6":"product_cat-gain-performance","7":"product_cat-strength-and-muscle-mass","8":"product_tag-gain-performance","9":"product_tag-strength-and-muscle-mass","11":"first","12":"instock","13":"taxable","14":"shipping-taxable","15":"purchasable","16":"product-type-simple"},"aioseo_notices":[],"_links":{"self":[{"href":"https:\/\/www.selfprotein.com\/de\/wp-json\/wp\/v2\/product\/952"}],"collection":[{"href":"https:\/\/www.selfprotein.com\/de\/wp-json\/wp\/v2\/product"}],"about":[{"href":"https:\/\/www.selfprotein.com\/de\/wp-json\/wp\/v2\/types\/product"}],"wp:featuredmedia":[{"embeddable":true,"href":"https:\/\/www.selfprotein.com\/de\/wp-json\/wp\/v2\/media\/13893"}],"wp:attachment":[{"href":"https:\/\/www.selfprotein.com\/de\/wp-json\/wp\/v2\/media?parent=952"}],"wp:term":[{"taxonomy":"product_cat","embeddable":true,"href":"https:\/\/www.selfprotein.com\/de\/wp-json\/wp\/v2\/product_cat?post=952"},{"taxonomy":"product_tag","embeddable":true,"href":"https:\/\/www.selfprotein.com\/de\/wp-json\/wp\/v2\/product_tag?post=952"}],"curies":[{"name":"wp","href":"https:\/\/api.w.org\/{rel}","templated":true}]}}