{"id":955,"date":"2023-11-27T13:56:19","date_gmt":"2023-11-27T12:56:19","guid":{"rendered":"https:\/\/34.88.231.180\/product\/tyrosine\/"},"modified":"2026-05-01T00:24:06","modified_gmt":"2026-04-30T22:24:06","slug":"l-tyrosine","status":"publish","type":"product","link":"https:\/\/www.selfprotein.com\/de\/produkt\/l-tyrosine\/","title":{"rendered":"L-Tyrosine"},"content":{"rendered":"<p style=\"text-align: left\" align=\"center\"><strong><span lang=\"en-US\">L-Tyrosine<\/span><\/strong><\/p>\n<p><span lang=\"en-US\">Tyrosin, eine nicht-essentielle Aminos\u00e4ure, kann vom K\u00f6rper selbst aus anderen Aminos\u00e4uren hergestellt werden und ist in vielen proteinreichen Lebensmitteln wie Fleisch, Milchprodukten und H\u00fclsenfr\u00fcchten enthalten. Diese Verbindung spielt eine entscheidende Rolle bei der Produktion verschiedener Neurotransmitter, die im Gehirn wichtig sind, darunter Dopamin, Epinephrin und Norepinephrin, die Stimmung, Motivation und kognitive Funktionen beeinflussen.<\/span><\/p>\n<p><span lang=\"en-US\">Produktvorteile:<\/span><\/p>\n<ul>\n<li><strong><span lang=\"en-US\">Stimmungsaufhellung und kognitive Funktion:<\/span><\/strong><span lang=\"en-US\"> Eine Nahrungserg\u00e4nzung mit Tyrosin kann die Stimmung und die kognitiven Funktionen verbessern, insbesondere bei Personen, die unter Stress oder M\u00fcdigkeit leiden. Dieser Nutzen ist auf die Rolle von Tyrosin bei der Synthese von Neurotransmittern zur\u00fcckzuf\u00fchren, die diese Prozesse regulieren.<\/span><\/li>\n<li><strong><span lang=\"en-US\">Verbesserung der sportlichen Leistung: <\/span><\/strong><span lang=\"en-US\">Die Einnahme von Tyrosin kann zur Steigerung der sportlichen Leistung beitragen, insbesondere bei hochintensiven \u00dcbungen. Dieser Effekt h\u00e4ngt mit der F\u00e4higkeit von Tyrosin zusammen, die M\u00fcdigkeit zu verringern und die Konzentration zu verbessern, was einen Vorteil bei k\u00f6rperlicher Aktivit\u00e4t darstellt.<\/span><\/li>\n<li><strong><span lang=\"en-US\">Unterdr\u00fcckung des Appetits:<\/span><\/strong><span lang=\"en-US\"> Tyrosin kann als Appetitz\u00fcgler wirken, der das Verlangen nach Essen reduziert und die Gewichtskontrolle erleichtert. Dies kann besonders n\u00fctzlich f\u00fcr diejenigen sein, die ihre Ern\u00e4hrung kontrollieren und auf gesunde Weise abnehmen wollen.<\/span><\/li>\n<li><strong><span lang=\"en-US\">Unterst\u00fctzung in stressigen Zeiten: <\/span><\/strong><span lang=\"en-US\">In Zeiten k\u00f6rperlichen oder geistigen Stresses kann eine Nahrungserg\u00e4nzung mit Tyrosin dazu beitragen, die geistige und k\u00f6rperliche Gesundheit zu unterst\u00fctzen, indem das Gehirn mit den notwendigen N\u00e4hrstoffen versorgt wird, um optimal zu funktionieren.<\/span><\/li>\n<li><strong><span lang=\"en-US\">Potenzial f\u00fcr das Management von Stimmungsst\u00f6rungen und kognitiven St\u00f6rungen:<\/span><\/strong><span lang=\"en-US\"> Einige Forschungsergebnisse deuten darauf hin, dass die Einnahme von Tyrosin bei der Bew\u00e4ltigung von Stimmungsst\u00f6rungen und kognitiven Problemen im Zusammenhang mit Erkrankungen wie Depressionen oder Aufmerksamkeitsdefizit-\/Hyperaktivit\u00e4tsst\u00f6rungen (ADHS) hilfreich sein kann. Es sind jedoch weitere Studien erforderlich, um diese potenziellen Vorteile zu best\u00e4tigen.<\/span><\/li>\n<\/ul>\n<p>&nbsp;<\/p>\n<p><strong><span lang=\"en-US\">Empfohlene Verwendung<\/span><\/strong><\/p>\n<p><span lang=\"en-US\">Nehmen Sie 1 Portion 30-45 Minuten vor der k\u00f6rperlichen Aktivit\u00e4t ein.<\/span><\/p>\n<p>&nbsp;<\/p>\n<p class=\"xmprfx_MsoNormal\"><b>Hinweis:<\/b><\/p>\n<ul>\n<li>Nur f\u00fcr Erwachsene und ersetzt nicht eine abwechslungsreiche, ausgewogene Ern\u00e4hrung und eine gesunde Lebensweise.<\/li>\n<li>\u00dcberschreiten Sie nicht die empfohlene Dosis.<\/li>\n<li>Empfohlene Dosis: 1 Portion 30-45 Minuten vor dem Training.<\/li>\n<li>Verwenden Sie es nicht w\u00e4hrend der Stillzeit, Schwangerschaft Perioden ohne R\u00fccksprache mit dem Arzt.<\/li>\n<li>Lagern Sie das Produkt an einem k\u00fchlen, trockenen Ort in einer gut verschlossenen Verpackung au\u00dferhalb der Reichweite von Kindern unter 3 Jahren.<\/li>\n<li>Kann Spuren von Milch, Hafer, Ei und Soja enthalten.<\/li>\n<\/ul>","protected":false},"excerpt":{"rendered":"<details>\n<summary>Inhaltsstoffe<\/summary>\n<table style=\"text-align: center\">\n<tbody>\n<tr>\n<th>Inhaltsstoffe<\/th>\n<th>pro Portion<\/th>\n<\/tr>\n<tr>\n<td>L-Tyrosine<\/td>\n<td>3g<\/td>\n<\/tr>\n<\/tbody>\n<\/table>\n<\/details>\n<p>&nbsp;<\/p>","protected":false},"featured_media":14407,"template":"","meta":[],"product_cat":[151,310,217],"product_tag":[315,230],"class_list":{"0":"post-955","1":"product","2":"type-product","3":"status-publish","4":"has-post-thumbnail","6":"product_cat-amino-acids-creatine","7":"product_cat-performance-and-endurance","8":"product_cat-pre-workout-energy","9":"product_tag-performance-and-endurance","10":"product_tag-pre-workout-energy","12":"first","13":"instock","14":"taxable","15":"shipping-taxable","16":"purchasable","17":"product-type-simple"},"aioseo_notices":[],"_links":{"self":[{"href":"https:\/\/www.selfprotein.com\/de\/wp-json\/wp\/v2\/product\/955"}],"collection":[{"href":"https:\/\/www.selfprotein.com\/de\/wp-json\/wp\/v2\/product"}],"about":[{"href":"https:\/\/www.selfprotein.com\/de\/wp-json\/wp\/v2\/types\/product"}],"wp:featuredmedia":[{"embeddable":true,"href":"https:\/\/www.selfprotein.com\/de\/wp-json\/wp\/v2\/media\/14407"}],"wp:attachment":[{"href":"https:\/\/www.selfprotein.com\/de\/wp-json\/wp\/v2\/media?parent=955"}],"wp:term":[{"taxonomy":"product_cat","embeddable":true,"href":"https:\/\/www.selfprotein.com\/de\/wp-json\/wp\/v2\/product_cat?post=955"},{"taxonomy":"product_tag","embeddable":true,"href":"https:\/\/www.selfprotein.com\/de\/wp-json\/wp\/v2\/product_tag?post=955"}],"curies":[{"name":"wp","href":"https:\/\/api.w.org\/{rel}","templated":true}]}}