{"id":958,"date":"2023-11-27T13:56:24","date_gmt":"2023-11-27T12:56:24","guid":{"rendered":"https:\/\/34.88.231.180\/product\/vitamin-c-liquid\/"},"modified":"2026-05-01T00:24:06","modified_gmt":"2026-04-30T22:24:06","slug":"vitamin-c-liquid","status":"publish","type":"product","link":"https:\/\/www.selfprotein.com\/de\/produkt\/vitamin-c-liquid\/","title":{"rendered":"Vitamin C Liquid"},"content":{"rendered":"<p><strong>Produkt\u00fcbersicht:<br \/>\n<\/strong><br \/>\nVitamin C ist ein wichtiger N\u00e4hrstoff, der das Immunsystem, die Hautgesundheit und die Kollagenproduktion unterst\u00fctzt. Dieses starke Antioxidans hilft, die Zellen vor Sch\u00e4den durch freie Radikale zu sch\u00fctzen und unterst\u00fctzt eine gesunde Immunfunktion. Es hilft auch bei der Produktion von Kollagen, das f\u00fcr die Erhaltung der Gesundheit und des Aussehens von Haut, Haaren und N\u00e4geln wichtig ist.<span class=\"Apple-converted-space\">\u00a0<\/span><\/p>\n<p><strong><span class=\"Apple-converted-space\">Wichtigste Vorteile:<\/span><\/strong><\/p>\n<ul>\n<li>Vitamin C Liquid enth\u00e4lt 1000mg Vitamin C pro Portion<\/li>\n<li>Wird in einer praktischen fl\u00fcssigen Form geliefert<\/li>\n<li>Starkes Antioxidans<\/li>\n<li>Wichtig f\u00fcr die Kollagenproduktion<\/li>\n<\/ul>\n<p>&nbsp;<\/p>\n<p class=\"xmprfx_MsoNormal\"><b>Hinweis:<\/b><\/p>\n<ul>\n<li>Nur f\u00fcr Erwachsene und ersetzt nicht eine abwechslungsreiche, ausgewogene Ern\u00e4hrung und eine gesunde Lebensweise.<\/li>\n<li>\u00dcberschreiten Sie nicht die empfohlene Dosis.<\/li>\n<li>Empfohlene Dosis: 20 ml pro Tag.<\/li>\n<li>Verwenden Sie es nicht w\u00e4hrend der Stillzeit, Schwangerschaft Perioden ohne R\u00fccksprache mit dem Arzt.<\/li>\n<li>Lagern Sie das Produkt an einem k\u00fchlen, trockenen Ort in einer gut verschlossenen Verpackung au\u00dferhalb der Reichweite von Kindern unter 3 Jahren.<\/li>\n<li>Kann Spuren von Milch, Hafer, Ei und Soja enthalten.<\/li>\n<li>Laktosefrei und Glutenfrei.<\/li>\n<\/ul>","protected":false},"excerpt":{"rendered":"<details>\n<summary>Inhaltsstoffe<\/summary>\n<table style=\"text-align: center;\">\n<tbody>\n<tr>\n<th>Inhaltsstoffe<\/th>\n<th>100ml<\/th>\n<th>pro Portion 20ml<\/th>\n<th>%NRV* pro Portion<\/th>\n<\/tr>\n<tr>\n<td>Vitamin C<\/td>\n<td>25000mg<\/td>\n<td>1000mg<\/td>\n<td>1250<\/td>\n<\/tr>\n<tr>\n<td colspan=\"4\"><strong>Andere Inhaltsstoffe: <\/strong>Wasser, Calciumascorbat, L-Ascorbins\u00e4ure, Konservierungsstoffe (E211, E202), Aromastoffe, S\u00fc\u00dfstoff (E955)<\/td>\n<\/tr>\n<tr>\n<td colspan=\"4\"><strong>*%NRV: <\/strong>ern\u00e4hrungsphysiologischer Referenzwert<\/td>\n<\/tr>\n<\/tbody>\n<\/table>\n<\/details>\n<p>&nbsp;<\/p>","protected":false},"featured_media":959,"template":"","meta":[],"product_cat":[312,214],"product_tag":[314,258],"class_list":{"0":"post-958","1":"product","2":"type-product","3":"status-publish","4":"has-post-thumbnail","6":"product_cat-health-and-wellness","7":"product_cat-vitamins-wellness","8":"product_tag-health-and-wellness","9":"product_tag-vitamins-wellness","11":"first","12":"instock","13":"sale","14":"taxable","15":"shipping-taxable","16":"purchasable","17":"product-type-simple"},"aioseo_notices":[],"_links":{"self":[{"href":"https:\/\/www.selfprotein.com\/de\/wp-json\/wp\/v2\/product\/958"}],"collection":[{"href":"https:\/\/www.selfprotein.com\/de\/wp-json\/wp\/v2\/product"}],"about":[{"href":"https:\/\/www.selfprotein.com\/de\/wp-json\/wp\/v2\/types\/product"}],"wp:featuredmedia":[{"embeddable":true,"href":"https:\/\/www.selfprotein.com\/de\/wp-json\/wp\/v2\/media\/959"}],"wp:attachment":[{"href":"https:\/\/www.selfprotein.com\/de\/wp-json\/wp\/v2\/media?parent=958"}],"wp:term":[{"taxonomy":"product_cat","embeddable":true,"href":"https:\/\/www.selfprotein.com\/de\/wp-json\/wp\/v2\/product_cat?post=958"},{"taxonomy":"product_tag","embeddable":true,"href":"https:\/\/www.selfprotein.com\/de\/wp-json\/wp\/v2\/product_tag?post=958"}],"curies":[{"name":"wp","href":"https:\/\/api.w.org\/{rel}","templated":true}]}}