{"id":961,"date":"2023-11-27T13:56:25","date_gmt":"2023-11-27T12:56:25","guid":{"rendered":"https:\/\/34.88.231.180\/product\/vitamin-c-pro\/"},"modified":"2026-05-01T00:24:06","modified_gmt":"2026-04-30T22:24:06","slug":"vitamin-c-pro","status":"publish","type":"product","link":"https:\/\/www.selfprotein.com\/de\/produkt\/vitamin-c-pro\/","title":{"rendered":"Vitamin C Pro"},"content":{"rendered":"<p style=\"text-align: left;\" align=\"center\"><strong><span lang=\"en-US\">Vitamin C Pro<\/span><\/strong><\/p>\n<p><span lang=\"en-US\">Vitamin C, auch bekannt als Ascorbins\u00e4ure, ist ein wasserl\u00f6sliches Vitamin, das f\u00fcr verschiedene K\u00f6rperfunktionen unerl\u00e4sslich ist. Dieses Nahrungserg\u00e4nzungsmittel bietet eine konzentrierte L\u00f6sung, um eine ausreichende Zufuhr von Vitamin C zu gew\u00e4hrleisten, das f\u00fcr die Erhaltung der Gesundheit entscheidend ist.<\/span><\/p>\n<p><span lang=\"en-US\">Vorteile von Vitamin C Pro:<\/span><\/p>\n<ul>\n<li><strong><span lang=\"en-US\">Starkes Antioxidans:<\/span><\/strong><span lang=\"en-US\"> Vitamin C wirkt als wirksames Antioxidans und sch\u00fctzt die Zellen vor Sch\u00e4den durch freie Radikale, die durch Umweltfaktoren wie Umweltverschmutzung und UV-Strahlung verursacht werden k\u00f6nnen.<\/span><\/li>\n<li><strong><span lang=\"en-US\">Kollagenproduktion<\/span><\/strong><span lang=\"en-US\"><strong>:<\/strong> Vitamin C ist f\u00fcr die Kollagensynthese unerl\u00e4sslich und tr\u00e4gt zur Gesundheit von Haut, Knochen und Bindegewebe bei. Es tr\u00e4gt zur Erhaltung elastischer Haut und starker Knochen bei und f\u00f6rdert die Wundheilung.<\/span><\/li>\n<li><strong><span lang=\"en-US\">Eisen-Absorption<\/span><\/strong><span lang=\"en-US\"><strong>:<\/strong> Vitamin C erleichtert die Aufnahme von Eisen aus pflanzlichen Quellen in die Nahrung. Dies ist besonders wichtig f\u00fcr Menschen, die sich vegetarisch oder vegan ern\u00e4hren, da Eisen aus pflanzlichen Quellen die Hauptquelle f\u00fcr diesen Mineralstoff ist.<\/span><\/li>\n<li><strong><span lang=\"en-US\">Unterst\u00fctzung des Immunsystems:<\/span><\/strong><span lang=\"en-US\"> Vitamin C ist am Immunsystem beteiligt und tr\u00e4gt dazu bei, den K\u00f6rper vor Infektionen zu sch\u00fctzen. Eine ausreichende Zufuhr von Vitamin C kann dazu beitragen, die Abwehrkr\u00e4fte des K\u00f6rpers gegen Krankheitserreger wie Bakterien und Viren zu st\u00e4rken.<\/span><\/li>\n<\/ul>\n<p>&nbsp;<\/p>\n<p><span lang=\"en-US\">Mit Vitamin C Pro k\u00f6nnen Sie eine optimale Zufuhr von Vitamin C sicherstellen und so die allgemeine Gesundheit und das Wohlbefinden unterst\u00fctzen.<\/span><\/p>\n<p><strong><span lang=\"en-US\">Empfohlene Verwendung<\/span><\/strong><\/p>\n<p><span lang=\"en-US\">1 Tablette pro Tag.<\/span><\/p>\n<p class=\"xmprfx_MsoNormal\"><b>Hinweis:<\/b><\/p>\n<ul>\n<li>Nur f\u00fcr Erwachsene und ersetzt nicht eine abwechslungsreiche, ausgewogene Ern\u00e4hrung und eine gesunde Lebensweise.<\/li>\n<li>\u00dcberschreiten Sie nicht die empfohlene Dosis.<\/li>\n<li>Verwenden Sie es nicht w\u00e4hrend der Stillzeit, Schwangerschaft Perioden ohne R\u00fccksprache mit dem Arzt.<\/li>\n<li>Lagern Sie das Produkt an einem k\u00fchlen, trockenen Ort in einer gut verschlossenen Verpackung au\u00dferhalb der Reichweite von Kindern unter 3 Jahren.<\/li>\n<li>Kann Spuren von Ei, Soja, Hafer und Milch enthalten.<\/li>\n<li>Laktosefrei und Glutenfrei.<\/li>\n<\/ul>","protected":false},"excerpt":{"rendered":"<details>\n<summary>Inhaltsstoffe<\/summary>\n<table style=\"text-align: center;\">\n<tbody>\n<tr>\n<th>Inhaltsstoffe<\/th>\n<th>pro 1Tab<\/th>\n<\/tr>\n<tr>\n<td>Vitamin C (Ascorbins\u00e4ure)<\/td>\n<td>1000mg(1250%*)<\/td>\n<\/tr>\n<tr>\n<td>NAC (N-Acetyl-Cystein)<\/td>\n<td>84mg<\/td>\n<\/tr>\n<tr>\n<td>Vitamin D (Cholecalciferol D3)<\/td>\n<td>45\u03bcg (900%*)<\/td>\n<\/tr>\n<tr>\n<td colspan=\"2\"><strong>Andere Inhaltsstoffe: <\/strong>Stabilisierungsmittel (E953, E470b)<\/td>\n<\/tr>\n<tr>\n<td colspan=\"2\"><strong>*%NRV: <\/strong>ern\u00e4hrungsphysiologischer Referenzwert<\/td>\n<\/tr>\n<\/tbody>\n<\/table>\n<\/details>\n<p>&nbsp;<\/p>","protected":false},"featured_media":11870,"template":"","meta":[],"product_cat":[312,214],"product_tag":[314,258],"class_list":{"0":"post-961","1":"product","2":"type-product","3":"status-publish","4":"has-post-thumbnail","6":"product_cat-health-and-wellness","7":"product_cat-vitamins-wellness","8":"product_tag-health-and-wellness","9":"product_tag-vitamins-wellness","11":"first","12":"instock","13":"sale","14":"taxable","15":"shipping-taxable","16":"purchasable","17":"product-type-simple"},"aioseo_notices":[],"_links":{"self":[{"href":"https:\/\/www.selfprotein.com\/de\/wp-json\/wp\/v2\/product\/961"}],"collection":[{"href":"https:\/\/www.selfprotein.com\/de\/wp-json\/wp\/v2\/product"}],"about":[{"href":"https:\/\/www.selfprotein.com\/de\/wp-json\/wp\/v2\/types\/product"}],"wp:featuredmedia":[{"embeddable":true,"href":"https:\/\/www.selfprotein.com\/de\/wp-json\/wp\/v2\/media\/11870"}],"wp:attachment":[{"href":"https:\/\/www.selfprotein.com\/de\/wp-json\/wp\/v2\/media?parent=961"}],"wp:term":[{"taxonomy":"product_cat","embeddable":true,"href":"https:\/\/www.selfprotein.com\/de\/wp-json\/wp\/v2\/product_cat?post=961"},{"taxonomy":"product_tag","embeddable":true,"href":"https:\/\/www.selfprotein.com\/de\/wp-json\/wp\/v2\/product_tag?post=961"}],"curies":[{"name":"wp","href":"https:\/\/api.w.org\/{rel}","templated":true}]}}