{"id":967,"date":"2023-11-27T13:56:34","date_gmt":"2023-11-27T12:56:34","guid":{"rendered":"https:\/\/34.88.231.180\/product\/vitamin-d\/"},"modified":"2026-04-01T00:00:33","modified_gmt":"2026-03-31T22:00:33","slug":"vitamin-d","status":"publish","type":"product","link":"https:\/\/www.selfprotein.com\/de\/produkt\/vitamin-d\/","title":{"rendered":"Vitamin D"},"content":{"rendered":"<p style=\"text-align: left;\" align=\"center\"><strong><span lang=\"en-US\">Vitamin D<\/span><\/strong><\/p>\n<p><span lang=\"en-US\">Vitamin D ist ein entscheidender N\u00e4hrstoff f\u00fcr zahlreiche wichtige K\u00f6rperfunktionen, darunter die Gesundheit der Knochen, die Wirksamkeit des Immunsystems und die Muskelfunktion. Dieses fettl\u00f6sliche Vitamin kann vom K\u00f6rper synthetisiert werden, wenn die Haut dem Sonnenlicht ausgesetzt ist, aber es ist auch in bestimmten Lebensmitteln und Nahrungserg\u00e4nzungsmitteln enthalten.<\/span><\/p>\n<p><span lang=\"en-US\">Zu den Vorteilen von Vitamin D geh\u00f6ren:<\/span><\/p>\n<ul>\n<li><strong><span lang=\"en-US\">Optimale Knochengesundheit:<\/span><\/strong><span lang=\"en-US\"> Vitamin D f\u00f6rdert die Aufnahme von Kalzium und Phosphor aus der Nahrung, die f\u00fcr die Gesundheit und St\u00e4rke der Knochen unerl\u00e4sslich sind. Sein Vorhandensein hilft, Erkrankungen wie Osteoporose und Osteomalazie zu verhindern.<\/span><\/li>\n<li><strong><span lang=\"en-US\">Gest\u00e4rktes Immunsystem:<\/span><\/strong><span lang=\"en-US\"> Vitamin D spielt eine entscheidende Rolle bei der Regulierung des Immunsystems und hilft dem K\u00f6rper bei der Bek\u00e4mpfung von Infektionen und Krankheiten. Ein Mangel an Vitamin D kann die Immunreaktion des K\u00f6rpers beeintr\u00e4chtigen.<\/span><\/li>\n<li><strong><span lang=\"en-US\">Verbesserte Muskelfunktion:<\/span><\/strong><span lang=\"en-US\"> Eine ausreichende Vitamin-D-Versorgung wird mit einer besseren Muskelfunktion und -kraft in Verbindung gebracht. Dies kann dazu beitragen, das Risiko von St\u00fcrzen und Knochenbr\u00fcchen zu verringern, insbesondere bei \u00e4lteren Menschen.<\/span><\/li>\n<li><strong><span lang=\"en-US\">Kardiovaskul\u00e4re Vorteile:<\/span><\/strong><span lang=\"en-US\"> Einige Forschungsergebnisse deuten darauf hin, dass ein ausreichender Vitamin-D-Spiegel mit einem geringeren Risiko f\u00fcr Herz-Kreislauf-Erkrankungen, einschlie\u00dflich Herzinfarkten und Schlaganf\u00e4llen, verbunden sein k\u00f6nnte.<\/span><\/li>\n<li><strong><span lang=\"en-US\">Kognitive Unterst\u00fctzung:<\/span><\/strong><span lang=\"en-US\"> Vorl\u00e4ufige Studien deuten darauf hin, dass Vitamin D eine Rolle bei der Vorbeugung von kognitiven St\u00f6rungen und Demenz im Alter spielen k\u00f6nnte, auch wenn weitere Untersuchungen erforderlich sind, um diesen Nutzen zu best\u00e4tigen.<\/span><\/li>\n<\/ul>\n<p>&nbsp;<\/p>\n<p><span lang=\"en-US\">Die Sicherstellung eines optimalen Vitamin-D-Spiegels durch eine Kombination aus sicherer Sonnenbestrahlung, ausgewogener Ern\u00e4hrung und, falls erforderlich, Nahrungserg\u00e4nzungsmitteln kann dazu beitragen, die allgemeine Gesundheit und das Wohlbefinden zu f\u00f6rdern.<\/span><\/p>\n<p><strong><span lang=\"en-US\">Empfohlene Verwendung<\/span><\/strong><\/p>\n<p><span lang=\"en-US\">1 Tablette pro Tag.<\/span><\/p>\n<p class=\"xmprfx_MsoNormal\"><b>Hinweis:<\/b><\/p>\n<ul>\n<li>Nur f\u00fcr Erwachsene und ersetzt nicht eine abwechslungsreiche, ausgewogene Ern\u00e4hrung und eine gesunde Lebensweise.<\/li>\n<li>\u00dcberschreiten Sie nicht die empfohlene Dosis.<\/li>\n<li>Verwenden Sie es nicht w\u00e4hrend der Stillzeit, Schwangerschaft Perioden ohne R\u00fccksprache mit dem Arzt.<\/li>\n<li>Lagern Sie das Produkt an einem k\u00fchlen, trockenen Ort in einer gut verschlossenen Verpackung au\u00dferhalb der Reichweite von Kindern unter 3 Jahren.<\/li>\n<li>Kann Spuren von Milch, Hafer, Ei und Soja enthalten.<\/li>\n<li>Laktosefrei und Glutenfrei.<\/li>\n<\/ul>","protected":false},"excerpt":{"rendered":"<details>\n<summary>Inhaltsstoffe<\/summary>\n<table style=\"text-align: center;\">\n<tbody>\n<tr>\n<th>Inhaltsstoffe<\/th>\n<th>pro 1 Tab<\/th>\n<\/tr>\n<tr>\n<td>Vitamin D (Cholecalciferol)<\/td>\n<td>50\u03bcg (1000%NRV*)<\/td>\n<\/tr>\n<tr>\n<td colspan=\"2\"><strong>Andere Inhaltsstoffe: <\/strong>Stabilisierungsmittel (E460, E953, E470b)<\/td>\n<\/tr>\n<tr>\n<td colspan=\"2\"><strong>*%NRV: <\/strong>ern\u00e4hrungsphysiologischer Referenzwert<\/td>\n<\/tr>\n<\/tbody>\n<\/table>\n<\/details>\n<p>&nbsp;<\/p>","protected":false},"featured_media":13884,"template":"","meta":[],"product_cat":[312,214],"product_tag":[314,258],"class_list":{"0":"post-967","1":"product","2":"type-product","3":"status-publish","4":"has-post-thumbnail","6":"product_cat-health-and-wellness","7":"product_cat-vitamins-wellness","8":"product_tag-health-and-wellness","9":"product_tag-vitamins-wellness","11":"first","12":"instock","13":"taxable","14":"shipping-taxable","15":"purchasable","16":"product-type-simple"},"aioseo_notices":[],"_links":{"self":[{"href":"https:\/\/www.selfprotein.com\/de\/wp-json\/wp\/v2\/product\/967"}],"collection":[{"href":"https:\/\/www.selfprotein.com\/de\/wp-json\/wp\/v2\/product"}],"about":[{"href":"https:\/\/www.selfprotein.com\/de\/wp-json\/wp\/v2\/types\/product"}],"wp:featuredmedia":[{"embeddable":true,"href":"https:\/\/www.selfprotein.com\/de\/wp-json\/wp\/v2\/media\/13884"}],"wp:attachment":[{"href":"https:\/\/www.selfprotein.com\/de\/wp-json\/wp\/v2\/media?parent=967"}],"wp:term":[{"taxonomy":"product_cat","embeddable":true,"href":"https:\/\/www.selfprotein.com\/de\/wp-json\/wp\/v2\/product_cat?post=967"},{"taxonomy":"product_tag","embeddable":true,"href":"https:\/\/www.selfprotein.com\/de\/wp-json\/wp\/v2\/product_tag?post=967"}],"curies":[{"name":"wp","href":"https:\/\/api.w.org\/{rel}","templated":true}]}}