{"id":970,"date":"2023-11-27T13:56:39","date_gmt":"2023-11-27T12:56:39","guid":{"rendered":"https:\/\/34.88.231.180\/product\/waterloss\/"},"modified":"2026-05-01T00:24:08","modified_gmt":"2026-04-30T22:24:08","slug":"waterloss-fyto-slim","status":"publish","type":"product","link":"https:\/\/www.selfprotein.com\/de\/produkt\/waterloss-fyto-slim\/","title":{"rendered":"Waterloss Fyto Slim"},"content":{"rendered":"<p style=\"text-align: left;\" align=\"center\"><strong>Waterloss Fyto Slim<\/strong><\/p>\n<p><span lang=\"en-US\">Waterloss Fyto Slim ist ein Nahrungserg\u00e4nzungsmittel, das durch eine Mischung ausgew\u00e4hlter Pflanzenextrakte Fl\u00fcssigkeitsansammlungen im K\u00f6rper entgegenwirkt. Entwickelt, um die Drainage von \u00fcbersch\u00fcssigen Fl\u00fcssigkeiten zu f\u00f6rdern und die Reinigungsfunktionen des K\u00f6rpers zu unterst\u00fctzen, pr\u00e4sentiert sich Waterloss als eine nat\u00fcrliche L\u00f6sung zur Verbesserung des allgemeinen Wohlbefindens und zur Reduzierung von Bl\u00e4hungen, die durch Wassereinlagerungen verursacht werden.<\/span><\/p>\n<p><span lang=\"en-US\">Produktvorteile:<\/span><\/p>\n<ul>\n<li><strong><span lang=\"en-US\">Ableitung von \u00fcbersch\u00fcssiger Fl\u00fcssigkeit: <\/span><\/strong><span lang=\"en-US\">Waterloss zielt wirksam auf die Faktoren ab, die f\u00fcr die Fl\u00fcssigkeitsretention im K\u00f6rper verantwortlich sind, erleichtert die Ableitung \u00fcbersch\u00fcssiger Fl\u00fcssigkeit und reduziert Bl\u00e4hungen.<\/span><\/li>\n<li><strong><span lang=\"en-US\">Unterst\u00fctzung f\u00fcr Reinigungsfunktionen:<\/span><\/strong><span lang=\"en-US\"> Dank seiner pflanzlichen Formulierung unterst\u00fctzt Waterloss die Reinigungsfunktionen des K\u00f6rpers und hilft, angesammelte Giftstoffe und Stoffwechselabf\u00e4lle auszuscheiden.<\/span><\/li>\n<li><strong><span lang=\"en-US\">Verringerung von Bl\u00e4hungen:<\/span><\/strong><span lang=\"en-US\"> Die Wirkung von Waterloss f\u00f6rdert den Abtransport von \u00fcbersch\u00fcssiger Fl\u00fcssigkeit und tr\u00e4gt dazu bei, Bl\u00e4hungen zu reduzieren, den Komfort zu verbessern und das Gef\u00fchl von Leichtigkeit zu vermitteln.<\/span><\/li>\n<li><strong><span lang=\"en-US\">Gluten- und laktosefrei:<\/span><\/strong><span lang=\"en-US\"> Waterloss ist frei von Gluten und Laktose, so dass es auch f\u00fcr Personen geeignet ist, die sich ohne diese Bestandteile ern\u00e4hren, und eine bessere Vertr\u00e4glichkeit f\u00fcr eine Vielzahl von Anwendern gew\u00e4hrleistet.<\/span><\/li>\n<\/ul>\n<p><\/p>\n<p><strong><span lang=\"en-US\">Empfohlene Verwendung<\/span><\/strong><\/p>\n<p><span lang=\"en-US\">2 Kapseln vor dem Fr\u00fchst\u00fcck, Mittag- und Abendessen.<\/span>\n<\/p>\n<p><\/p>\n<p class=\"xmprfx_MsoNormal\"><b>Hinweis:<\/b><\/p>\n<ul>\n<li>Nur f\u00fcr Erwachsene und ersetzt nicht eine abwechslungsreiche, ausgewogene Ern\u00e4hrung und eine gesunde Lebensweise.<\/li>\n<li>\u00dcberschreiten Sie nicht die empfohlene Dosis.<\/li>\n<li>Verwenden Sie es nicht w\u00e4hrend der Stillzeit, Schwangerschaft Perioden ohne R\u00fccksprache mit dem Arzt.<\/li>\n<li>Lagern Sie das Produkt an einem k\u00fchlen, trockenen Ort in einer gut verschlossenen Verpackung au\u00dferhalb der Reichweite von Kindern unter 3 Jahren.<\/li>\n<li>Kann Spuren von Ei, Soja, Hafer und Milch enthalten.<\/li>\n<li>Laktosefrei und Glutenfrei.<\/li>\n<\/ul>","protected":false},"excerpt":{"rendered":"<details>\n<summary>Inhaltsstoffe<\/summary>\n<table style=\"text-align: center;\">\n<tbody>\n<tr>\n<th>Inhaltsstoffe<\/th>\n<th>pro 6cps<\/th>\n<\/tr>\n<tr>\n<td>Feigenkaktus e.s\/ Extrakt (Opuntia Ficus-Indica-Cladodium, fructus)<\/td>\n<td>1500mg<\/td>\n<\/tr>\n<tr>\n<td>L\u00f6wenzahn e.s\/ Extrakt (200:1) Taraxacum Officinale, radix)<\/td>\n<td>852mg<\/td>\n<\/tr>\n<tr>\n<td>Himbeere e.s\/ Extrakt (Rubus Ideas, fructus)<\/td>\n<td>690mg<\/td>\n<\/tr>\n<tr>\n<td>Schizandra e.s\/ Extrakt (9% Schisandris) (Schisandra Chinensis, fructus)<\/td>\n<td>510mg<\/td>\n<\/tr>\n<tr>\n<td>Yerba Mate e.s\/ Extrakt (Ilex Paraguariensis, Folium)<\/td>\n<td>372mg<\/td>\n<\/tr>\n<tr>\n<td>B\u00e4rentraubenblatt e.s\/Extrakt<\/td>\n<td>276mg<\/td>\n<\/tr>\n<tr>\n<td colspan=\"2\"><strong>Andere Inhaltsstoffe: <\/strong>vegane Kapsel (E1204), Stabilisierungsmittel (E953, E470b, E551)<\/td>\n<\/tr>\n<tr>\n<td colspan=\"2\"><strong>*%NRV: <\/strong>t\u00e4glicher N\u00e4hrstoff-Referenzwert<\/td>\n<\/tr>\n<\/tbody>\n<\/table>\n<\/details>\n<p>&nbsp;<\/p>","protected":false},"featured_media":5625,"template":"","meta":[],"product_cat":[155,309],"product_tag":[163,319],"class_list":{"0":"post-970","1":"product","2":"type-product","3":"status-publish","4":"has-post-thumbnail","6":"product_cat-weight-control-metabolism","7":"product_cat-weight-management-and-definition","8":"product_tag-weight-control-metabolism","9":"product_tag-weight-management-and-definition","11":"first","12":"instock","13":"taxable","14":"shipping-taxable","15":"purchasable","16":"product-type-simple"},"aioseo_notices":[],"_links":{"self":[{"href":"https:\/\/www.selfprotein.com\/de\/wp-json\/wp\/v2\/product\/970"}],"collection":[{"href":"https:\/\/www.selfprotein.com\/de\/wp-json\/wp\/v2\/product"}],"about":[{"href":"https:\/\/www.selfprotein.com\/de\/wp-json\/wp\/v2\/types\/product"}],"wp:featuredmedia":[{"embeddable":true,"href":"https:\/\/www.selfprotein.com\/de\/wp-json\/wp\/v2\/media\/5625"}],"wp:attachment":[{"href":"https:\/\/www.selfprotein.com\/de\/wp-json\/wp\/v2\/media?parent=970"}],"wp:term":[{"taxonomy":"product_cat","embeddable":true,"href":"https:\/\/www.selfprotein.com\/de\/wp-json\/wp\/v2\/product_cat?post=970"},{"taxonomy":"product_tag","embeddable":true,"href":"https:\/\/www.selfprotein.com\/de\/wp-json\/wp\/v2\/product_tag?post=970"}],"curies":[{"name":"wp","href":"https:\/\/api.w.org\/{rel}","templated":true}]}}