{"id":995,"date":"2023-11-27T13:57:37","date_gmt":"2023-11-27T12:57:37","guid":{"rendered":"https:\/\/34.88.231.180\/product\/zinc\/"},"modified":"2026-05-01T00:24:09","modified_gmt":"2026-04-30T22:24:09","slug":"zinc","status":"publish","type":"product","link":"https:\/\/www.selfprotein.com\/de\/produkt\/zinc\/","title":{"rendered":"Zinc"},"content":{"rendered":"<p><strong><span lang=\"en-US\">Zinc<\/span><\/strong><\/p>\n<p><span lang=\"en-US\">Zink ist ein essentieller Mineralstoff, der mehrere gesundheitliche Vorteile bietet.<\/span><\/p>\n<p><span lang=\"en-US\">Eine ausreichende Zinkzufuhr \u00fcber die Ern\u00e4hrung oder durch Nahrungserg\u00e4nzungsmittel kann die allgemeine Gesundheit und das Wohlbefinden unterst\u00fctzen, indem sie dem K\u00f6rper die notwendigen Elemente f\u00fcr ein starkes Immunsystem, eine effiziente Proteinsynthese und einen ausgeglichenen Hormonspiegel liefert.<\/span><\/p>\n<p><span lang=\"en-US\">Hier sind die Vorteile von Zink:<\/span><\/p>\n<ul>\n<li><strong><span lang=\"en-US\">Unterst\u00fctzung des Immunsystems: <\/span><\/strong><span lang=\"en-US\">Zink tr\u00e4gt zur Unterst\u00fctzung und St\u00e4rkung des Immunsystems bei und hilft, den K\u00f6rper vor Infektionen und Krankheiten zu sch\u00fctzen.<\/span><\/li>\n<li><strong><span lang=\"en-US\">Schutz der Zellen vor oxidativem Stress: <\/span><\/strong><span lang=\"en-US\">Dank seiner antioxidativen Eigenschaften tr\u00e4gt Zink zum Schutz der Zellen vor Sch\u00e4den durch oxidativen Stress bei, der durch freie Radikale im K\u00f6rper verursacht werden kann.<\/span><\/li>\n<li><strong><span lang=\"en-US\">Proteinsynthese:<\/span><\/strong><span lang=\"en-US\"> Zink ist an der Proteinsynthese beteiligt, einem grundlegenden Prozess f\u00fcr das Wachstum, die Reparatur und die Erhaltung von Muskeln, Haut und anderen Geweben im K\u00f6rper.<\/span><\/li>\n<li><strong><span lang=\"en-US\">Aufrechterhaltung eines normalen Testosteronspiegels:<\/span><\/strong><span lang=\"en-US\"> Zink spielt eine wichtige Rolle bei der Aufrechterhaltung eines normalen Testosteronspiegels im Blut, der ein Schl\u00fcsselhormon f\u00fcr die sexuelle Gesundheit, die Muskelmasse, die Knochendichte und andere physiologische Prozesse im K\u00f6rper ist.<\/span><\/li>\n<\/ul>\n<p>&nbsp;<\/p>\n<p><strong><span lang=\"en-US\">Empfohlene Verwendung<\/span><\/strong><\/p>\n<p><span lang=\"en-US\">Nehmen Sie 1 Tablette vor der k\u00f6rperlichen Aktivit\u00e4t oder tags\u00fcber ein.<\/span><\/p>\n<p><strong>Hinweis:<\/strong><\/p>\n<ul>\n<li>Nur f\u00fcr Erwachsene und ersetzt nicht eine abwechslungsreiche, ausgewogene Ern\u00e4hrung und eine gesunde Lebensweise.<\/li>\n<li>\u00dcberschreiten Sie nicht die empfohlene Dosis.<\/li>\n<li>Empfohlene Dosis: 1 Kapsel vor dem Training oder w\u00e4hrend des Tages.<\/li>\n<li>Verwenden Sie es nicht w\u00e4hrend der Stillzeit, Schwangerschaft Perioden ohne R\u00fccksprache mit dem Arzt.<\/li>\n<li>Lagern Sie das Produkt an einem k\u00fchlen, trockenen Ort in einer gut verschlossenen Verpackung au\u00dferhalb der Reichweite von Kindern unter 3 Jahren.<\/li>\n<li>Kann Spuren von Milch, Hafer, Ei und Soja enthalten.<\/li>\n<li>Laktosefrei und Glutenfrei.<\/li>\n<\/ul>","protected":false},"excerpt":{"rendered":"<details>\n<summary>Inhaltsstoffe<\/summary>\n<table style=\"text-align: center;\">\n<tbody>\n<tr>\n<th>Inhaltsstoffe<\/th>\n<th>pro Portion 1Tab<\/th>\n<th>*NRV<\/th>\n<\/tr>\n<tr>\n<td>Zinkzitrat<\/td>\n<td>15mg<\/td>\n<td>150%<\/td>\n<\/tr>\n<tr>\n<td colspan=\"3\"><strong>*NRV: <\/strong>ern\u00e4hrungsphysiologischer Referenzwert<\/td>\n<\/tr>\n<tr>\n<td colspan=\"3\"><strong>Andere Inhaltsstoffe: <\/strong>Stabilisierungsmittel (E460, E470b, E551)<\/td>\n<\/tr>\n<\/tbody>\n<\/table>\n<\/details>\n<p>&nbsp;<\/p>","protected":false},"featured_media":11387,"template":"","meta":[],"product_cat":[312,214],"product_tag":[314,258],"class_list":{"0":"post-995","1":"product","2":"type-product","3":"status-publish","4":"has-post-thumbnail","6":"product_cat-health-and-wellness","7":"product_cat-vitamins-wellness","8":"product_tag-health-and-wellness","9":"product_tag-vitamins-wellness","11":"first","12":"instock","13":"taxable","14":"shipping-taxable","15":"purchasable","16":"product-type-simple"},"aioseo_notices":[],"_links":{"self":[{"href":"https:\/\/www.selfprotein.com\/de\/wp-json\/wp\/v2\/product\/995"}],"collection":[{"href":"https:\/\/www.selfprotein.com\/de\/wp-json\/wp\/v2\/product"}],"about":[{"href":"https:\/\/www.selfprotein.com\/de\/wp-json\/wp\/v2\/types\/product"}],"wp:featuredmedia":[{"embeddable":true,"href":"https:\/\/www.selfprotein.com\/de\/wp-json\/wp\/v2\/media\/11387"}],"wp:attachment":[{"href":"https:\/\/www.selfprotein.com\/de\/wp-json\/wp\/v2\/media?parent=995"}],"wp:term":[{"taxonomy":"product_cat","embeddable":true,"href":"https:\/\/www.selfprotein.com\/de\/wp-json\/wp\/v2\/product_cat?post=995"},{"taxonomy":"product_tag","embeddable":true,"href":"https:\/\/www.selfprotein.com\/de\/wp-json\/wp\/v2\/product_tag?post=995"}],"curies":[{"name":"wp","href":"https:\/\/api.w.org\/{rel}","templated":true}]}}