{"id":10105,"date":"2024-09-16T11:15:23","date_gmt":"2024-09-16T09:15:23","guid":{"rendered":"https:\/\/www.selfprotein.com\/?page_id=10105"},"modified":"2024-10-17T16:24:16","modified_gmt":"2024-10-17T14:24:16","slug":"pineapple-and-coconut-smoothie-recipe","status":"publish","type":"page","link":"https:\/\/www.selfprotein.com\/es\/pineapple-and-coconut-smoothie-recipe\/","title":{"rendered":"Receta de batido de pi\u00f1a y coco"},"content":{"rendered":"<div data-elementor-type=\"wp-page\" data-elementor-id=\"10105\" class=\"elementor elementor-10105\" data-elementor-post-type=\"page\">\n\t\t\t\t<div class=\"elementor-element elementor-element-431b4fb4 elementor-hidden-mobile_extra elementor-hidden-mobile e-flex e-con-boxed e-con e-parent\" data-id=\"431b4fb4\" data-element_type=\"container\">\n\t\t\t\t\t<div class=\"e-con-inner\">\n\t\t<div class=\"elementor-element elementor-element-464364ae e-con-full e-flex e-con e-child\" data-id=\"464364ae\" data-element_type=\"container\" data-settings=\"{&quot;background_background&quot;:&quot;classic&quot;}\">\n\t\t\t\t<\/div>\n\t\t<div class=\"elementor-element elementor-element-66ce85b0 e-con-full e-flex e-con e-child\" data-id=\"66ce85b0\" data-element_type=\"container\">\n\t\t\t\t<\/div>\n\t\t\t\t\t<\/div>\n\t\t\t\t<\/div>\n\t\t<div class=\"elementor-element elementor-element-6b78d07a e-flex e-con-boxed e-con e-parent\" data-id=\"6b78d07a\" data-element_type=\"container\">\n\t\t\t\t\t<div class=\"e-con-inner\">\n\t\t<div class=\"elementor-element elementor-element-2165eba6 e-con-full elementor-hidden-mobile_extra elementor-hidden-mobile e-flex e-con e-child\" data-id=\"2165eba6\" data-element_type=\"container\" data-settings=\"{&quot;background_background&quot;:&quot;classic&quot;}\">\n\t\t\t\t<\/div>\n\t\t<div class=\"elementor-element elementor-element-43d253a7 e-con-full e-flex e-con e-child\" data-id=\"43d253a7\" data-element_type=\"container\">\n\t\t\t\t<div class=\"elementor-element elementor-element-2e570819 elementor-widget__width-initial elementor-widget elementor-widget-image\" data-id=\"2e570819\" data-element_type=\"widget\" data-widget_type=\"image.default\">\n\t\t\t\t<div class=\"elementor-widget-container\">\n\t\t\t\t\t\t\t\t\t\t\t\t\t\t\t<img fetchpriority=\"high\" decoding=\"async\" width=\"620\" height=\"400\" src=\"https:\/\/www.selfprotein.com\/wp-content\/uploads\/2024\/09\/pineapple-and-coconut-smoothie.png\" class=\"attachment-full size-full wp-image-9662\" alt=\"batido de pi\u00f1a y coco\" srcset=\"https:\/\/www.selfprotein.com\/wp-content\/uploads\/2024\/09\/pineapple-and-coconut-smoothie.png 620w, https:\/\/www.selfprotein.com\/wp-content\/uploads\/2024\/09\/pineapple-and-coconut-smoothie-300x194.png 300w, https:\/\/www.selfprotein.com\/wp-content\/uploads\/2024\/09\/pineapple-and-coconut-smoothie-18x12.png 18w, https:\/\/www.selfprotein.com\/wp-content\/uploads\/2024\/09\/pineapple-and-coconut-smoothie-600x387.png 600w\" sizes=\"(max-width: 620px) 100vw, 620px\" \/>\t\t\t\t\t\t\t\t\t\t\t\t\t\t\t<\/div>\n\t\t\t\t<\/div>\n\t\t\t\t<\/div>\n\t\t\t\t\t<\/div>\n\t\t\t\t<\/div>\n\t\t<div class=\"elementor-element elementor-element-3b624272 e-flex e-con-boxed e-con e-parent\" data-id=\"3b624272\" data-element_type=\"container\">\n\t\t\t\t\t<div class=\"e-con-inner\">\n\t\t<div class=\"elementor-element elementor-element-66c4c7d1 e-con-full elementor-hidden-mobile_extra elementor-hidden-mobile e-flex e-con e-child\" data-id=\"66c4c7d1\" data-element_type=\"container\" data-settings=\"{&quot;background_background&quot;:&quot;classic&quot;}\">\n\t\t\t\t<\/div>\n\t\t<div class=\"elementor-element elementor-element-5ee0411f e-con-full e-flex e-con e-child\" data-id=\"5ee0411f\" data-element_type=\"container\">\n\t\t\t\t<div class=\"elementor-element elementor-element-2abb597e elementor-widget-tablet__width-initial elementor-widget elementor-widget-heading\" data-id=\"2abb597e\" data-element_type=\"widget\" data-widget_type=\"heading.default\">\n\t\t\t\t<div class=\"elementor-widget-container\">\n\t\t\t\t\t<h1 class=\"elementor-heading-title elementor-size-default\">Batido de pi\u00f1a y\nBatido de coco<\/h1>\t\t\t\t<\/div>\n\t\t\t\t<\/div>\n\t\t\t\t<\/div>\n\t\t\t\t\t<\/div>\n\t\t\t\t<\/div>\n\t\t<div class=\"elementor-element elementor-element-229eacf1 e-flex e-con-boxed e-con e-parent\" data-id=\"229eacf1\" data-element_type=\"container\">\n\t\t\t\t\t<div class=\"e-con-inner\">\n\t\t<div class=\"elementor-element elementor-element-625c7464 e-con-full e-flex e-con e-child\" data-id=\"625c7464\" data-element_type=\"container\" data-settings=\"{&quot;background_background&quot;:&quot;classic&quot;}\">\n\t\t\t\t<div class=\"elementor-element elementor-element-366a8bc5 elementor-widget elementor-widget-heading\" data-id=\"366a8bc5\" data-element_type=\"widget\" data-widget_type=\"heading.default\">\n\t\t\t\t<div class=\"elementor-widget-container\">\n\t\t\t\t\t<h2 class=\"elementor-heading-title elementor-size-default\">Ingredientes<\/h2>\t\t\t\t<\/div>\n\t\t\t\t<\/div>\n\t\t\t\t<div class=\"elementor-element elementor-element-4c604930 elementor-widget-divider--view-line elementor-widget elementor-widget-divider\" data-id=\"4c604930\" data-element_type=\"widget\" data-widget_type=\"divider.default\">\n\t\t\t\t<div class=\"elementor-widget-container\">\n\t\t\t\t\t\t\t<div class=\"elementor-divider\">\n\t\t\t<span class=\"elementor-divider-separator\">\n\t\t\t\t\t\t<\/span>\n\t\t<\/div>\n\t\t\t\t\t\t<\/div>\n\t\t\t\t<\/div>\n\t\t\t\t<div class=\"elementor-element elementor-element-495f6dd5 elementor-widget elementor-widget-text-editor\" data-id=\"495f6dd5\" data-element_type=\"widget\" data-widget_type=\"text-editor.default\">\n\t\t\t\t<div class=\"elementor-widget-container\">\n\t\t\t\t\t\t\t\t\t<ul>\n \t<li>40 g de de <a style=\"text-decoration:underline;\"href=\"https:\/\/www.selfprotein.com\/es\/producto\/iso-whey-premium\/\" target=\"_blank\" rel=\"noopener\">Vainilla Iso Whey Premium<\/a><\/li>\n \t<li>100 g de pi\u00f1a<\/li>\n \t<li>200 ml de leche de coco<\/li>\n \t<li>1 cucharada de miel<\/li>\n<\/ul>\t\t\t\t\t\t\t\t<\/div>\n\t\t\t\t<\/div>\n\t\t\t\t<\/div>\n\t\t<div class=\"elementor-element elementor-element-1b9a0cef e-con-full e-flex e-con e-child\" data-id=\"1b9a0cef\" data-element_type=\"container\">\n\t\t\t\t<div class=\"elementor-element elementor-element-39376fec elementor-widget elementor-widget-heading\" data-id=\"39376fec\" data-element_type=\"widget\" data-widget_type=\"heading.default\">\n\t\t\t\t<div class=\"elementor-widget-container\">\n\t\t\t\t\t<h2 class=\"elementor-heading-title elementor-size-default\">Procedimiento<\/h2>\t\t\t\t<\/div>\n\t\t\t\t<\/div>\n\t\t\t\t<div class=\"elementor-element elementor-element-74e4aa9b elementor-widget-divider--view-line elementor-widget elementor-widget-divider\" data-id=\"74e4aa9b\" data-element_type=\"widget\" data-widget_type=\"divider.default\">\n\t\t\t\t<div class=\"elementor-widget-container\">\n\t\t\t\t\t\t\t<div class=\"elementor-divider\">\n\t\t\t<span class=\"elementor-divider-separator\">\n\t\t\t\t\t\t<\/span>\n\t\t<\/div>\n\t\t\t\t\t\t<\/div>\n\t\t\t\t<\/div>\n\t\t\t\t<div class=\"elementor-element elementor-element-72d58e4f elementor-widget elementor-widget-text-editor\" data-id=\"72d58e4f\" data-element_type=\"widget\" data-widget_type=\"text-editor.default\">\n\t\t\t\t<div class=\"elementor-widget-container\">\n\t\t\t\t\t\t\t\t\t<p>1. Ponga todos los ingredientes en una batidora.<br \/>2. Licuar hasta obtener una mezcla homog\u00e9nea.<br \/>3. Servir inmediatamente.<\/p>\t\t\t\t\t\t\t\t<\/div>\n\t\t\t\t<\/div>\n\t\t\t\t<div class=\"elementor-element elementor-element-269ae3e8 elementor-widget elementor-widget-heading\" data-id=\"269ae3e8\" data-element_type=\"widget\" data-widget_type=\"heading.default\">\n\t\t\t\t<div class=\"elementor-widget-container\">\n\t\t\t\t\t<h2 class=\"elementor-heading-title elementor-size-default\">Consejo<\/h2>\t\t\t\t<\/div>\n\t\t\t\t<\/div>\n\t\t\t\t<div class=\"elementor-element elementor-element-4e75692f elementor-widget-divider--view-line elementor-widget elementor-widget-divider\" data-id=\"4e75692f\" data-element_type=\"widget\" data-widget_type=\"divider.default\">\n\t\t\t\t<div class=\"elementor-widget-container\">\n\t\t\t\t\t\t\t<div class=\"elementor-divider\">\n\t\t\t<span class=\"elementor-divider-separator\">\n\t\t\t\t\t\t<\/span>\n\t\t<\/div>\n\t\t\t\t\t\t<\/div>\n\t\t\t\t<\/div>\n\t\t\t\t<div class=\"elementor-element elementor-element-58a55232 elementor-widget elementor-widget-text-editor\" data-id=\"58a55232\" data-element_type=\"widget\" data-widget_type=\"text-editor.default\">\n\t\t\t\t<div class=\"elementor-widget-container\">\n\t\t\t\t\t\t\t\t\t<p>Utilice pi\u00f1a congelada para obtener un batido m\u00e1s fresco.<br \/>A\u00f1ada un poco de lima para darle un toque de acidez.<br \/>Decorar con rodajas de pi\u00f1a y copos de coco.<\/p>\t\t\t\t\t\t\t\t<\/div>\n\t\t\t\t<\/div>\n\t\t\t\t<\/div>\n\t\t\t\t\t<\/div>\n\t\t\t\t<\/div>\n\t\t\t\t<\/div>","protected":false},"excerpt":{"rendered":"<p>Smoothie de pi\u00f1a y coco Ingredientes 40 g de Vanilla Iso Whey Premium 100 g de pi\u00f1a 200 ml de leche de coco 1 cucharada de miel Procedimiento 1. Mezcle todos los ingredientes. 1. Poner todos los ingredientes en la batidora.2. Batir hasta obtener una mezcla homog\u00e9nea.3. Servir inmediatamente. Consejo Utilice pi\u00f1a congelada para obtener un batido m\u00e1s fresco.A\u00f1ada un poco de lima para darle un toque \u00e1cido.Decore con rodajas de pi\u00f1a [...].<\/p>","protected":false},"author":22483,"featured_media":0,"parent":0,"menu_order":0,"comment_status":"closed","ping_status":"closed","template":"","meta":{"footnotes":""},"class_list":["post-10105","page","type-page","status-publish","hentry"],"aioseo_notices":[],"_links":{"self":[{"href":"https:\/\/www.selfprotein.com\/es\/wp-json\/wp\/v2\/pages\/10105"}],"collection":[{"href":"https:\/\/www.selfprotein.com\/es\/wp-json\/wp\/v2\/pages"}],"about":[{"href":"https:\/\/www.selfprotein.com\/es\/wp-json\/wp\/v2\/types\/page"}],"author":[{"embeddable":true,"href":"https:\/\/www.selfprotein.com\/es\/wp-json\/wp\/v2\/users\/22483"}],"replies":[{"embeddable":true,"href":"https:\/\/www.selfprotein.com\/es\/wp-json\/wp\/v2\/comments?post=10105"}],"version-history":[{"count":26,"href":"https:\/\/www.selfprotein.com\/es\/wp-json\/wp\/v2\/pages\/10105\/revisions"}],"predecessor-version":[{"id":10918,"href":"https:\/\/www.selfprotein.com\/es\/wp-json\/wp\/v2\/pages\/10105\/revisions\/10918"}],"wp:attachment":[{"href":"https:\/\/www.selfprotein.com\/es\/wp-json\/wp\/v2\/media?parent=10105"}],"curies":[{"name":"wp","href":"https:\/\/api.w.org\/{rel}","templated":true}]}}