{"id":2770,"date":"2024-02-16T10:05:28","date_gmt":"2024-02-16T09:05:28","guid":{"rendered":"https:\/\/34.88.231.180\/?page_id=2770"},"modified":"2024-06-14T10:13:34","modified_gmt":"2024-06-14T08:13:34","slug":"privacy-policy","status":"publish","type":"page","link":"https:\/\/www.selfprotein.com\/es\/privacy-policy\/","title":{"rendered":"Pol\u00edtica de privacidad"},"content":{"rendered":"<div data-elementor-type=\"wp-page\" data-elementor-id=\"2770\" class=\"elementor elementor-2770\" data-elementor-post-type=\"page\">\n\t\t\t\t<div class=\"elementor-element elementor-element-7e34914 e-flex e-con-boxed e-con e-parent\" data-id=\"7e34914\" data-element_type=\"container\">\n\t\t\t\t\t<div class=\"e-con-inner\">\n\t\t\t\t<div class=\"elementor-element elementor-element-c526cbd elementor-widget elementor-widget-heading\" data-id=\"c526cbd\" data-element_type=\"widget\" data-widget_type=\"heading.default\">\n\t\t\t\t<div class=\"elementor-widget-container\">\n\t\t\t\t\t<h1 class=\"elementor-heading-title elementor-size-default\">Pol\u00edtica de privacidad<\/h1>\t\t\t\t<\/div>\n\t\t\t\t<\/div>\n\t\t\t\t\t<\/div>\n\t\t\t\t<\/div>\n\t\t<div class=\"elementor-element elementor-element-dff0ae9 e-flex e-con-boxed e-con e-parent\" data-id=\"dff0ae9\" data-element_type=\"container\">\n\t\t\t\t\t<div class=\"e-con-inner\">\n\t\t\t\t<div class=\"elementor-element elementor-element-7eec3f1 elementor-widget elementor-widget-heading\" data-id=\"7eec3f1\" data-element_type=\"widget\" data-widget_type=\"heading.default\">\n\t\t\t\t<div class=\"elementor-widget-container\">\n\t\t\t\t\t<h2 class=\"elementor-heading-title elementor-size-default\">13 Protein Import AB | Auto omninutrici\u00f3n (13PIAB | SELF)<\/h2>\t\t\t\t<\/div>\n\t\t\t\t<\/div>\n\t\t\t\t\t<\/div>\n\t\t\t\t<\/div>\n\t\t<div class=\"elementor-element elementor-element-f2554a9 e-flex e-con-boxed e-con e-parent\" data-id=\"f2554a9\" data-element_type=\"container\">\n\t\t\t\t\t<div class=\"e-con-inner\">\n\t\t\t\t<div class=\"elementor-element elementor-element-00b6ae9 elementor-widget elementor-widget-text-editor\" data-id=\"00b6ae9\" data-element_type=\"widget\" data-widget_type=\"text-editor.default\">\n\t\t\t\t<div class=\"elementor-widget-container\">\n\t\t\t\t\t\t\t\t\tLa privacidad de los datos es importante para 13PIAB | SELF, es importante que su informaci\u00f3n personal se maneje de manera responsable con respecto a su privacidad y usted puede descubrir qu\u00e9 informaci\u00f3n tenemos sobre usted y c\u00f3mo la usamos. Esta pol\u00edtica tambi\u00e9n describe sus derechos y c\u00f3mo ejercerlos.\n<h3 style=\"font-family: average sans;\"><strong>\u00bfQui\u00e9n es el responsable del tratamiento de sus datos personales?<\/strong><\/h3>\nLa empresa sueca, con la siguiente direcci\u00f3n y domicilio social en Estocolmo, es responsable, de conformidad con las disposiciones aplicables en materia de protecci\u00f3n de datos, de los datos personales que usted nos ha enviado o proporcionado: 13 Protein Import AB Speditionsv\u00e4gen 45 SE-142 50 SKOG\u00c5S\/ ESTOCOLMO SUECIA Directorio de empresas: Oficina de registro de empresas de Suecia N\u00famero de registro de empresa: 556641-1830 N\u00famero de IVA: SE556641183001\n<h3 style=\"font-family: average sans;\"><strong>P\u00f3ngase en contacto con nosotros<\/strong><\/h3>\nSi tiene preguntas o dudas sobre el tratamiento de sus datos personales e informaci\u00f3n, puede enviarnos un correo electr\u00f3nico a los siguientes datos de contacto: Correo electr\u00f3nico <a href=\"mailto:privacy@13protein.com\">privacy@13protein.com<\/a> Tel: + 46 (0) 8 645 79 59\n<h3 style=\"font-family: average sans;\"><strong>\u00bfQu\u00e9 informaci\u00f3n recogemos?<\/strong><\/h3>\n13PIAB | SELF recopila informaci\u00f3n en las siguientes \u00e1reas y funciones. Cuando utiliza nuestros servicios o compra con nosotros, puede directa o indirectamente brindarnos informaci\u00f3n sobre usted de varias maneras, como cuando realiza una compra a trav\u00e9s de nuestro sitio web o se comunica con nosotros donde brinda informaci\u00f3n personal de cualquier tipo. .\n<h3 style=\"font-family: average sans;\"><strong>Informaci\u00f3n que usted nos proporciona y que nosotros recopilamos sobre usted<\/strong><\/h3>\n<ul>\n \t<li>Informaci\u00f3n de contacto (nombre, direcci\u00f3n de correo electr\u00f3nico, n\u00famero de tel\u00e9fono, direcci\u00f3n de facturaci\u00f3n y entrega).<\/li>\n \t<li>Informaci\u00f3n de pago (datos de la tarjeta de cr\u00e9dito, datos de facturaci\u00f3n, etc.).<\/li>\n \t<li>Informaci\u00f3n de la direcci\u00f3n (la informaci\u00f3n de la direcci\u00f3n ser\u00e1 rellenada por usted, el cliente, o si lo solicita, por socios como: Klarna, Paypal)<\/li>\n \t<li>Informaci\u00f3n sobre productos\/servicios (detalles sobre los productos\/servicios que ha adquirido)<\/li>\n \t<li>Informaci\u00f3n financiera (cr\u00e9ditos aprobados a trav\u00e9s de nuestros socios. (Ejemplos de fuentes: Klarna, PayPal).<\/li>\n \t<li>Informaci\u00f3n sobre c\u00f3mo utiliza nuestro sitio, c\u00f3mo lleg\u00f3 a nosotros y c\u00f3mo utiliza nuestros servicios.<\/li>\n<\/ul>\n<h3 style=\"font-family: average sans;\"><strong>\u00bfQu\u00e9 hacemos con su informaci\u00f3n?<\/strong><\/h3>\nCuando compra productos o servicios de 13PIAB | SELF, su informaci\u00f3n personal se almacena y utiliza para mejorar nuestro servicio y nuestros servicios. Cuando y si confirma un pedido, sus datos personales ser\u00e1n tratados para:\n<ul>\n \t<li>Completar su compra de productos o servicios y, si es necesario, verificar su identidad.<\/li>\n \t<li>Poder proporcionarle atenci\u00f3n al cliente e informaci\u00f3n sobre productos o servicios<\/li>\n \t<li>Administrar, desarrollar, mejorar y probar nuestros servicios, as\u00ed como el sistema en el que se prestan.<\/li>\n \t<li>Promocionar productos o servicios.<\/li>\n<\/ul>\nSi da su consentimiento, sus datos personales ser\u00e1n tratados para:\n<ul>\n \t<li>Enviar boletines con ofertas actuales o personales<\/li>\n \t<li>A trav\u00e9s de las cookies guardamos la configuraci\u00f3n de su Web para crear una experiencia de usuario personalizada, y poder dirigirle ofertas de marketing.<\/li>\n \t<li>Evaluar y mejorar nuestros productos y servicios, as\u00ed como los sistemas en los que se prestan, por ejemplo, mediante la resoluci\u00f3n de problemas, el an\u00e1lisis de datos y similares.<\/li>\n \t<li>Gestionar las solicitudes de atenci\u00f3n al cliente (consultas, quejas y similares).<\/li>\n \t<li>Prevenir los abusos del servicio (prevenir, impedir e investigar los delitos)<\/li>\n<\/ul>\n13PIAB | SELF tambi\u00e9n recopilar\u00e1 y procesar\u00e1 datos personales para cumplir con la legislaci\u00f3n aplicable, p. derecho contable, derecho tributario.\n<h3 style=\"font-family: average sans;\"><strong>Comunicarse con usted<\/strong><\/h3>\n13PIAB | SELF tambi\u00e9n puede utilizar su informaci\u00f3n para comunicarse con usted a trav\u00e9s de canales de marketing anal\u00f3gicos y digitales. Si no desea recibir comunicaciones espec\u00edficas de nuestra parte, puede darse de baja iniciando sesi\u00f3n en mi cuenta y administrando su cuenta. Tenga en cuenta que la enmienda no se aplica de inmediato y puede haber retrasos en la configuraci\u00f3n.\n<h3 style=\"font-family: average sans;\"><strong>Podemos compartir su informaci\u00f3n con<\/strong><\/h3>\nPara brindarle nuestros servicios y entregarle sus productos, podemos transferir o compartir su informaci\u00f3n con terceros seleccionados. Proveedores, subcontratistas: Para cumplir con nuestras obligaciones hacia usted y para otros fines descritos en esta pol\u00edtica, 13PIAB | SELF puede compartir su informaci\u00f3n y datos personales con proveedores o contratistas (incluida la empresa de log\u00edstica) y est\u00e1n estrictamente regulados por un contrato entre las empresas. Agencias de cr\u00e9dito: para gestionar sus pagos, sus datos se comparten con actores financieros y con los que quiz\u00e1s ya tenga un acuerdo (Klarna, PayPal). Si elige utilizar servicios de cr\u00e9dito a trav\u00e9s de nuestros socios, sus datos personales se compartir\u00e1n con empresas financieras. Compa\u00f1\u00edas de seguros: Acerca de usted en relaci\u00f3n con su compra elige asegurar cualquiera de sus productos, sus datos personales, as\u00ed como la informaci\u00f3n del producto, se comparten con la aseguradora. Autoridades: PGA. ley o con su consentimiento, 13PIAB | SELF puede compartir su informaci\u00f3n con agencias gubernamentales como la oficina de impuestos, la polic\u00eda u otras autoridades.\n<h3 style=\"font-family: average sans;\"><strong>Seguridad<\/strong><\/h3>\n13PIAB\/SELF se esfuerza por proteger su informaci\u00f3n personal y mantiene medidas t\u00e9cnicas y organizativas adecuadas para evitar omisiones, uso, acceso, p\u00e9rdida, alteraci\u00f3n o da\u00f1o inapropiados o involuntarios de sus datos personales. 13PIAB | SELF USTEDES o los empleados de nuestros proveedores que necesiten acceder a su informaci\u00f3n personal para una tarea espec\u00edfica tendr\u00e1n acceso a su informaci\u00f3n personal.\n<h3 style=\"font-family: average sans;\"><strong>Lo que no haremos con su informaci\u00f3n<\/strong><\/h3>\nNo cederemos, venderemos ni intercambiaremos sus datos personales o informaci\u00f3n con fines de marketing a terceros.\n<h3 style=\"font-family: average sans;\"><strong>D\u00f3nde almacenamos su informaci\u00f3n<\/strong><\/h3>\nNos ocupamos de la mayor parte del tratamiento de sus datos personales dentro de la UE\/EEE. Si la informaci\u00f3n personal se transfiere o procesa en un pa\u00eds fuera de la UE\/EEE, 13PIAB | SELF tomar\u00e1 todas las medidas legales, t\u00e9cnicas y organizativas razonables para garantizar que su informaci\u00f3n personal se maneje de forma segura y con un nivel adecuado de protecci\u00f3n comparable a la protecci\u00f3n ofrecida dentro de la UE\/EEE.\n<h3 style=\"font-family: average sans;\"><strong>\u00bfCu\u00e1nto tiempo conservamos sus datos?<\/strong><\/h3>\nSolo conservaremos su informaci\u00f3n personal durante el tiempo que sea necesario para cumplir con los prop\u00f3sitos especificados en esta pol\u00edtica. Cuando guardamos sus datos para otros fines, por ejemplo. Para cumplir con los requisitos de publicaci\u00f3n, conservamos su informaci\u00f3n solo durante el tiempo necesario y\/o legal para los fines respectivos. Realizaremos controles peri\u00f3dicos y eliminaremos informaci\u00f3n personal si ya no es necesaria y si usted no es un cliente activo (productos comprados, cuenta administrada) por un per\u00edodo de un (1) a\u00f1o.\n<h3 style=\"font-family: average sans;\"><strong>Sus derechos, derecho de rectificaci\u00f3n y restricci\u00f3n<\/strong><\/h3>\nTienes derecho a acceder a tus datos, iniciar sesi\u00f3n en mis p\u00e1ginas donde podr\u00e1s gestionar tus datos e informaci\u00f3n las 24 horas del d\u00eda. Puede modificar informaci\u00f3n inexacta o incompleta sobre usted. Puede optar por eliminar su perfil (\u201cderecho al olvido\u201d). Si elige eliminar su informaci\u00f3n, \u00e9sta se eliminar\u00e1. Sin embargo, puede haber obligaciones legales, p. ley contable, lo que significa que podemos borrar inmediatamente partes de sus datos. Solo guardaremos los datos de acuerdo con la regla de tiempo que debemos mantener por ley. Tiene derecho a exigir que se limite el tratamiento si se aplica alguna de las siguientes condiciones: si cuestiona que los datos personales sean exactos, cree que el procesamiento es ilegal, ya no necesitamos la informaci\u00f3n pero usted la necesita para poder establecer, hacer ejercicio o defensa de una reclamaci\u00f3n judicial. Usted tiene derecho a oponerse al tratamiento la base jur\u00eddica de su tratamiento es la ponderaci\u00f3n de intereses.\n<h3 style=\"font-family: average sans;\"><strong>Autoridad de control<\/strong><\/h3>\nAutoridad de Protecci\u00f3n de la Privacidad (a partir del 25 de mayo de 2018, antes de esto, la Junta Sueca de Inspecci\u00f3n de Datos) es la autoridad supervisora en Suecia supervisa el procesamiento de datos personales cumplen con la regulaci\u00f3n de protecci\u00f3n de datos. Si usted cree que 13PIAB | SELF procesa sus datos personales en contravenci\u00f3n de la regulaci\u00f3n dataskydds, usted tiene derecho a presentar una queja a la autoridad Integritetsskydds.\n\nInformaci\u00f3n de contacto: Tel: 08-657 6100 Correo electr\u00f3nico: <a href=\"mailto:datainspektionen@datainspektionen.se\">datainspektionen@datainspektionen.se<\/a> \u00a0 13PIAB | SELF se reserva el derecho de modificar y actualizar esta pol\u00edtica.\t\t\t\t\t\t\t\t<\/div>\n\t\t\t\t<\/div>\n\t\t\t\t\t<\/div>\n\t\t\t\t<\/div>\n\t\t\t\t<\/div>","protected":false},"excerpt":{"rendered":"<p>Pol\u00edtica de Privacidad 13 Protein Import AB | Self omninutrition (13PIAB | SELF) La privacidad de los datos es importante para 13PIAB | SELF, es importante que su informaci\u00f3n personal sea manejada responsablemente con respecto a su privacidad y usted puede averiguar qu\u00e9 informaci\u00f3n tenemos sobre usted y c\u00f3mo la usamos. Esta pol\u00edtica tambi\u00e9n describe [...]<\/p>","protected":false},"author":1,"featured_media":0,"parent":0,"menu_order":0,"comment_status":"closed","ping_status":"closed","template":"","meta":{"footnotes":""},"class_list":["post-2770","page","type-page","status-publish","hentry"],"aioseo_notices":[],"_links":{"self":[{"href":"https:\/\/www.selfprotein.com\/es\/wp-json\/wp\/v2\/pages\/2770"}],"collection":[{"href":"https:\/\/www.selfprotein.com\/es\/wp-json\/wp\/v2\/pages"}],"about":[{"href":"https:\/\/www.selfprotein.com\/es\/wp-json\/wp\/v2\/types\/page"}],"author":[{"embeddable":true,"href":"https:\/\/www.selfprotein.com\/es\/wp-json\/wp\/v2\/users\/1"}],"replies":[{"embeddable":true,"href":"https:\/\/www.selfprotein.com\/es\/wp-json\/wp\/v2\/comments?post=2770"}],"version-history":[{"count":125,"href":"https:\/\/www.selfprotein.com\/es\/wp-json\/wp\/v2\/pages\/2770\/revisions"}],"predecessor-version":[{"id":6765,"href":"https:\/\/www.selfprotein.com\/es\/wp-json\/wp\/v2\/pages\/2770\/revisions\/6765"}],"wp:attachment":[{"href":"https:\/\/www.selfprotein.com\/es\/wp-json\/wp\/v2\/media?parent=2770"}],"curies":[{"name":"wp","href":"https:\/\/api.w.org\/{rel}","templated":true}]}}