{"id":2851,"date":"2024-02-16T12:58:50","date_gmt":"2024-02-16T11:58:50","guid":{"rendered":"https:\/\/34.88.231.180\/?page_id=2851"},"modified":"2024-10-25T11:55:56","modified_gmt":"2024-10-25T09:55:56","slug":"faq","status":"publish","type":"page","link":"https:\/\/www.selfprotein.com\/es\/faq\/","title":{"rendered":"PREGUNTAS FRECUENTES"},"content":{"rendered":"<div data-elementor-type=\"wp-page\" data-elementor-id=\"2851\" class=\"elementor elementor-2851\" data-elementor-post-type=\"page\">\n\t\t\t\t<div class=\"elementor-element elementor-element-e92a26a e-con-full e-flex e-con e-parent\" data-id=\"e92a26a\" data-element_type=\"container\" data-settings=\"{&quot;background_background&quot;:&quot;classic&quot;}\">\n\t\t<div class=\"elementor-element elementor-element-1c63a76 e-flex e-con-boxed e-con e-child\" data-id=\"1c63a76\" data-element_type=\"container\">\n\t\t\t\t\t<div class=\"e-con-inner\">\n\t\t\t\t<div class=\"elementor-element elementor-element-5db078a elementor-widget elementor-widget-heading\" data-id=\"5db078a\" data-element_type=\"widget\" data-widget_type=\"heading.default\">\n\t\t\t\t<div class=\"elementor-widget-container\">\n\t\t\t\t\t<h2 class=\"elementor-heading-title elementor-size-default\">PREGUNTAS FRECUENTES<\/h2>\t\t\t\t<\/div>\n\t\t\t\t<\/div>\n\t\t\t\t<div class=\"elementor-element elementor-element-ac8bd9d elementor-widget elementor-widget-text-editor\" data-id=\"ac8bd9d\" data-element_type=\"widget\" data-widget_type=\"text-editor.default\">\n\t\t\t\t<div class=\"elementor-widget-container\">\n\t\t\t\t\t\t\t\t\t<p>Respuestas a sus preguntas<\/p>\t\t\t\t\t\t\t\t<\/div>\n\t\t\t\t<\/div>\n\t\t\t\t\t<\/div>\n\t\t\t\t<\/div>\n\t\t\t\t<\/div>\n\t\t<div class=\"elementor-element elementor-element-5128fb3 e-flex e-con-boxed e-con e-parent\" data-id=\"5128fb3\" data-element_type=\"container\">\n\t\t\t\t\t<div class=\"e-con-inner\">\n\t\t\t\t<div class=\"elementor-element elementor-element-8a52ff6 elementor-widget elementor-widget-toggle\" data-id=\"8a52ff6\" data-element_type=\"widget\" data-widget_type=\"toggle.default\">\n\t\t\t\t<div class=\"elementor-widget-container\">\n\t\t\t\t\t\t\t<div class=\"elementor-toggle\">\n\t\t\t\t\t\t\t<div class=\"elementor-toggle-item\">\n\t\t\t\t\t<div id=\"elementor-tab-title-1451\" class=\"elementor-tab-title\" data-tab=\"1\" role=\"button\" aria-controls=\"elementor-tab-content-1451\" aria-expanded=\"false\">\n\t\t\t\t\t\t\t\t\t\t\t\t<a class=\"elementor-toggle-title\" tabindex=\"0\">\u00bfCu\u00e1l es la dosis recomendada de sus suplementos?<\/a>\n\t\t\t\t\t<\/div>\n\n\t\t\t\t\t<div id=\"elementor-tab-content-1451\" class=\"elementor-tab-content elementor-clearfix\" data-tab=\"1\" role=\"region\" aria-labelledby=\"elementor-tab-title-1451\">La dosis recomendada var\u00eda en funci\u00f3n del producto. Consulte la etiqueta del envase para obtener instrucciones espec\u00edficas. Tambi\u00e9n puede consultar a un profesional de la salud antes de iniciar cualquier nuevo r\u00e9gimen de suplementos.<\/div>\n\t\t\t\t<\/div>\n\t\t\t\t\t\t\t<div class=\"elementor-toggle-item\">\n\t\t\t\t\t<div id=\"elementor-tab-title-1452\" class=\"elementor-tab-title\" data-tab=\"2\" role=\"button\" aria-controls=\"elementor-tab-content-1452\" aria-expanded=\"false\">\n\t\t\t\t\t\t\t\t\t\t\t\t<a class=\"elementor-toggle-title\" tabindex=\"0\">\u00bfSus suplementos son seguros para todo el mundo?<\/a>\n\t\t\t\t\t<\/div>\n\n\t\t\t\t\t<div id=\"elementor-tab-content-1452\" class=\"elementor-tab-content elementor-clearfix\" data-tab=\"2\" role=\"region\" aria-labelledby=\"elementor-tab-title-1452\"><p>Nuestros suplementos est\u00e1n elaborados con ingredientes de alta calidad y siguen estrictas normas de seguridad. Sin embargo, no aconsejamos el uso de nuestros suplementos a menores de 16 a\u00f1os, mujeres embarazadas o en periodo de lactancia, personas con problemas de salud subyacentes o personas que tomen medicamentos sin consultar antes a un profesional sanitario.<\/p><\/div>\n\t\t\t\t<\/div>\n\t\t\t\t\t\t\t<div class=\"elementor-toggle-item\">\n\t\t\t\t\t<div id=\"elementor-tab-title-1453\" class=\"elementor-tab-title\" data-tab=\"3\" role=\"button\" aria-controls=\"elementor-tab-content-1453\" aria-expanded=\"false\">\n\t\t\t\t\t\t\t\t\t\t\t\t<a class=\"elementor-toggle-title\" tabindex=\"0\">\u00bfCu\u00e1nto tarda el env\u00edo? \u00bfOfrecen env\u00edos internacionales?<\/a>\n\t\t\t\t\t<\/div>\n\n\t\t\t\t\t<div id=\"elementor-tab-content-1453\" class=\"elementor-tab-content elementor-clearfix\" data-tab=\"3\" role=\"region\" aria-labelledby=\"elementor-tab-title-1453\"><p>Ofrecemos env\u00edos nacionales r\u00e1pidos, normalmente en un plazo de 3 a 5 d\u00edas laborables. La entrega internacional est\u00e1 disponible para determinados pa\u00edses, y los plazos de env\u00edo var\u00edan en funci\u00f3n del destino.<\/p><\/div>\n\t\t\t\t<\/div>\n\t\t\t\t\t\t\t<div class=\"elementor-toggle-item\">\n\t\t\t\t\t<div id=\"elementor-tab-title-1454\" class=\"elementor-tab-title\" data-tab=\"4\" role=\"button\" aria-controls=\"elementor-tab-content-1454\" aria-expanded=\"false\">\n\t\t\t\t\t\t\t\t\t\t\t\t<a class=\"elementor-toggle-title\" tabindex=\"0\">\u00bfPuedo devolver o cambiar un producto?<\/a>\n\t\t\t\t\t<\/div>\n\n\t\t\t\t\t<div id=\"elementor-tab-content-1454\" class=\"elementor-tab-content elementor-clearfix\" data-tab=\"4\" role=\"region\" aria-labelledby=\"elementor-tab-title-1454\"><p>S\u00ed, si su producto llega da\u00f1ado, p\u00f3ngase en contacto con nosotros en los 14 d\u00edas siguientes a la entrega. Despu\u00e9s de revisar y verificar la reclamaci\u00f3n, emitiremos un reembolso completo o enviaremos un reemplazo. Conserve el embalaje original y facil\u00edtenos las fotos necesarias para ayudarnos a tramitar su solicitud con rapidez.<\/p><\/div>\n\t\t\t\t<\/div>\n\t\t\t\t\t\t\t<div class=\"elementor-toggle-item\">\n\t\t\t\t\t<div id=\"elementor-tab-title-1455\" class=\"elementor-tab-title\" data-tab=\"5\" role=\"button\" aria-controls=\"elementor-tab-content-1455\" aria-expanded=\"false\">\n\t\t\t\t\t\t\t\t\t\t\t\t<a class=\"elementor-toggle-title\" tabindex=\"0\">\u00bfSus suplementos son veganos y sin gluten?<\/a>\n\t\t\t\t\t<\/div>\n\n\t\t\t\t\t<div id=\"elementor-tab-content-1455\" class=\"elementor-tab-content elementor-clearfix\" data-tab=\"5\" role=\"region\" aria-labelledby=\"elementor-tab-title-1455\"><p>Ofrecemos una amplia gama de suplementos, incluidas opciones veganas y sin gluten. En las descripciones de los productos de nuestro sitio web se especifica si <br \/>un suplemento cumple estos requisitos diet\u00e9ticos. Puede filtrar los productos por categor\u00eda para encontrar opciones que se ajusten a sus necesidades.<\/p><\/div>\n\t\t\t\t<\/div>\n\t\t\t\t\t\t\t\t\t\t<script type=\"application\/ld+json\">{\n    \"@context\": \"https:\\\/\\\/schema.org\",\n    \"@type\": \"FAQPage\",\n    \"mainEntity\": [\n        {\n            \"@type\": \"Question\",\n            \"name\": \"What is the recommended dosage for your supplements?\",\n            \"acceptedAnswer\": {\n                \"@type\": \"Answer\",\n                \"text\": \"The recommended dosage varies depending on the product. Please refer to the label on the packaging for specific instructions. You can also consult with a healthcare professional before starting any new supplement regimen.\"\n            }\n        },\n        {\n            \"@type\": \"Question\",\n            \"name\": \"Are your supplements safe for everyone to use?\",\n            \"acceptedAnswer\": {\n                \"@type\": \"Answer\",\n                \"text\": \"<p>Our supplements are made with high-quality ingredients and follow strict safety standards. However, we do not advise anyone under 16, pregnant or nursing women, individuals with underlying health conditions, or those taking medications to use our supplements without consulting a healthcare provider first.<\\\/p>\"\n            }\n        },\n        {\n            \"@type\": \"Question\",\n            \"name\": \"How long does shipping take, and do you offer international delivery?\",\n            \"acceptedAnswer\": {\n                \"@type\": \"Answer\",\n                \"text\": \"<p>We offer fast domestic shipping, typically within 3-5 business days. International delivery is available to select countries, and shipping times vary depending on the destination.<\\\/p>\"\n            }\n        },\n        {\n            \"@type\": \"Question\",\n            \"name\": \"Can I return or exchange a product?\",\n            \"acceptedAnswer\": {\n                \"@type\": \"Answer\",\n                \"text\": \"<p>Yes, if your product arrives damaged, please contact us within 14 days of delivery. After we review and verify the claim, we will issue a full refund or send a replacement. Please keep the original packaging and provide any necessary photos to help us process your request quickly.<\\\/p>\"\n            }\n        },\n        {\n            \"@type\": \"Question\",\n            \"name\": \"Are your supplements vegan and gluten-free?\",\n            \"acceptedAnswer\": {\n                \"@type\": \"Answer\",\n                \"text\": \"<p>We offer a range of supplements, including vegan e gluten-free options. Product descriptions on our website will specify whether <br \\\/>a supplement meets these dietary requirements. You can filter products by category to find options that fit your needs.<\\\/p>\"\n            }\n        }\n    ]\n}<\/script>\n\t\t\t\t\t<\/div>\n\t\t\t\t\t\t<\/div>\n\t\t\t\t<\/div>\n\t\t\t\t\t<\/div>\n\t\t\t\t<\/div>\n\t\t<div class=\"elementor-element elementor-element-3b3df0c e-flex e-con-boxed e-con e-parent\" data-id=\"3b3df0c\" data-element_type=\"container\">\n\t\t\t\t\t<div class=\"e-con-inner\">\n\t\t\t\t<div class=\"elementor-element elementor-element-068195e elementor-widget elementor-widget-heading\" data-id=\"068195e\" data-element_type=\"widget\" data-widget_type=\"heading.default\">\n\t\t\t\t<div class=\"elementor-widget-container\">\n\t\t\t\t\t<h2 class=\"elementor-heading-title elementor-size-default\">\u00bfNo encuentra lo que busca?<\/h2>\t\t\t\t<\/div>\n\t\t\t\t<\/div>\n\t\t\t\t<div class=\"elementor-element elementor-element-a66108c elementor-widget elementor-widget-text-editor\" data-id=\"a66108c\" data-element_type=\"widget\" data-widget_type=\"text-editor.default\">\n\t\t\t\t<div class=\"elementor-widget-container\">\n\t\t\t\t\t\t\t\t\tEnv\u00edenos un correo electr\u00f3nico para contarnos lo que pasa y alguien de nuestro equipo de Atenci\u00f3n al Cliente se pondr\u00e1 en contacto con usted lo antes posible. Aseg\u00farate de incluir tu n\u00famero de pedido (si lo tienes).\n\nEnv\u00edenos un correo electr\u00f3nico a <a href=\"mailto:wecare@self.nu\">wecare@self.nu<\/a>\t\t\t\t\t\t\t\t<\/div>\n\t\t\t\t<\/div>\n\t\t\t\t<div class=\"elementor-element elementor-element-c4394b8 elementor-widget elementor-widget-text-editor\" data-id=\"c4394b8\" data-element_type=\"widget\" data-widget_type=\"text-editor.default\">\n\t\t\t\t<div class=\"elementor-widget-container\">\n\t\t\t\t\t<style>.elementor-element-c4394b8{display:none !important}<\/style>\t\t\t\t<\/div>\n\t\t\t\t<\/div>\n\t\t\t\t\t<\/div>\n\t\t\t\t<\/div>\n\t\t<div class=\"elementor-element elementor-element-eb4c014 e-flex e-con-boxed e-con e-parent\" data-id=\"eb4c014\" data-element_type=\"container\">\n\t\t\t\t\t<div class=\"e-con-inner\">\n\t\t\t\t<div class=\"elementor-element elementor-element-1c52a05 elementor-widget elementor-widget-heading\" data-id=\"1c52a05\" data-element_type=\"widget\" data-widget_type=\"heading.default\">\n\t\t\t\t<div class=\"elementor-widget-container\">\n\t\t\t\t\t<h2 class=\"elementor-heading-title elementor-size-default\">\u00bfOtras preguntas? Hablemos.<\/h2>\t\t\t\t<\/div>\n\t\t\t\t<\/div>\n\t\t\t\t\t<\/div>\n\t\t\t\t<\/div>\n\t\t\t\t<\/div>","protected":false},"excerpt":{"rendered":"<p>FAQ Respuestas a sus preguntas \u00bfCu\u00e1l es la dosis recomendada de sus suplementos? La dosis recomendada var\u00eda en funci\u00f3n del producto. Consulte la etiqueta del envase para obtener instrucciones espec\u00edficas. Tambi\u00e9n puede consultar a un profesional de la salud antes de empezar un nuevo r\u00e9gimen de suplementos. \u00bfSus suplementos son seguros para todo el mundo? Nuestros [...]<\/p>","protected":false},"author":1,"featured_media":0,"parent":0,"menu_order":0,"comment_status":"closed","ping_status":"closed","template":"","meta":{"footnotes":""},"class_list":["post-2851","page","type-page","status-publish","hentry"],"aioseo_notices":[],"_links":{"self":[{"href":"https:\/\/www.selfprotein.com\/es\/wp-json\/wp\/v2\/pages\/2851"}],"collection":[{"href":"https:\/\/www.selfprotein.com\/es\/wp-json\/wp\/v2\/pages"}],"about":[{"href":"https:\/\/www.selfprotein.com\/es\/wp-json\/wp\/v2\/types\/page"}],"author":[{"embeddable":true,"href":"https:\/\/www.selfprotein.com\/es\/wp-json\/wp\/v2\/users\/1"}],"replies":[{"embeddable":true,"href":"https:\/\/www.selfprotein.com\/es\/wp-json\/wp\/v2\/comments?post=2851"}],"version-history":[{"count":136,"href":"https:\/\/www.selfprotein.com\/es\/wp-json\/wp\/v2\/pages\/2851\/revisions"}],"predecessor-version":[{"id":11115,"href":"https:\/\/www.selfprotein.com\/es\/wp-json\/wp\/v2\/pages\/2851\/revisions\/11115"}],"wp:attachment":[{"href":"https:\/\/www.selfprotein.com\/es\/wp-json\/wp\/v2\/media?parent=2851"}],"curies":[{"name":"wp","href":"https:\/\/api.w.org\/{rel}","templated":true}]}}