{"id":10418,"date":"2024-10-01T00:05:03","date_gmt":"2024-09-30T22:05:03","guid":{"rendered":"https:\/\/www.selfprotein.com\/?post_type=product&#038;p=10418"},"modified":"2026-04-01T00:00:49","modified_gmt":"2026-03-31T22:00:49","slug":"morning-boost-pack","status":"publish","type":"product","link":"https:\/\/www.selfprotein.com\/es\/producto\/morning-boost-pack\/","title":{"rendered":"Pack Boost Matinal"},"content":{"rendered":"<p><strong>Pack Boost Matinal<\/strong><\/p>\n<p class=\" translation-block\">Dale un empuj\u00f3n a tus ma\u00f1anas con el <strong>Pack Boost Matutino<\/strong>, una selecci\u00f3n de productos dise\u00f1ados para darte sabor, energ\u00eda y bienestar desde el desayuno. \u00a1Perfecto para empezar el d\u00eda con buen pie y mantener alta tu vitalidad!<\/p>\n<p><strong>Proti Cream<\/strong><\/p>\n<p>\u00a1La crema untable que te hace empezar el d\u00eda con una sonrisa! Rica en prote\u00ednas y s\u00faper sabrosa.<\/p>\n<ul>\n<li>Sabores irresistibles, perfectos para un desayuno que hace la boca agua<\/li>\n<li>Prote\u00edna 100%, culpa 0%<\/li>\n<li>Sin az\u00facares a\u00f1adidos, te da energ\u00eda sin agobiarte<\/li>\n<\/ul>\n<p><\/p>\n<p><strong>Omega 3 (60 c\u00e1psulas)<\/strong><\/p>\n<p>Tus aliados para una mente despejada y un coraz\u00f3n sano, cada d\u00eda.<\/p>\n<ul>\n<li>Favorece el coraz\u00f3n y la mente con \u00e1cidos grasos esenciales<\/li>\n<li>Reduce la inflamaci\u00f3n y mejora el bienestar general<\/li>\n<li>Potente omega-3, con usted desde el desayuno hasta la cena<\/li>\n<\/ul>\n<p><\/p>\n<p><strong>Protein Pancake<\/strong><\/p>\n<p>La tortita de tus sue\u00f1os, repleta de prote\u00ednas y \u00a1lista en un santiam\u00e9n!<\/p>\n<ul>\n<li>Desayuno f\u00e1cil, r\u00e1pido y s\u00faper nutritivo<\/li>\n<li>Mucho m\u00fasculo, cero fatiga, gracias a su alto contenido en prote\u00ednas<\/li>\n<li>Perfecto con fruta, miel, mermelada o nuestra Crema Proti para una explosi\u00f3n de sabor<\/li>\n<\/ul>","protected":false},"excerpt":{"rendered":"<p>Morning Boost Pack Dale un empuj\u00f3n a tus ma\u00f1anas con el Morning Boost Pack, una selecci\u00f3n de productos dise\u00f1ados para darte sabor, energ\u00eda y bienestar desde el desayuno. \u00a1Perfecto para empezar el d\u00eda con buen pie y mantener alta tu vitalidad! Crema Proti La crema untable que te hace empezar el d\u00eda con [...]<\/p>","protected":false},"featured_media":11550,"template":"","meta":[],"product_cat":[313,158,320,210],"product_tag":[316,18,321,223],"class_list":{"0":"post-10418","1":"product","2":"type-product","3":"status-publish","4":"has-post-thumbnail","6":"product_cat-protein-snacks-and-fit-food","7":"product_cat-proteins","8":"product_cat-self-bundles","9":"product_cat-snacks-meal-solutions","10":"product_tag-protein-snacks-fit-food","11":"product_tag-proteins","12":"product_tag-self-bundles","13":"product_tag-snacks-meal-solutions","15":"first","16":"instock","17":"taxable","18":"shipping-taxable","19":"purchasable","20":"product-type-variable","21":"has-default-attributes"},"aioseo_notices":[],"_links":{"self":[{"href":"https:\/\/www.selfprotein.com\/es\/wp-json\/wp\/v2\/product\/10418"}],"collection":[{"href":"https:\/\/www.selfprotein.com\/es\/wp-json\/wp\/v2\/product"}],"about":[{"href":"https:\/\/www.selfprotein.com\/es\/wp-json\/wp\/v2\/types\/product"}],"wp:featuredmedia":[{"embeddable":true,"href":"https:\/\/www.selfprotein.com\/es\/wp-json\/wp\/v2\/media\/11550"}],"wp:attachment":[{"href":"https:\/\/www.selfprotein.com\/es\/wp-json\/wp\/v2\/media?parent=10418"}],"wp:term":[{"taxonomy":"product_cat","embeddable":true,"href":"https:\/\/www.selfprotein.com\/es\/wp-json\/wp\/v2\/product_cat?post=10418"},{"taxonomy":"product_tag","embeddable":true,"href":"https:\/\/www.selfprotein.com\/es\/wp-json\/wp\/v2\/product_tag?post=10418"}],"curies":[{"name":"wp","href":"https:\/\/api.w.org\/{rel}","templated":true}]}}