{"id":10422,"date":"2024-10-28T12:30:30","date_gmt":"2024-10-28T11:30:30","guid":{"rendered":"https:\/\/www.selfprotein.com\/?post_type=product&#038;p=10422"},"modified":"2026-05-01T00:24:27","modified_gmt":"2026-04-30T22:24:27","slug":"quicky","status":"publish","type":"product","link":"https:\/\/www.selfprotein.com\/es\/producto\/quicky\/","title":{"rendered":"Quicky"},"content":{"rendered":"<p><strong>Quicky<\/strong><\/p>\n<p>Quicky es un preparado proteico dise\u00f1ado para quienes llevan un estilo de vida ajetreado y no quieren comprometer la calidad de su nutrici\u00f3n. Este producto es f\u00e1cil de preparar y combina sabor y nutrici\u00f3n en una \u00fanica soluci\u00f3n.<\/p>\n<p>Beneficios<\/p>\n<p><strong>Alta concentraci\u00f3n de prote\u00ednas:<\/strong><\/p>\n<ul>\n<li>Con m\u00e1s de 22 g de prote\u00ednas por raci\u00f3n, Quicky favorece eficazmente la s\u00edntesis proteica y el crecimiento muscular, contribuyendo al mantenimiento de la masa muscular magra.<\/li>\n<\/ul>\n<p><\/p>\n<p><strong>Mezcla de ingredientes seleccionados:<\/strong><\/p>\n<ul>\n<li>Contiene copos de avena y case\u00edna micelar, una prote\u00edna l\u00e1ctea de absorci\u00f3n lenta, junto con una combinaci\u00f3n de sabores naturales para un sabor delicioso.<\/li>\n<\/ul>\n<p><\/p>\n<p><strong>Absorci\u00f3n equilibrada:<\/strong><\/p>\n<ul>\n<li>La case\u00edna micelar, combinada con copos de avena, proporciona una liberaci\u00f3n gradual de amino\u00e1cidos en el torrente sangu\u00edneo, garantizando una saciedad prolongada y un aporte constante de nutrientes.<\/li>\n<\/ul>\n<p><\/p>\n<p><strong>F\u00e1cil de preparar:<\/strong><\/p>\n<ul>\n<li>Basta con a\u00f1adir agua o leche, mezclar y cocer durante 60 segundos en el microondas. Quicky est\u00e1 listo para ser disfrutado en cualquier lugar, en casa o en la oficina.<\/li>\n<\/ul>\n<p><\/p>\n<p><strong>Sin gluten:<\/strong><\/p>\n<ul>\n<li>Adecuado para los intolerantes al gluten, Quicky se adapta a diversas necesidades diet\u00e9ticas sin comprometer el sabor.<\/li>\n<\/ul>\n<p><\/p>\n<p><strong>Uso recomendado:<\/strong><\/p>\n<ul>\n<li>Consumir 1-2 raciones al d\u00eda, en funci\u00f3n de las necesidades proteicas y la actividad f\u00edsica. Es ideal para el desayuno, como tentempi\u00e9 despu\u00e9s del entrenamiento o como comida r\u00e1pida en cualquier momento del d\u00eda.<\/li>\n<\/ul>\n<p><\/p>\n<p><strong>Aviso:<\/strong><\/p>\n<ul>\n<li>S\u00f3lo para adultos y debe utilizarse dentro de una dieta variada y equilibrada y un estilo de vida saludable.<\/li>\n<li>No superar la dosis recomendada.<\/li>\n<li>No utilizar durante la lactancia, el embarazo o per\u00edodos prolongados sin consultar al m\u00e9dico.<\/li>\n<li>Conservar el producto en un lugar fresco y seco, en un envase bien cerrado y fuera del alcance de los ni\u00f1os menores de 3 a\u00f1os.<\/li>\n<li>Puede contener trazas de huevo y soja.<\/li>\n<li>Sin Gluten.<\/li>\n<\/ul>","protected":false},"excerpt":{"rendered":"<p>Quicky Quicky es un preparado proteico dise\u00f1ado para quienes llevan un estilo de vida ajetreado y no quieren comprometer la calidad de su nutrici\u00f3n. Este producto es f\u00e1cil de preparar y combina sabor y nutrici\u00f3n en una \u00fanica soluci\u00f3n. Beneficios Alta concentraci\u00f3n de prote\u00ednas: Con m\u00e1s de 22 g de prote\u00ednas por raci\u00f3n, Quicky contribuye eficazmente [...]<\/p>","protected":false},"featured_media":10427,"template":"","meta":[],"product_cat":[210,309],"product_tag":[223,319],"class_list":{"0":"post-10422","1":"product","2":"type-product","3":"status-publish","4":"has-post-thumbnail","6":"product_cat-snacks-meal-solutions","7":"product_cat-weight-management-and-definition","8":"product_tag-snacks-meal-solutions","9":"product_tag-weight-management-and-definition","11":"first","12":"instock","13":"taxable","14":"shipping-taxable","15":"purchasable","16":"product-type-variable"},"aioseo_notices":[],"_links":{"self":[{"href":"https:\/\/www.selfprotein.com\/es\/wp-json\/wp\/v2\/product\/10422"}],"collection":[{"href":"https:\/\/www.selfprotein.com\/es\/wp-json\/wp\/v2\/product"}],"about":[{"href":"https:\/\/www.selfprotein.com\/es\/wp-json\/wp\/v2\/types\/product"}],"wp:featuredmedia":[{"embeddable":true,"href":"https:\/\/www.selfprotein.com\/es\/wp-json\/wp\/v2\/media\/10427"}],"wp:attachment":[{"href":"https:\/\/www.selfprotein.com\/es\/wp-json\/wp\/v2\/media?parent=10422"}],"wp:term":[{"taxonomy":"product_cat","embeddable":true,"href":"https:\/\/www.selfprotein.com\/es\/wp-json\/wp\/v2\/product_cat?post=10422"},{"taxonomy":"product_tag","embeddable":true,"href":"https:\/\/www.selfprotein.com\/es\/wp-json\/wp\/v2\/product_tag?post=10422"}],"curies":[{"name":"wp","href":"https:\/\/api.w.org\/{rel}","templated":true}]}}