{"id":10429,"date":"2024-10-28T12:30:25","date_gmt":"2024-10-28T11:30:25","guid":{"rendered":"https:\/\/www.selfprotein.com\/?post_type=product&#038;p=10429"},"modified":"2026-04-01T00:00:50","modified_gmt":"2026-03-31T22:00:50","slug":"quicky-bundle","status":"publish","type":"product","link":"https:\/\/www.selfprotein.com\/es\/producto\/quicky-bundle\/","title":{"rendered":"Quicky Bundle"},"content":{"rendered":"<p><strong>Quicky Bundle: \u00a1usted elige, a su gusto!<\/strong><\/p>\n<p>Con el paquete Quicky, tienes la libertad de elegir seis paquetes de nuestro irresistible Quicky, disponible en tres deliciosos sabores: <strong>Manzana y canela<\/strong>, <strong>Chocolate<\/strong> y <strong>Vainilla<\/strong>. Personaliza tu paquete como quieras con dos opciones:<\/p>\n<p><strong>Opci\u00f3n 1: \u00a1Componga el pack con su sabor favorito!<\/strong><\/p>\n<p>Si tienes un sabor favorito, esta es la opci\u00f3n perfecta para ti. Selecciona seis paquetes del mismo sabor y disfruta de Quicky tal y como te gusta.<\/p>\n<p><strong>Opci\u00f3n 2: \u00a1Mezcla y combina!<\/strong><\/p>\n<p>Crea tu mezcla perfecta con dos paquetes de cada sabor, para un total de seis. Una combinaci\u00f3n ideal para los amantes de la variedad y el sabor.<\/p>\n<p><strong>Ll\u00e9velo a cualquier parte y en cualquier momento.<\/strong><\/p>\n<p>Tanto si buscas un tentempi\u00e9 nutritivo, un desayuno r\u00e1pido o un aliado para antes o despu\u00e9s del entrenamiento, Quicky es la soluci\u00f3n ideal. Con ingredientes de alta calidad y un alto contenido en prote\u00ednas, cada Quicky est\u00e1 siempre listo para darte energ\u00eda y sabor, est\u00e9s donde est\u00e9s.<\/p>","protected":false},"excerpt":{"rendered":"<p>Quicky Bundle: \u00a1t\u00fa eliges, t\u00fa saboreas! Con el Quicky Bundle, tienes la libertad de elegir seis paquetes de nuestro irresistible Quicky, disponible en tres deliciosos sabores: Manzana y Canela, Chocolate y Vainilla. Personaliza tu paquete a tu gusto con dos opciones: Opci\u00f3n 1: \u00a1Componga el pack con su sabor favorito! Si tienes un [...]<\/p>","protected":false},"featured_media":10555,"template":"","meta":[],"product_cat":[210],"product_tag":[223],"class_list":{"0":"post-10429","1":"product","2":"type-product","3":"status-publish","4":"has-post-thumbnail","6":"product_cat-snacks-meal-solutions","7":"product_tag-snacks-meal-solutions","9":"first","10":"instock","11":"taxable","12":"shipping-taxable","13":"purchasable","14":"product-type-variable","15":"has-default-attributes"},"aioseo_notices":[],"_links":{"self":[{"href":"https:\/\/www.selfprotein.com\/es\/wp-json\/wp\/v2\/product\/10429"}],"collection":[{"href":"https:\/\/www.selfprotein.com\/es\/wp-json\/wp\/v2\/product"}],"about":[{"href":"https:\/\/www.selfprotein.com\/es\/wp-json\/wp\/v2\/types\/product"}],"wp:featuredmedia":[{"embeddable":true,"href":"https:\/\/www.selfprotein.com\/es\/wp-json\/wp\/v2\/media\/10555"}],"wp:attachment":[{"href":"https:\/\/www.selfprotein.com\/es\/wp-json\/wp\/v2\/media?parent=10429"}],"wp:term":[{"taxonomy":"product_cat","embeddable":true,"href":"https:\/\/www.selfprotein.com\/es\/wp-json\/wp\/v2\/product_cat?post=10429"},{"taxonomy":"product_tag","embeddable":true,"href":"https:\/\/www.selfprotein.com\/es\/wp-json\/wp\/v2\/product_tag?post=10429"}],"curies":[{"name":"wp","href":"https:\/\/api.w.org\/{rel}","templated":true}]}}