{"id":11066,"date":"2024-10-22T16:21:01","date_gmt":"2024-10-22T14:21:01","guid":{"rendered":"https:\/\/www.selfprotein.com\/?post_type=product&#038;p=11066"},"modified":"2026-05-06T22:05:58","modified_gmt":"2026-05-06T20:05:58","slug":"large-mass-gainer","status":"publish","type":"product","link":"https:\/\/www.selfprotein.com\/es\/producto\/large-mass-gainer\/","title":{"rendered":"Large Mass Gainer"},"content":{"rendered":"<p><strong>Large Mass Gainer<\/strong><\/p>\n<p><strong>Mezcla de amino\u00e1cidos, vitaminas y minerales<\/strong><\/p>\n<p>Large Mass Gainer es un suplemento diet\u00e9tico dise\u00f1ado para apoyar a aquellos que buscan aumentar eficazmente su peso y masa muscular.<\/p>\n<p>Con una f\u00f3rmula avanzada que combina prote\u00ednas de alta calidad, hidratos de carbono, grasas esenciales, vitaminas y minerales, este producto proporciona un apoyo completo para el crecimiento muscular, la recuperaci\u00f3n y el mantenimiento de la energ\u00eda durante los entrenamientos m\u00e1s intensos. La prote\u00edna de suero de leche de r\u00e1pida absorci\u00f3n contribuye a la s\u00edntesis muscular, mejorando el rendimiento y la recuperaci\u00f3n.<\/p>\n<p>Nuestro Gran Ganador de Masa acaba de ser enriquecido con un nuevo e incre\u00edble sabor: una irresistible fusi\u00f3n de vainilla, naranja y un toque de rico chocolate.<\/p>\n<p><strong>Beneficios<\/strong><\/p>\n<ul>\n<li><strong>Prote\u00ednas de alta calidad para el crecimiento muscular:<\/strong><\/li>\n<\/ul>\n<p>La prote\u00edna de suero proporciona una r\u00e1pida absorci\u00f3n, esencial para estimular la s\u00edntesis de prote\u00ednas musculares y ayudar a la recuperaci\u00f3n.<\/p>\n<ul>\n<li><strong>Hidratos de carbono de f\u00e1cil digesti\u00f3n para obtener energ\u00eda:<\/strong><\/li>\n<\/ul>\n<p>Gracias a los carbohidratos derivados de las maltodextrinas, Large Mass Gainer repone las reservas de gluc\u00f3geno, ofreciendo una fuente de energ\u00eda clave durante los entrenamientos intensos.<\/p>\n<ul>\n<li><strong>Nutrientes equilibrados para un aumento de peso saludable:<\/strong><\/li>\n<\/ul>\n<p>La f\u00f3rmula equilibrada de prote\u00ednas, hidratos de carbono y grasas es ideal para favorecer un aumento de peso controlado y saludable.<\/p>\n<ul>\n<li><strong>Vitaminas y minerales esenciales:<\/strong><\/li>\n<\/ul>\n<p>Adem\u00e1s de macronutrientes, Large Mass Gainer est\u00e1 enriquecido con vitaminas y minerales esenciales para favorecer el bienestar general del organismo y mejorar el rendimiento f\u00edsico.<\/p>\n<ul>\n<li><strong>Apoyo \u00f3ptimo para la recuperaci\u00f3n muscular:<\/strong><\/li>\n<\/ul>\n<p>Los nutrientes clave del producto ayudan a reducir la fatiga muscular despu\u00e9s del entrenamiento, mejorando la recuperaci\u00f3n y prepar\u00e1ndole para futuras sesiones de entrenamiento.<\/p>\n<p><strong>Uso recomendado<\/strong><\/p>\n<p>Tomar una porci\u00f3n inmediatamente despu\u00e9s de la actividad f\u00edsica o 1-2 porciones durante el d\u00eda para aquellos que luchan por ganar peso.<\/p>\n<p><strong>Aviso:<\/strong><\/p>\n<ul>\n<li>S\u00f3lo para adultos y no sustituye a una dieta variada y equilibrada ni a un estilo de vida saludable.<\/li>\n<li>No superar la dosis recomendada.<\/li>\n<li>No utilizar durante la lactancia o el embarazo sin consultar al m\u00e9dico.<\/li>\n<li>Conservar el producto en un lugar fresco y seco, en un envase bien cerrado, y mantener fuera del alcance de los ni\u00f1os menores de 3 a\u00f1os.<\/li>\n<li>Puede contener trazas de avena, huevos y soja.<\/li>\n<\/ul>","protected":false},"excerpt":{"rendered":"<p>Large Mass Gainer Amino\u00e1cidos, Vitaminas y Minerales Blend Large Mass Gainer es un suplemento diet\u00e9tico dise\u00f1ado para apoyar a aquellos que buscan aumentar eficazmente su peso y masa muscular. Con una f\u00f3rmula avanzada que combina prote\u00ednas de alta calidad, hidratos de carbono, grasas esenciales, vitaminas y minerales, este producto proporciona un apoyo completo para el crecimiento muscular, la recuperaci\u00f3n y el mantenimiento de la energ\u00eda durante [...]<\/p>","protected":false},"featured_media":11100,"template":"","meta":[],"product_cat":[154,308],"product_tag":[162,318],"class_list":{"0":"post-11066","1":"product","2":"type-product","3":"status-publish","4":"has-post-thumbnail","6":"product_cat-gain-performance","7":"product_cat-strength-and-muscle-mass","8":"product_tag-gain-performance","9":"product_tag-strength-and-muscle-mass","11":"first","12":"instock","13":"taxable","14":"shipping-taxable","15":"purchasable","16":"product-type-variable"},"aioseo_notices":[],"_links":{"self":[{"href":"https:\/\/www.selfprotein.com\/es\/wp-json\/wp\/v2\/product\/11066"}],"collection":[{"href":"https:\/\/www.selfprotein.com\/es\/wp-json\/wp\/v2\/product"}],"about":[{"href":"https:\/\/www.selfprotein.com\/es\/wp-json\/wp\/v2\/types\/product"}],"wp:featuredmedia":[{"embeddable":true,"href":"https:\/\/www.selfprotein.com\/es\/wp-json\/wp\/v2\/media\/11100"}],"wp:attachment":[{"href":"https:\/\/www.selfprotein.com\/es\/wp-json\/wp\/v2\/media?parent=11066"}],"wp:term":[{"taxonomy":"product_cat","embeddable":true,"href":"https:\/\/www.selfprotein.com\/es\/wp-json\/wp\/v2\/product_cat?post=11066"},{"taxonomy":"product_tag","embeddable":true,"href":"https:\/\/www.selfprotein.com\/es\/wp-json\/wp\/v2\/product_tag?post=11066"}],"curies":[{"name":"wp","href":"https:\/\/api.w.org\/{rel}","templated":true}]}}