{"id":11852,"date":"2025-01-21T13:30:28","date_gmt":"2025-01-21T12:30:28","guid":{"rendered":"https:\/\/www.selfprotein.com\/?post_type=product&#038;p=11852"},"modified":"2026-05-01T00:24:31","modified_gmt":"2026-04-30T22:24:31","slug":"oat-flakes","status":"publish","type":"product","link":"https:\/\/www.selfprotein.com\/es\/producto\/oat-flakes\/","title":{"rendered":"Oat Flakes"},"content":{"rendered":"<p style=\"text-align: left;\" align=\"center\"><strong><span lang=\"en-US\">Oat Flakes<\/span><\/strong><\/p>\n<p><span lang=\"en-US\">Instant Oat Flakes es un suplemento de harina de avena laminada que ofrece una soluci\u00f3n vers\u00e1til y nutritiva para enriquecer su dieta diaria. Gracias a su naturaleza adaptable, esta forma de harina de avena puede incorporarse f\u00e1cilmente a m\u00faltiples platos y comidas, aportando una amplia gama de beneficios para su salud y bienestar.<\/span><\/p>\n<p><span lang=\"en-US\">Beneficios de los copos de avena:<\/span><\/p>\n<ul>\n<li><strong><span lang=\"en-US\">Fuente de hidratos de carbono complejos:<\/span><\/strong><span lang=\"en-US\"> Los copos de avena instant\u00e1neos proporcionan una fuente sana y sostenible de hidratos de carbono complejos, que aportan energ\u00eda a largo plazo y ayudan a mantener estables los niveles de az\u00facar en sangre.<\/span><\/li>\n<li><strong><span lang=\"en-US\">Rico en fibra:<\/span><\/strong><span lang=\"en-US\"> La harina de avena arrollada es rica en fibra, que favorece la salud digestiva, aumenta la sensaci\u00f3n de saciedad y contribuye a regular el tr\u00e1nsito intestinal.<\/span><\/li>\n<li><strong><span lang=\"en-US\">Nutrientes esenciales:<\/span><\/strong><span lang=\"en-US\"> Estos copos son una fuente natural de vitaminas del grupo B y minerales como el hierro y el magnesio, cruciales para el buen funcionamiento del organismo y el mantenimiento de la salud.<\/span><\/li>\n<li><strong><span lang=\"en-US\">Liberaci\u00f3n lenta de energ\u00eda:<\/span><\/strong><span lang=\"en-US\"> Gracias a su composici\u00f3n, los Copos de Avena Instant\u00e1neos ofrecen una liberaci\u00f3n gradual de energ\u00eda a lo largo del tiempo, garantizando una prolongada sensaci\u00f3n de saciedad y favoreciendo su actividad f\u00edsica y mental.<\/span><\/li>\n<li><strong><span lang=\"en-US\">Versatilidad culinaria:<\/span><\/strong><span lang=\"en-US\"> Esta forma de harina de avena puede utilizarse de m\u00faltiples maneras en su cocina, desde incorporarla al desayuno, los batidos o el yogur, hasta preparar sabrosos platos como galletas, barritas de prote\u00ednas caseras o gachas de avena, ofreciendo un sinf\u00edn de opciones para satisfacer sus gustos y necesidades diet\u00e9ticas.<\/span><\/li>\n<\/ul>\n<p>&nbsp;<\/p>\n<p><strong><span lang=\"en-US\">Uso recomendado<\/span><\/strong><\/p>\n<p><span lang=\"en-US\">1 raci\u00f3n para el desayuno, antes o despu\u00e9s del entrenamiento.<\/span><\/p>\n<p class=\"xmprfx_MsoNormal\"><b>Aviso:<\/b><\/p>\n<ul>\n<li>S\u00f3lo para adultos y no sustituye a una dieta variada y equilibrada ni a un estilo de vida saludable.<\/li>\n<li>No superar la dosis recomendada.<\/li>\n<li>No lo utilice durante la lactancia ni en periodos de embarazo sin consultar al m\u00e9dico.<\/li>\n<li>Conservar el producto en un lugar fresco y seco, en un envase bien cerrado y fuera del alcance de los ni\u00f1os menores de 3 a\u00f1os.<\/li>\n<li>Puede contener trazas de huevo, soja, leche.<\/li>\n<li>Sin Lactosa y Sin Gluten.<\/li>\n<\/ul>","protected":false},"excerpt":{"rendered":"<p>Copos de avena Los copos de avena son un suplemento de harina de avena laminada que ofrece una soluci\u00f3n vers\u00e1til y nutritiva para enriquecer su dieta diaria. Gracias a su naturaleza adaptable, esta forma de harina de avena puede incorporarse f\u00e1cilmente a m\u00faltiples platos y comidas, proporcionando una amplia gama de beneficios para su salud y bienestar. Beneficios de la Avena [...]<\/p>","protected":false},"featured_media":11861,"template":"","meta":[],"product_cat":[313,210],"product_tag":[316,223],"class_list":{"0":"post-11852","1":"product","2":"type-product","3":"status-publish","4":"has-post-thumbnail","6":"product_cat-protein-snacks-and-fit-food","7":"product_cat-snacks-meal-solutions","8":"product_tag-protein-snacks-fit-food","9":"product_tag-snacks-meal-solutions","11":"first","12":"instock","13":"taxable","14":"shipping-taxable","15":"purchasable","16":"product-type-variable"},"aioseo_notices":[],"_links":{"self":[{"href":"https:\/\/www.selfprotein.com\/es\/wp-json\/wp\/v2\/product\/11852"}],"collection":[{"href":"https:\/\/www.selfprotein.com\/es\/wp-json\/wp\/v2\/product"}],"about":[{"href":"https:\/\/www.selfprotein.com\/es\/wp-json\/wp\/v2\/types\/product"}],"wp:featuredmedia":[{"embeddable":true,"href":"https:\/\/www.selfprotein.com\/es\/wp-json\/wp\/v2\/media\/11861"}],"wp:attachment":[{"href":"https:\/\/www.selfprotein.com\/es\/wp-json\/wp\/v2\/media?parent=11852"}],"wp:term":[{"taxonomy":"product_cat","embeddable":true,"href":"https:\/\/www.selfprotein.com\/es\/wp-json\/wp\/v2\/product_cat?post=11852"},{"taxonomy":"product_tag","embeddable":true,"href":"https:\/\/www.selfprotein.com\/es\/wp-json\/wp\/v2\/product_tag?post=11852"}],"curies":[{"name":"wp","href":"https:\/\/api.w.org\/{rel}","templated":true}]}}