{"id":12152,"date":"2025-03-10T00:02:53","date_gmt":"2025-03-09T23:02:53","guid":{"rendered":"https:\/\/www.selfprotein.com\/?post_type=product&#038;p=12152"},"modified":"2026-04-01T00:00:54","modified_gmt":"2026-03-31T22:00:54","slug":"power-breakfast-pack","status":"publish","type":"product","link":"https:\/\/www.selfprotein.com\/es\/producto\/power-breakfast-pack\/","title":{"rendered":"Power Breakfast Pack"},"content":{"rendered":"<p><strong>Power Breakfast Pack<\/strong><\/p>\n<p class=\" translation-block\">\u00a1Empieza el d\u00eda con el equilibrio perfecto de sabor, energ\u00eda y nutrici\u00f3n! El <strong>paquete Proti Cream &amp; Oat Flakes<\/strong> combina la irresistible cremosidad de Proti Cream con la bondad de los copos de avena para un desayuno que energiza tu cuerpo y satisface los antojos.<\/p>\n<p><strong>Proti Cream<\/strong><\/p>\n<p>\u00a1La crema para untar que convierte cada bocado en un momento de puro placer! Repleta de prote\u00ednas e incre\u00edblemente cremosa.<\/p>\n<ul>\n<li>Sabores irresistibles, perfectos para un delicioso desayuno.<\/li>\n<li>Alto en prote\u00ednas, bajo en az\u00facar: para disfrutar sin sentirse culpable<\/li>\n<li>Textura suave y rica, ideal con avena, panqueques o directamente de la cuchara.<\/li>\n<\/ul>\n<p><\/p>\n<p>\n<strong>Oat Flakes<\/strong><\/p>\n<p>El aliado perfecto para un desayuno saludable y nutritivo, pensado para quienes quieren empezar bien el d\u00eda.<\/p>\n<ul>\n<li>Energ\u00eda instant\u00e1nea con carbohidratos complejos de liberaci\u00f3n lenta.<\/li>\n<li>Alto contenido en fibra y naturalmente saciante: excelente para la digesti\u00f3n y el bienestar.<\/li>\n<\/ul>\n<\/p>\n<p><strong>\u00bfPor qu\u00e9 elegir este paquete?<\/strong><\/p>\n<ul>\n<li>Alto contenido de prote\u00ednas para un apoyo muscular \u00f3ptimo.<\/li>\n<li>Carbohidratos de liberaci\u00f3n lenta para energ\u00eda duradera<\/li>\n<li>Sabores irresistibles para empezar el d\u00eda con una sonrisa<\/li>\n<li>Sin az\u00facares a\u00f1adidos, perfecto para cualquier estilo de vida saludable.<\/li>\n<\/ul>\n<p><\/p>\n<p>\n<strong>\u00bfC\u00f3mo disfrutarlo?<\/strong><\/p>\n<ul>\n<li>Mezcle los copos de avena con leche o yogur para obtener una papilla cremosa.<\/li>\n<li>Agregue una cucharada de Proti Cream para obtener m\u00e1s sabor y prote\u00ednas.<\/li>\n<li>Perfecto para panqueques, batidos y postres saludables.<\/li>\n<\/ul>\n<p><\/p>\n<p>Ya sea que prefieras una papilla caliente o una cobertura crujiente para tu yogur, \u00a1esta combinaci\u00f3n es la opci\u00f3n perfecta para un desayuno equilibrado y delicioso!<\/p>","protected":false},"excerpt":{"rendered":"<p>Pack Desayuno Energ\u00e9tico \u00a1Empieza el d\u00eda con el equilibrio perfecto de sabor, energ\u00eda y nutrici\u00f3n! El Pack Proti Cream &amp; Copos de Avena combina la irresistible cremosidad de Proti Cream con la bondad de los copos de avena para un desayuno que alimenta tu cuerpo y satisface tus antojos. Proti Cream La crema para untar que convierte cada bocado en un [...]<\/p>","protected":false},"featured_media":12175,"template":"","meta":[],"product_cat":[313,320,210],"product_tag":[316,321,223],"class_list":{"0":"post-12152","1":"product","2":"type-product","3":"status-publish","4":"has-post-thumbnail","6":"product_cat-protein-snacks-and-fit-food","7":"product_cat-self-bundles","8":"product_cat-snacks-meal-solutions","9":"product_tag-protein-snacks-fit-food","10":"product_tag-self-bundles","11":"product_tag-snacks-meal-solutions","13":"first","14":"instock","15":"taxable","16":"shipping-taxable","17":"purchasable","18":"product-type-variable"},"aioseo_notices":[],"_links":{"self":[{"href":"https:\/\/www.selfprotein.com\/es\/wp-json\/wp\/v2\/product\/12152"}],"collection":[{"href":"https:\/\/www.selfprotein.com\/es\/wp-json\/wp\/v2\/product"}],"about":[{"href":"https:\/\/www.selfprotein.com\/es\/wp-json\/wp\/v2\/types\/product"}],"wp:featuredmedia":[{"embeddable":true,"href":"https:\/\/www.selfprotein.com\/es\/wp-json\/wp\/v2\/media\/12175"}],"wp:attachment":[{"href":"https:\/\/www.selfprotein.com\/es\/wp-json\/wp\/v2\/media?parent=12152"}],"wp:term":[{"taxonomy":"product_cat","embeddable":true,"href":"https:\/\/www.selfprotein.com\/es\/wp-json\/wp\/v2\/product_cat?post=12152"},{"taxonomy":"product_tag","embeddable":true,"href":"https:\/\/www.selfprotein.com\/es\/wp-json\/wp\/v2\/product_tag?post=12152"}],"curies":[{"name":"wp","href":"https:\/\/api.w.org\/{rel}","templated":true}]}}