{"id":12534,"date":"2025-04-14T17:36:47","date_gmt":"2025-04-14T15:36:47","guid":{"rendered":"https:\/\/www.selfprotein.com\/?post_type=product&#038;p=12534"},"modified":"2026-04-01T16:49:05","modified_gmt":"2026-04-01T14:49:05","slug":"micro-whey-active","status":"publish","type":"product","link":"https:\/\/www.selfprotein.com\/es\/producto\/micro-whey-active\/","title":{"rendered":"Micro Whey Active"},"content":{"rendered":"<p><strong>Micro Whey Active<\/strong><\/p>\n<p>Micro Whey Active es un suplemento a base de aislado de prote\u00edna de suero (WPI), ideal para favorecer el desarrollo y el mantenimiento de la masa muscular. Gracias al proceso de microfiltraci\u00f3n, ofrece un alto contenido en prote\u00ednas con un aporte reducido de grasas e hidratos de carbono, por lo que es perfecto para quienes siguen un estilo de vida activo.<\/p>\n<p><strong>Principales ventajas:<\/strong><\/p>\n<ul>\n<li><strong>Alta concentraci\u00f3n de prote\u00ednas<\/strong>: las prote\u00ednas aisladas le ayudan a alcanzar su ingesta diaria de prote\u00ednas, contribuyendo a la s\u00edntesis y el mantenimiento muscular.<\/li>\n<li><strong>Con amino\u00e1cidos seleccionados<\/strong>f\u00f3rmula enriquecida con glicina, alanina y lisina, \u00fatiles para favorecer los procesos de recuperaci\u00f3n y la funci\u00f3n muscular.<\/li>\n<li><strong>R\u00e1pida absorci\u00f3n<\/strong>: la estructura soluble favorece una digesti\u00f3n r\u00e1pida y una asimilaci\u00f3n eficaz, ideal para despu\u00e9s del entrenamiento.<\/li>\n<li><strong>Uso vers\u00e1til<\/strong>se mezcla f\u00e1cilmente con agua, leche o bebidas vegetales, perfecto para batidos y recetas proteicas.<\/li>\n<li><strong>Satisface las necesidades de prote\u00ednas<\/strong>Una ingesta regular de aislados de prote\u00ednas puede contribuir a cubrir sus necesidades diarias de prote\u00ednas, favoreciendo la masa muscular y los objetivos de entrenamiento.<\/li>\n<\/ul>\n<p>&nbsp;<\/p>\n<p><strong>Uso recomendado<\/strong><\/p>\n<p>Toma <strong>1-3 raciones<\/strong> al d\u00eda, en funci\u00f3n de sus necesidades nutricionales y teniendo en cuenta la aportaci\u00f3n de otras fuentes de prote\u00ednas en su dieta diaria.<\/p>\n<p><strong>Aviso<\/strong><\/p>\n<ul>\n<li>Producto destinado a adultos.<\/li>\n<li>No sustituye a una dieta equilibrada y un estilo de vida saludable.<\/li>\n<li>No superar la dosis diaria recomendada.<\/li>\n<li>No utilizar durante el embarazo o la lactancia sin consultar al m\u00e9dico.<\/li>\n<li>Conservar en lugar fresco y seco, fuera del alcance de los ni\u00f1os menores de 3 a\u00f1os.<\/li>\n<li>Puede contener trazas de avena, huevos y soja.<\/li>\n<li><strong>Sin gluten<\/strong>.<\/li>\n<\/ul>","protected":false},"excerpt":{"rendered":"<p>Micro Whey Active Micro Whey Active es un suplemento a base de aislado de prote\u00edna de suero (WPI), ideal para favorecer el desarrollo y el mantenimiento de la masa muscular. Gracias al proceso de microfiltraci\u00f3n, ofrece un alto contenido en prote\u00ednas con un aporte reducido de grasas e hidratos de carbono, por lo que es perfecto para quienes siguen un estilo de vida activo. Principales [...]<\/p>","protected":false},"featured_media":12553,"template":"","meta":[],"product_cat":[158,308],"product_tag":[18,318],"class_list":{"0":"post-12534","1":"product","2":"type-product","3":"status-publish","4":"has-post-thumbnail","6":"product_cat-proteins","7":"product_cat-strength-and-muscle-mass","8":"product_tag-proteins","9":"product_tag-strength-and-muscle-mass","11":"first","12":"instock","13":"sale","14":"taxable","15":"shipping-taxable","16":"purchasable","17":"product-type-variable"},"aioseo_notices":[],"_links":{"self":[{"href":"https:\/\/www.selfprotein.com\/es\/wp-json\/wp\/v2\/product\/12534"}],"collection":[{"href":"https:\/\/www.selfprotein.com\/es\/wp-json\/wp\/v2\/product"}],"about":[{"href":"https:\/\/www.selfprotein.com\/es\/wp-json\/wp\/v2\/types\/product"}],"wp:featuredmedia":[{"embeddable":true,"href":"https:\/\/www.selfprotein.com\/es\/wp-json\/wp\/v2\/media\/12553"}],"wp:attachment":[{"href":"https:\/\/www.selfprotein.com\/es\/wp-json\/wp\/v2\/media?parent=12534"}],"wp:term":[{"taxonomy":"product_cat","embeddable":true,"href":"https:\/\/www.selfprotein.com\/es\/wp-json\/wp\/v2\/product_cat?post=12534"},{"taxonomy":"product_tag","embeddable":true,"href":"https:\/\/www.selfprotein.com\/es\/wp-json\/wp\/v2\/product_tag?post=12534"}],"curies":[{"name":"wp","href":"https:\/\/api.w.org\/{rel}","templated":true}]}}